{"id":741912,"date":"2025-08-28T00:59:48","date_gmt":"2025-08-27T21:59:48","guid":{"rendered":"https:\/\/roveyayinevi.com.tr\/index.php\/urun\/inisiyasyon-ayinler-gizli-cemiyetler\/"},"modified":"2026-04-16T02:53:13","modified_gmt":"2026-04-15T23:53:13","slug":"inisiyasyon-ayinler-gizli-cemiyetler","status":"publish","type":"product","link":"https:\/\/roveyayinevi.com.tr\/index.php\/urun\/inisiyasyon-ayinler-gizli-cemiyetler\/","title":{"rendered":"\u0130nisiyasyon, Ayinler, Gizli Cemiyetler"},"content":{"rendered":"<p>\u0130nisiyasyon kavram\u0131 bireyin geli\u015fimi i\u00e7in, do\u011fa\u00fcst\u00fc varl\u0131klardan ruhsal tesir\u2019i al\u0131p aktarabilen bir \u00fcstad\u0131n s\u00fcrekli kontrol\u00fc alt\u0131nda, bir d\u00fczen ve disiplin i\u00e7inde, s\u0131navlara dayal\u0131 tarzda, y\u00f6ntemli bir e\u011fitim \u015fekli olarak tan\u0131mlan\u0131r. \u0130nisiyasyon Latince \u201cbir yere girme, i\u015ftirak etme, kabul edilme, ba\u015flama\u201d anlam\u0131ndaki \u201cinitium\u201d s\u00f6zc\u00fc\u011f\u00fcnden gelir. \u0130nisiyasyon ile genellikle inisiye olacak \u00f6znenin dinsel ve sosyal stat\u00fcs\u00fcn\u00fc k\u00f6kten de\u011fi\u015ftirmeyi ama\u00e7layan s\u00f6zl\u00fc \u00f6\u011freti ve \u00e2yinlerin t\u00fcm\u00fc anla\u015f\u0131l\u0131r. Felsefi terimle s\u00f6ylenecek olursa, inisiyasyon varolu\u015fsal d\u00fczenin ontolojik bir d\u00f6n\u00fc\u015f\u00fcm\u00fcne denk gelir. Bu s\u0131navlar\u0131n sonunda inisiyasyona aday ki\u015fi, \u00f6nceki durumuna g\u00f6re bamba\u015fka bir varolu\u015fa sahip olur. Bu sayede o, yeti\u015fkinlerin kurumlar\u0131n\u0131, tekniklerini, davran\u0131\u015flar\u0131n\u0131, ayr\u0131ca kabilenin kutsal mitlerini ve geleneklerini, tanr\u0131lar\u0131n ad\u0131n\u0131 ve bunlar\u0131n eserlerinin hik\u00e2yesini, \u00f6zellikle de zaman\u0131n k\u00f6keninde kuruldu\u011fu \u015fekliyle kabile ile do\u011fa\u00fcst\u00fc Varl\u0131klar\u0131n kutsal mitlerini ve geleneklerini \u00f6\u011frenir.   Farkl\u0131 inisiyasyon t\u00fcrlerini a\u00e7\u0131\u011fa \u00e7\u0131karmak i\u00e7in Mircea Eliade s\u0131ras\u0131yla geleneksel toplumlarda erinlik \u00e2yinlerini, gizli cemiyetlere giri\u015f t\u00f6renlerini, asker\u00ee ve \u015famanik inisiyasyonlar\u0131n\u0131, YunanDo\u011fu gizemlerini, H\u0131ristiyan Avrupa\u2019da inisiyatik motiflerin kal\u0131nt\u0131lar\u0131n\u0131 ve son olarak da baz\u0131 inisiyatik motifler ile edeb\u00ee temalar aras\u0131ndaki ili\u015fkiyi ele al\u0131r.   <\/p>\n","protected":false},"excerpt":{"rendered":"<p>\u0130nisiyasyon kavram\u0131 bireyin geli\u015fimi i\u00e7in, do\u011fa\u00fcst\u00fc varl\u0131klardan ruhsal tesir\u2019i al\u0131p aktarabilen bir \u00fcstad\u0131n s\u00fcrekli kontrol\u00fc alt\u0131nda, bir d\u00fczen ve disiplin i\u00e7inde, s\u0131navlara dayal\u0131 tarzda, y\u00f6ntemli bir<span class=\"excerpt-hellip\"> [\u2026]<\/span><\/p>\n","protected":false},"featured_media":0,"template":"","meta":{"_monsterinsights_skip_tracking":false,"_monsterinsights_sitenote_active":false,"_monsterinsights_sitenote_note":"","_monsterinsights_sitenote_category":0},"product_brand":[],"product_cat":[12389,12388],"product_tag":[],"class_list":{"0":"post-741912","1":"product","2":"type-product","3":"status-publish","5":"product_cat-diger-felsefe","6":"product_cat-felsefe","7":"pa_cilt-ciltsiz","8":"pa_tur-kitap","9":"pa_yayinevi-dogu-bati-yayinlari","10":"pa_yazar-mircea-eliade","12":"first","13":"instock","14":"sale","15":"shipping-taxable","16":"purchasable","17":"product-type-simple"},"_links":{"self":[{"href":"https:\/\/roveyayinevi.com.tr\/index.php\/wp-json\/wp\/v2\/product\/741912","targetHints":{"allow":["GET"]}}],"collection":[{"href":"https:\/\/roveyayinevi.com.tr\/index.php\/wp-json\/wp\/v2\/product"}],"about":[{"href":"https:\/\/roveyayinevi.com.tr\/index.php\/wp-json\/wp\/v2\/types\/product"}],"wp:attachment":[{"href":"https:\/\/roveyayinevi.com.tr\/index.php\/wp-json\/wp\/v2\/media?parent=741912"}],"wp:term":[{"taxonomy":"product_brand","embeddable":true,"href":"https:\/\/roveyayinevi.com.tr\/index.php\/wp-json\/wp\/v2\/product_brand?post=741912"},{"taxonomy":"product_cat","embeddable":true,"href":"https:\/\/roveyayinevi.com.tr\/index.php\/wp-json\/wp\/v2\/product_cat?post=741912"},{"taxonomy":"product_tag","embeddable":true,"href":"https:\/\/roveyayinevi.com.tr\/index.php\/wp-json\/wp\/v2\/product_tag?post=741912"}],"curies":[{"name":"wp","href":"https:\/\/api.w.org\/{rel}","templated":true}]}}