{"id":741910,"date":"2025-08-28T00:59:45","date_gmt":"2025-08-27T21:59:45","guid":{"rendered":"https:\/\/roveyayinevi.com.tr\/index.php\/urun\/5-kan\/"},"modified":"2026-04-16T02:53:13","modified_gmt":"2026-04-15T23:53:13","slug":"5-kan","status":"publish","type":"product","link":"https:\/\/roveyayinevi.com.tr\/index.php\/urun\/5-kan\/","title":{"rendered":"5. Kan"},"content":{"rendered":"<p>5. Kan, okurlar\u0131 tek solukta okunacak, aksiyonu bol bir maceraya davet ediyor.   Sadece bir a\u015f\u0131yla d\u00fcnyay\u0131 hastal\u0131klardan kurtaraca\u011f\u0131n\u0131 s\u00f6yleyen Dr. Kraeuter herkesin dikkatini \u00e7ekmi\u015ftir. E\u015fsiz bir kongre d\u00fczenler ve ilk a\u015f\u0131lar i\u00e7in g\u00f6n\u00fcll\u00fc olan y\u00fcz ki\u015fiyle gazetecilerin \u00f6n\u00fcnde b\u00fcy\u00fck bir felaket ya\u015fan\u0131r. A\u015f\u0131lanan herkes \u00f6lmektedir. Bir anda mucizevi cankurtarandan katliamc\u0131ya d\u00f6n\u00fc\u015fen doktor da son nefesini su\u00e7lulukla verir. Ard\u0131nda kalan evlatl\u0131\u011f\u0131 Saniye, evlatl\u0131\u011f\u0131n\u0131n e\u015fi Max, asistan\u0131 Yavuz hem su\u00e7lamalardan ka\u00e7mak hem de ger\u00e7ekleri ortaya \u00e7\u0131karmak zorundad\u0131r. K\u0131sa olaca\u011f\u0131n\u0131 d\u00fc\u015f\u00fcnd\u00fckleri yolculuk giderek zorla\u015f\u0131r, uzar ve etraflar\u0131 kim olduklar\u0131n\u0131 bilmedikleri d\u00fc\u015fmanlarla \u00e7evrilir. Herkes ayn\u0131 \u015feyin pe\u015findedir: Be\u015finci kan\u0131n form\u00fcl\u00fc. Her gittikleri yere felaket de onlarla birlikte gelir. Yollar\u0131 Midilli\u2019den \u0130talya\u2019ya, \u0130ngiltere\u2019den \u0130srail\u2019e, Hindistan\u2019dan T\u00fcrkiye\u2019ye uzan\u0131r. Uzun y\u0131llard\u0131r kan grubu diyetini uygulayan Nursel K\u00f6se\u2019den tek solukta okunacak, aksiyonu bol bir roman. Heyecanl\u0131, polisiye dozu tam ayar\u0131nda ve maceraseverlerin elinden b\u0131rakamayaca\u011f\u0131 bir kitap.   <\/p>\n","protected":false},"excerpt":{"rendered":"<p>5. Kan, okurlar\u0131 tek solukta okunacak, aksiyonu bol bir maceraya davet ediyor. Sadece bir a\u015f\u0131yla d\u00fcnyay\u0131 hastal\u0131klardan kurtaraca\u011f\u0131n\u0131 s\u00f6yleyen Dr. Kraeuter herkesin dikkatini \u00e7ekmi\u015ftir. E\u015fsiz bir<span class=\"excerpt-hellip\"> [\u2026]<\/span><\/p>\n","protected":false},"featured_media":0,"template":"","meta":{"_monsterinsights_skip_tracking":false,"_monsterinsights_sitenote_active":false,"_monsterinsights_sitenote_note":"","_monsterinsights_sitenote_category":0},"product_brand":[],"product_cat":[12291,12711],"product_tag":[],"class_list":{"0":"post-741910","1":"product","2":"type-product","3":"status-publish","5":"product_cat-edebiyat","6":"product_cat-roman-oyku","7":"pa_cilt-ciltsiz","8":"pa_tur-kitap","9":"pa_yayinevi-nemesis-kitap","10":"pa_yazar-nursel-kose","12":"first","13":"instock","14":"sale","15":"shipping-taxable","16":"purchasable","17":"product-type-simple"},"_links":{"self":[{"href":"https:\/\/roveyayinevi.com.tr\/index.php\/wp-json\/wp\/v2\/product\/741910","targetHints":{"allow":["GET"]}}],"collection":[{"href":"https:\/\/roveyayinevi.com.tr\/index.php\/wp-json\/wp\/v2\/product"}],"about":[{"href":"https:\/\/roveyayinevi.com.tr\/index.php\/wp-json\/wp\/v2\/types\/product"}],"wp:attachment":[{"href":"https:\/\/roveyayinevi.com.tr\/index.php\/wp-json\/wp\/v2\/media?parent=741910"}],"wp:term":[{"taxonomy":"product_brand","embeddable":true,"href":"https:\/\/roveyayinevi.com.tr\/index.php\/wp-json\/wp\/v2\/product_brand?post=741910"},{"taxonomy":"product_cat","embeddable":true,"href":"https:\/\/roveyayinevi.com.tr\/index.php\/wp-json\/wp\/v2\/product_cat?post=741910"},{"taxonomy":"product_tag","embeddable":true,"href":"https:\/\/roveyayinevi.com.tr\/index.php\/wp-json\/wp\/v2\/product_tag?post=741910"}],"curies":[{"name":"wp","href":"https:\/\/api.w.org\/{rel}","templated":true}]}}