{"id":741909,"date":"2025-08-28T00:59:43","date_gmt":"2025-08-27T21:59:43","guid":{"rendered":"https:\/\/roveyayinevi.com.tr\/index.php\/urun\/iyi-kiz-karmasasi\/"},"modified":"2026-04-16T02:53:13","modified_gmt":"2026-04-15T23:53:13","slug":"iyi-kiz-karmasasi","status":"publish","type":"product","link":"https:\/\/roveyayinevi.com.tr\/index.php\/urun\/iyi-kiz-karmasasi\/","title":{"rendered":"\u0130yi K\u0131z Karma\u015fas\u0131"},"content":{"rendered":"<p>Mackenzie Cabot do\u011fdu\u011fu g\u00fcnden bu yana hayat\u0131n\u0131 ba\u015fkalar\u0131 i\u00e7in ya\u015fam\u0131\u015ft\u0131r. Fakat uymak zorunda kald\u0131\u011f\u0131 kurallar can\u0131na tak eder. \u00dcniversite diplomas\u0131 almaya \u00f6ncelik veren gen\u00e7 k\u0131z\u0131n yolu, bir sahil kasabas\u0131 olan Avalon K\u00f6rfezi\u2019ne d\u00fc\u015fer. Mackenzie vah\u015fi i\u00e7g\u00fcd\u00fclerini bast\u0131rmak i\u00e7in elinden geleni yapsa da kasaban\u0131n k\u00f6t\u00fc \u00e7ocu\u011fu Cooper Hartley\u2019le tan\u0131\u015f\u0131nca zorlu bir s\u0131navdan ge\u00e7er. Olduk\u00e7a sert ve dobra biri olan Cooper, gen\u00e7 k\u0131z i\u00e7in b\u00fcy\u00fck bir tehdittir. \u00c7\u00fcnk\u00fc aralar\u0131ndaki ili\u015fki, k\u0131sa s\u00fcre i\u00e7inde Mackenzie\u2019nin hayat\u0131ndaki en ger\u00e7ek \u015feye d\u00f6n\u00fc\u015f\u00fcr. Cooper kasabay\u0131 ele ge\u00e7iren zenginlerden nefret etse de Mackenzie\u2019yi tan\u0131d\u0131k\u00e7a ona \u00e2\u015f\u0131k olmaya ba\u015flar. Ancak gen\u00e7 k\u0131z, Cooper\u2019\u0131n ondan saklad\u0131\u011f\u0131 \u00e7ok \u00f6nemli bir s\u0131rr\u0131 ke\u015ffeder. Peki bu s\u0131r, Mackenzie\u2019yi hayat\u0131 boyunca evinde gibi hissetti\u011fi tek yerden vazge\u00e7mek zorunda m\u0131 b\u0131rakacakt\u0131r?<\/p>\n","protected":false},"excerpt":{"rendered":"<p>Mackenzie Cabot do\u011fdu\u011fu g\u00fcnden bu yana hayat\u0131n\u0131 ba\u015fkalar\u0131 i\u00e7in ya\u015fam\u0131\u015ft\u0131r. Fakat uymak zorunda kald\u0131\u011f\u0131 kurallar can\u0131na tak eder. \u00dcniversite diplomas\u0131 almaya \u00f6ncelik veren gen\u00e7 k\u0131z\u0131n yolu,<span class=\"excerpt-hellip\"> [\u2026]<\/span><\/p>\n","protected":false},"featured_media":0,"template":"","meta":{"_monsterinsights_skip_tracking":false,"_monsterinsights_sitenote_active":false,"_monsterinsights_sitenote_note":"","_monsterinsights_sitenote_category":0},"product_brand":[],"product_cat":[12291,12711],"product_tag":[],"class_list":{"0":"post-741909","1":"product","2":"type-product","3":"status-publish","5":"product_cat-edebiyat","6":"product_cat-roman-oyku","7":"pa_cilt-ciltsiz","8":"pa_tur-kitap","9":"pa_yayinevi-nemesis-kitap","10":"pa_yazar-elle-kennedy","12":"first","13":"instock","14":"sale","15":"shipping-taxable","16":"purchasable","17":"product-type-simple"},"_links":{"self":[{"href":"https:\/\/roveyayinevi.com.tr\/index.php\/wp-json\/wp\/v2\/product\/741909","targetHints":{"allow":["GET"]}}],"collection":[{"href":"https:\/\/roveyayinevi.com.tr\/index.php\/wp-json\/wp\/v2\/product"}],"about":[{"href":"https:\/\/roveyayinevi.com.tr\/index.php\/wp-json\/wp\/v2\/types\/product"}],"wp:attachment":[{"href":"https:\/\/roveyayinevi.com.tr\/index.php\/wp-json\/wp\/v2\/media?parent=741909"}],"wp:term":[{"taxonomy":"product_brand","embeddable":true,"href":"https:\/\/roveyayinevi.com.tr\/index.php\/wp-json\/wp\/v2\/product_brand?post=741909"},{"taxonomy":"product_cat","embeddable":true,"href":"https:\/\/roveyayinevi.com.tr\/index.php\/wp-json\/wp\/v2\/product_cat?post=741909"},{"taxonomy":"product_tag","embeddable":true,"href":"https:\/\/roveyayinevi.com.tr\/index.php\/wp-json\/wp\/v2\/product_tag?post=741909"}],"curies":[{"name":"wp","href":"https:\/\/api.w.org\/{rel}","templated":true}]}}