{"id":741908,"date":"2025-08-28T00:59:42","date_gmt":"2025-08-27T21:59:42","guid":{"rendered":"https:\/\/roveyayinevi.com.tr\/index.php\/urun\/salgin-iklim-toplum\/"},"modified":"2026-04-16T02:53:13","modified_gmt":"2026-04-15T23:53:13","slug":"salgin-iklim-toplum","status":"publish","type":"product","link":"https:\/\/roveyayinevi.com.tr\/index.php\/urun\/salgin-iklim-toplum\/","title":{"rendered":"Salg\u0131n, \u0130klim, Toplum"},"content":{"rendered":"<p>\u0130\u00c7ER\u0130K TANITIMI: K\u00fc\u00e7\u00fcc\u00fck bir vir\u00fcs\u00fcn kibir, g\u00f6steri\u015f dolu, her \u015feye kadir ve muktedir oldu\u011fu d\u00fc\u015f\u00fcn\u00fclen kapitalist d\u00fcnyam\u0131z\u0131 fos \u00e7\u0131kar\u0131\u015f\u0131n\u0131 izlerken s\u00fcrekli bundan bir\u015feyler \u00f6\u011frenmeliyiz demi\u015ftik. Bug\u00fcn sormal\u0131y\u0131z: \u00d6\u011frenebildik mi? Ne \u00f6\u011frendik?   \u0130stanbul Politikalar Merkezi COV\u0130D-19 salg\u0131n\u0131n\u0131n ba\u015flad\u0131\u011f\u0131 2020 ba\u015f\u0131ndan g\u00fcn\u00fcm\u00fcze, web \u00fczerinde, salg\u0131n ko\u015fullar\u0131nda d\u00fcnyan\u0131n, toplumlar\u0131n ve bireylerin durumunun de\u011ferlendirildi\u011fi \u00e7ok say\u0131da panel d\u00fczenledi. Bu panellerden haz\u0131rlanan Salg\u0131n, \u0130klim, Toplum\u2019da ilk g\u00fcnlerden ba\u015flayarak salg\u0131n\u0131n d\u00fcnyadaki ve \u00f6zellikle Avrupa Birli\u011fi ve T\u00fcrkiye\u2019deki ekonomik ve sosyal etkileri, ola\u011fan\u00fcst\u00fc kriz ko\u015fullar\u0131 alt\u0131nda insan davran\u0131\u015flar\u0131, salg\u0131n ile iklim krizinin birlikte ilerleyi\u015fi, devletlerin ve uluslararas\u0131 kurumlar\u0131n salg\u0131n\u0131 y\u00f6netmedeki ba\u015far\u0131 ve ba\u015far\u0131s\u0131zl\u0131klar\u0131, a\u015f\u0131lama, komplo teorileri, salg\u0131n\u0131n ekonomi politi\u011fi, g\u00f6\u00e7menler ve i\u015fsizler, salg\u0131n ko\u015fullar\u0131nda sosyal g\u00fcvenli\u011fin, e\u015fitlik, adalet ve temel \u00f6zg\u00fcrl\u00fcklerin durumu, b\u00fct\u00fcn d\u00fcnyada dijitalle\u015fmenin art\u0131\u015f\u0131 ve i\u015f s\u00fcre\u00e7lerindeki de\u011fi\u015fim ve T\u00fcrkiye ba\u011flam\u0131nda din ile siyaset aras\u0131ndaki ili\u015fki tart\u0131\u015f\u0131l\u0131yor.   \u00c7o\u011fu kat\u0131l\u0131mc\u0131, ya\u015fad\u0131\u011f\u0131m\u0131z bu s\u0131rad\u0131\u015f\u0131 deneyimden \u00f6\u011frenebilece\u011fimiz \u00e7ok \u015fey oldu\u011funu, gelecekteki salg\u0131nlarla ve gittik\u00e7e derinle\u015fen iklim de\u011fi\u015fikli\u011finin getirece\u011fi ekolojik krizlerle ba\u015fa \u00e7\u0131kabilmek i\u00e7in bu deneyimimizi adaletli ve e\u015fitlik\u00e7i bir d\u00fcnya d\u00fczenine do\u011fru seferber etmemiz gerekti\u011fini d\u00fc\u015f\u00fcn\u00fcyor.   A\u015f\u0131n\u0131n bulunu\u015fuyla ve uygulanmas\u0131yla salg\u0131n\u0131 geride b\u0131rakabilece\u011fimiz bir e\u015fikte yay\u0131ml\u0131yoruz bu kitab\u0131. Bizim i\u00e7in son iki y\u0131l\u0131n b\u00fcy\u00fck ba\u015far\u0131s\u0131 bilime, d\u00fcnyan\u0131n d\u00f6rt bir yan\u0131ndaki doktorlara, sa\u011fl\u0131k emek\u00e7ilerine ve biliminsanlar\u0131na aittir.    HAZIRLAYAN HAKKINDA: \u0130stanbul \u00dcniversitesi Siyasal Bilgiler Fak\u00fcltesi Uluslararas\u0131 \u0130li\u015fkiler mezunu olan Ay\u015fe K\u00f6se Badur \u0130stanbul Politikalar Merkezi\u2019nde (\u0130PM) Kentle\u015fme ve Yerel Y\u00f6neti\u015fim Koordinat\u00f6rl\u00fc\u011f\u00fc g\u00f6revini y\u00fcr\u00fctmektedir. Doktora \u00e7al\u0131\u015fmas\u0131n\u0131 ge\u00e7 Osmanl\u0131 ve erken Cumhuriyet d\u00f6nemleri \u00fczerine tamamlam\u0131\u015ft\u0131r. Bo\u011fazi\u00e7i \u00dcniversitesi\u2019nde yar\u0131zamanl\u0131 \u00f6\u011fretim g\u00f6revlisidir. Yay\u0131mlanm\u0131\u015f kitaplar\u0131 aras\u0131nda \u00c7a\u011flar Keyder, E. Fuat Keyman ve F\u0131rat Gen\u00e7 ile Kentlerin T\u00fcrkiyesi: \u0130mk\u00e2nlar, S\u0131n\u0131rlar ve \u00c7at\u0131\u015fmalar (2020), E. Fuat Keyman ile K\u00fcrt Sorunu: Yerel Dinamikler ve \u00c7at\u0131\u015fma \u00c7\u00f6z\u00fcm\u00fc (2019) ve kendisinin haz\u0131rlad\u0131\u011f\u0131 68\u2019in Kad\u0131nlar\u0131 (2010) isimli kitab\u0131 yer almaktad\u0131r. Ay\u015fe K\u00f6se Badur ayn\u0131 zamanda bir A\u00e7\u0131k Radyo programc\u0131s\u0131d\u0131r. <\/p>\n","protected":false},"excerpt":{"rendered":"<p>\u0130\u00c7ER\u0130K TANITIMI: K\u00fc\u00e7\u00fcc\u00fck bir vir\u00fcs\u00fcn kibir, g\u00f6steri\u015f dolu, her \u015feye kadir ve muktedir oldu\u011fu d\u00fc\u015f\u00fcn\u00fclen kapitalist d\u00fcnyam\u0131z\u0131 fos \u00e7\u0131kar\u0131\u015f\u0131n\u0131 izlerken s\u00fcrekli bundan bir\u015feyler \u00f6\u011frenmeliyiz demi\u015ftik. Bug\u00fcn<span class=\"excerpt-hellip\"> [\u2026]<\/span><\/p>\n","protected":false},"featured_media":0,"template":"","meta":{"_monsterinsights_skip_tracking":false,"_monsterinsights_sitenote_active":false,"_monsterinsights_sitenote_note":"","_monsterinsights_sitenote_category":0},"product_brand":[],"product_cat":[12325,12324],"product_tag":[],"class_list":{"0":"post-741908","1":"product","2":"type-product","3":"status-publish","5":"product_cat-diger-sosyoloji","6":"product_cat-sosyoloji","7":"pa_cilt-ciltsiz","8":"pa_tur-kitap","9":"pa_yayinevi-metis-yayinlari","10":"pa_yazar-metis-yayinlari-kolektif","12":"first","13":"instock","14":"sale","15":"shipping-taxable","16":"purchasable","17":"product-type-simple"},"_links":{"self":[{"href":"https:\/\/roveyayinevi.com.tr\/index.php\/wp-json\/wp\/v2\/product\/741908","targetHints":{"allow":["GET"]}}],"collection":[{"href":"https:\/\/roveyayinevi.com.tr\/index.php\/wp-json\/wp\/v2\/product"}],"about":[{"href":"https:\/\/roveyayinevi.com.tr\/index.php\/wp-json\/wp\/v2\/types\/product"}],"wp:attachment":[{"href":"https:\/\/roveyayinevi.com.tr\/index.php\/wp-json\/wp\/v2\/media?parent=741908"}],"wp:term":[{"taxonomy":"product_brand","embeddable":true,"href":"https:\/\/roveyayinevi.com.tr\/index.php\/wp-json\/wp\/v2\/product_brand?post=741908"},{"taxonomy":"product_cat","embeddable":true,"href":"https:\/\/roveyayinevi.com.tr\/index.php\/wp-json\/wp\/v2\/product_cat?post=741908"},{"taxonomy":"product_tag","embeddable":true,"href":"https:\/\/roveyayinevi.com.tr\/index.php\/wp-json\/wp\/v2\/product_tag?post=741908"}],"curies":[{"name":"wp","href":"https:\/\/api.w.org\/{rel}","templated":true}]}}