{"id":741907,"date":"2025-08-28T00:59:41","date_gmt":"2025-08-27T21:59:41","guid":{"rendered":"https:\/\/roveyayinevi.com.tr\/index.php\/urun\/gecti-ruzgarin-mevsimi\/"},"modified":"2026-04-16T02:53:13","modified_gmt":"2026-04-15T23:53:13","slug":"gecti-ruzgarin-mevsimi","status":"publish","type":"product","link":"https:\/\/roveyayinevi.com.tr\/index.php\/urun\/gecti-ruzgarin-mevsimi\/","title":{"rendered":"Ge\u00e7ti R\u00fczgar\u0131n Mevsimi"},"content":{"rendered":"<p>G\u00fcnlerdir her soka\u011f\u0131n\u0131 ad\u0131m ad\u0131m geziyor, her binas\u0131n\u0131 uzun uzun seyredip kald\u0131r\u0131mlar\u0131nda oturuyorum. S\u0131\u011f\u0131nmad\u0131\u011f\u0131m g\u00f6lge, kald\u0131r\u0131p alt\u0131na bakmad\u0131\u011f\u0131m ta\u015f kalmad\u0131. Arad\u0131\u011f\u0131m her neyse bulamad\u0131m h\u00e2l\u00e2, kaybetti\u011fimin ne oldu\u011funu da an\u0131msam\u0131yorum. Anal\u0131\u011f\u0131m\u0131n evinin arkas\u0131ndaki tepeler, onun arkas\u0131ndaki ova ve daha \u00f6tesindeki da\u011flar binalarla dolmu\u015f. \u0130nsanlar insanlar insanlar&#8230;Yerdeki kar\u0131ncalara bak\u0131p bak\u0131p saysam say\u0131ya gelmezler derdim k\u00fc\u00e7\u00fckken, \u015fimdi de insan kalabal\u0131\u011f\u0131n\u0131 hesaplaman\u0131n bir yolu var m\u0131d\u0131r diye soruyorum kendime.          <\/p>\n","protected":false},"excerpt":{"rendered":"<p>G\u00fcnlerdir her soka\u011f\u0131n\u0131 ad\u0131m ad\u0131m geziyor, her binas\u0131n\u0131 uzun uzun seyredip kald\u0131r\u0131mlar\u0131nda oturuyorum. S\u0131\u011f\u0131nmad\u0131\u011f\u0131m g\u00f6lge, kald\u0131r\u0131p alt\u0131na bakmad\u0131\u011f\u0131m ta\u015f kalmad\u0131. Arad\u0131\u011f\u0131m her neyse bulamad\u0131m h\u00e2l\u00e2, kaybetti\u011fimin<span class=\"excerpt-hellip\"> [\u2026]<\/span><\/p>\n","protected":false},"featured_media":0,"template":"","meta":{"_monsterinsights_skip_tracking":false,"_monsterinsights_sitenote_active":false,"_monsterinsights_sitenote_note":"","_monsterinsights_sitenote_category":0},"product_brand":[],"product_cat":[12291,12711],"product_tag":[],"class_list":{"0":"post-741907","1":"product","2":"type-product","3":"status-publish","5":"product_cat-edebiyat","6":"product_cat-roman-oyku","7":"pa_cilt-ciltsiz","8":"pa_tur-kitap","9":"pa_yayinevi-nika-yayinevi","10":"pa_yazar-selami-karabulut","12":"first","13":"instock","14":"sale","15":"shipping-taxable","16":"purchasable","17":"product-type-simple"},"_links":{"self":[{"href":"https:\/\/roveyayinevi.com.tr\/index.php\/wp-json\/wp\/v2\/product\/741907","targetHints":{"allow":["GET"]}}],"collection":[{"href":"https:\/\/roveyayinevi.com.tr\/index.php\/wp-json\/wp\/v2\/product"}],"about":[{"href":"https:\/\/roveyayinevi.com.tr\/index.php\/wp-json\/wp\/v2\/types\/product"}],"wp:attachment":[{"href":"https:\/\/roveyayinevi.com.tr\/index.php\/wp-json\/wp\/v2\/media?parent=741907"}],"wp:term":[{"taxonomy":"product_brand","embeddable":true,"href":"https:\/\/roveyayinevi.com.tr\/index.php\/wp-json\/wp\/v2\/product_brand?post=741907"},{"taxonomy":"product_cat","embeddable":true,"href":"https:\/\/roveyayinevi.com.tr\/index.php\/wp-json\/wp\/v2\/product_cat?post=741907"},{"taxonomy":"product_tag","embeddable":true,"href":"https:\/\/roveyayinevi.com.tr\/index.php\/wp-json\/wp\/v2\/product_tag?post=741907"}],"curies":[{"name":"wp","href":"https:\/\/api.w.org\/{rel}","templated":true}]}}