{"id":741903,"date":"2025-08-28T00:59:36","date_gmt":"2025-08-27T21:59:36","guid":{"rendered":"https:\/\/roveyayinevi.com.tr\/index.php\/urun\/diplomasi-cephesi\/"},"modified":"2026-04-16T02:53:13","modified_gmt":"2026-04-15T23:53:13","slug":"diplomasi-cephesi","status":"publish","type":"product","link":"https:\/\/roveyayinevi.com.tr\/index.php\/urun\/diplomasi-cephesi\/","title":{"rendered":"Diplomasi Cephesi"},"content":{"rendered":"<p>Bu kitapta, diplomat bir \u00e7iftin an\u0131lar\u0131 \u0131\u015f\u0131\u011f\u0131nda, hem 40\u2019ar y\u0131ll\u0131k g\u00f6revleri s\u0131ras\u0131nda T\u00fcrk d\u0131\u015f politikas\u0131n\u0131n ba\u015fl\u0131ca meseleleriyle ilgili \u00f6zl\u00fc arka plan bilgilerini hem de T\u00fcrk D\u0131\u015fi\u015fleri Bakanl\u0131\u011f\u0131\u2019n\u0131n 21. y\u00fczy\u0131la ge\u00e7erken ya\u015fad\u0131\u011f\u0131 de\u011fi\u015fimi bulacaks\u0131n\u0131z. Diplomat olman\u0131n \u0131\u015f\u0131lt\u0131l\u0131 y\u00f6nleri kadar, sorumluklular\u0131, zorluklar\u0131, ayr\u0131l\u0131klar\u0131 ve kavu\u015fmalar\u0131n\u0131n da hik\u00e2ye edildi\u011fi bu kitapta, T\u00fcrk d\u0131\u015f politikas\u0131n\u0131n artan sorunlar\u0131n\u0131 izleyebilmek m\u00fcmk\u00fcn. Diplomasi Cephesi, uluslararas\u0131 ili\u015fkilerle ve diplomasi mesle\u011fiyle ilgilenen okurlar\u0131n \u00f6tesinde, genelde d\u0131\u015far\u0131dan kapal\u0131 kutu gibi g\u00f6r\u00fcnen T\u00fcrk D\u0131\u015fi\u015fleri Bakanl\u0131\u011f\u0131\u2019n\u0131 merak edenler i\u00e7in i\u00e7tenlikle kaleme al\u0131nm\u0131\u015f bir kaynak&#8230;TUN\u00c7 \u00dc\u011eD\u00dcL: 1980 y\u0131l\u0131nda girdi\u011fi T.C. D\u0131\u015fi\u015fleri Bakanl\u0131\u011f\u0131\u2019nda ilk g\u00f6revi \u0130kili K\u00fclt\u00fcrel \u0130li\u015fkiler Genel M\u00fcd\u00fcrl\u00fc\u011f\u00fc\u2019nde \u00dc\u00e7\u00fcnc\u00fc Katiplik oldu. Yurtd\u0131\u015f\u0131 g\u00f6revinde \u00f6nce Paris B\u00fcy\u00fckel\u00e7ili\u011fi\u2019nde \u00fc\u00e7 y\u0131l, Filibe Ba\u015fkonsoloslu\u011fumuzda iki y\u0131l g\u00f6rev yapt\u0131. D\u0131\u015fi\u015fleri Bakanl\u0131\u011f\u0131 Balkanlar Dairesinde iki y\u0131ll\u0131k g\u00f6revinin ard\u0131ndan Br\u00fcksel\u2019de Avrupa Birli\u011fi Nezdinde T\u00fcrkiye Daimi Temsilcili\u011fi\u2019nde d\u00f6rt y\u0131l ba\u015fkatip ve m\u00fcste\u015far olarak \u00e7al\u0131\u015ft\u0131. Yine merkezde Balkanlar Dairesi \u015eube M\u00fcd\u00fcrl\u00fc\u011f\u00fc g\u00f6revini iki y\u0131l boyunca y\u00fcr\u00fctt\u00fc, daha sonra New York\u2019ta Birle\u015fmi\u015f Milletler Nezdinde T\u00fcrkiye Daimi Temsilcili\u011fi\u2019nde d\u00f6rt y\u0131l boyunca Birinci M\u00fcste\u015far olarak g\u00f6rev ald\u0131. Daha sonra D\u0131\u015fi\u015fleri Bakanl\u0131\u011f\u0131\u2019nda Balkanlar Dairesi Ba\u015fkanl\u0131\u011f\u0131 yapt\u0131, ard\u0131ndan el\u00e7i unvan\u0131yla Uluslararas\u0131 Siyasi Kurulu\u015flar Genel M\u00fcd\u00fcr Yard\u0131mc\u0131s\u0131 olarak g\u00f6revini s\u00fcrd\u00fcrd\u00fc. 2007-2010 y\u0131llar\u0131 aras\u0131nda Slovakya Cumhuriyeti nezdinde T.C. B\u00fcy\u00fckel\u00e7isi olmas\u0131n\u0131n ard\u0131ndan, 2010-2012 y\u0131llar\u0131nda Fas Krall\u0131\u011f\u0131 nezdinde \u00fclkemizi temsil etti. 2012-2016 y\u0131llar\u0131 aras\u0131nda ise D\u0131\u015fi\u015fleri Bakanl\u0131\u011f\u0131 Ara\u015ft\u0131rma ve G\u00fcvenlik \u0130\u015fleri Genel M\u00fcd\u00fcr\u00fc oldu. Bu d\u00f6nem i\u00e7inde, T\u00fcrkiye\u2019nin ABD ile birlikte e\u015fba\u015fkan oldu\u011fu Ter\u00f6rizmle M\u00fccadele K\u00fcresel Forumunda \u00fclkemiz ad\u0131na koordinat\u00f6rl\u00fck ve Uluslararas\u0131 Holokost Anma \u0130ttifak\u0131 T\u00fcrk Heyeti Ba\u015fkan\u0131 oldu. 2016\u2019dan 2021\u2019e dek ise Polonya Cumhuriyeti nezdinde B\u00fcy\u00fckel\u00e7i olarak \u00fclkemizi temsil etti. Temmuz 2021\u2019de emekli oldu. Frans\u0131zca ve \u0130ngilizce bilmektedir. <\/p>\n","protected":false},"excerpt":{"rendered":"<p>Bu kitapta, diplomat bir \u00e7iftin an\u0131lar\u0131 \u0131\u015f\u0131\u011f\u0131nda, hem 40\u2019ar y\u0131ll\u0131k g\u00f6revleri s\u0131ras\u0131nda T\u00fcrk d\u0131\u015f politikas\u0131n\u0131n ba\u015fl\u0131ca meseleleriyle ilgili \u00f6zl\u00fc arka plan bilgilerini hem de T\u00fcrk D\u0131\u015fi\u015fleri<span class=\"excerpt-hellip\"> [\u2026]<\/span><\/p>\n","protected":false},"featured_media":0,"template":"","meta":{"_monsterinsights_skip_tracking":false,"_monsterinsights_sitenote_active":false,"_monsterinsights_sitenote_note":"","_monsterinsights_sitenote_category":0},"product_brand":[],"product_cat":[13701,12291],"product_tag":[],"class_list":{"0":"post-741903","1":"product","2":"type-product","3":"status-publish","5":"product_cat-ani-mektup-gunluk","6":"product_cat-edebiyat","7":"pa_cilt-ciltsiz","8":"pa_tur-kitap","9":"pa_yayinevi-remzi-kitabevi","10":"pa_yazar-tunc-ugdul","12":"first","13":"instock","14":"sale","15":"shipping-taxable","16":"purchasable","17":"product-type-simple"},"_links":{"self":[{"href":"https:\/\/roveyayinevi.com.tr\/index.php\/wp-json\/wp\/v2\/product\/741903","targetHints":{"allow":["GET"]}}],"collection":[{"href":"https:\/\/roveyayinevi.com.tr\/index.php\/wp-json\/wp\/v2\/product"}],"about":[{"href":"https:\/\/roveyayinevi.com.tr\/index.php\/wp-json\/wp\/v2\/types\/product"}],"wp:attachment":[{"href":"https:\/\/roveyayinevi.com.tr\/index.php\/wp-json\/wp\/v2\/media?parent=741903"}],"wp:term":[{"taxonomy":"product_brand","embeddable":true,"href":"https:\/\/roveyayinevi.com.tr\/index.php\/wp-json\/wp\/v2\/product_brand?post=741903"},{"taxonomy":"product_cat","embeddable":true,"href":"https:\/\/roveyayinevi.com.tr\/index.php\/wp-json\/wp\/v2\/product_cat?post=741903"},{"taxonomy":"product_tag","embeddable":true,"href":"https:\/\/roveyayinevi.com.tr\/index.php\/wp-json\/wp\/v2\/product_tag?post=741903"}],"curies":[{"name":"wp","href":"https:\/\/api.w.org\/{rel}","templated":true}]}}