{"id":741902,"date":"2025-08-28T00:59:36","date_gmt":"2025-08-27T21:59:36","guid":{"rendered":"https:\/\/roveyayinevi.com.tr\/index.php\/urun\/sunniler-ve-siiler\/"},"modified":"2026-04-16T02:53:13","modified_gmt":"2026-04-15T23:53:13","slug":"sunniler-ve-siiler","status":"publish","type":"product","link":"https:\/\/roveyayinevi.com.tr\/index.php\/urun\/sunniler-ve-siiler\/","title":{"rendered":"S\u00fcnniler ve \u015eiiler"},"content":{"rendered":"<p>\u201cS\u00fcnnilerle \u015eiiler aras\u0131ndaki \u00e7at\u0131\u015fma, asla \u0130sl\u00e2m peygamberinin halefi etraf\u0131ndaki basit tart\u0131\u015fmadan ibaret olmam\u0131\u015ft\u0131r. Zira \u00e7ok ge\u00e7meden me\u015fru siyasi otoritenin do\u011fas\u0131na dair temel sorular g\u00fcndeme gelmi\u015ftir: M\u00fcsl\u00fcman devlet ba\u015fkan\u0131 hangi vas\u0131flara sahip olmal\u0131yd\u0131? S\u0131radan bir insan evlad\u0131 olabilir miydi, yoksa ilah\u00ee bir vas\u0131f m\u0131 ta\u015f\u0131mal\u0131yd\u0131? Nas\u0131l se\u00e7ilmeliydi ve bununla ba\u011flant\u0131l\u0131 olarak en me\u015fru siyasi rejim tipi neydi?\u201d S\u00fcnni-\u015eii ili\u015fkilerinin tarihi, nereden bak\u0131l\u0131rsa bak\u0131ls\u0131n bin y\u0131l\u0131 a\u015fk\u0131n s\u00fcredir devam eden kesintisiz bir \u00e7at\u0131\u015fman\u0131n hik\u00e2yesidir. Bu bitimsiz m\u00fccadele, Hz. Muhammed\u2019in halefi etraf\u0131ndaki anla\u015fmazl\u0131klardan do\u011fan kadim nefrete ba\u011flansa da, aradan ge\u00e7en y\u00fczy\u0131llar, mevcut ihtilaf\u0131n siyasi ba\u011flama g\u00f6re k\u00e2h canlan\u0131p k\u00e2h s\u00f6n\u00fcmlendi\u011fine i\u015faret eder. Bu ini\u015f \u00e7\u0131k\u0131\u015flar \u00e7o\u011fu zaman h\u00fckmeden ile h\u00fckmedilen gruplar\u0131n ihtiya\u00e7lar\u0131na g\u00f6re \u015fekillenirken, bazen siyasi elitlerin me\u015fruiyet kazanmas\u0131na yaram\u0131\u015f, bazen de isyanc\u0131lar\u0131n ba\u015fkald\u0131r\u0131s\u0131n\u0131n veya din adamlar\u0131n\u0131n n\u00fcfuz kazanma \u00e7abas\u0131n\u0131n arac\u0131 olmu\u015ftur. S\u00fcnniler ve \u015eiiler &#8211; Bir \u0130htilaf\u0131n Siyasi Tarihi bug\u00fcn h\u00e2l\u00e2 devam eden bu gerilimin tarihteki izini s\u00fcrerken, \u0130sl\u00e2m\u2019\u0131n iki b\u00fcy\u00fck mezhebi aras\u0131ndaki s\u00fcreklilik ve kopu\u015flar\u0131 da ara\u015ft\u0131r\u0131yor. Ortado\u011fu \u00fczerine \u00e7al\u0131\u015fmalar\u0131yla tan\u0131nan siyaset bilimci Laurence Lou\u00ebr, uluslararas\u0131 camiada ba\u015fvuru kayna\u011f\u0131 olarak kabul g\u00f6ren kitab\u0131nda Irak, Pakistan, Suudi Arabistan, \u0130ran, Yemen ve L\u00fcbnan gibi farkl\u0131 \u00fclkelerin kendilerine has siyasi ko\u015fullar\u0131n\u0131 ve toplumsal yap\u0131lar\u0131n\u0131 g\u00f6z ard\u0131 etmeden, serinkanl\u0131 bir Ortado\u011fu panoramas\u0131 ortaya koyuyor. <\/p>\n","protected":false},"excerpt":{"rendered":"<p>\u201cS\u00fcnnilerle \u015eiiler aras\u0131ndaki \u00e7at\u0131\u015fma, asla \u0130sl\u00e2m peygamberinin halefi etraf\u0131ndaki basit tart\u0131\u015fmadan ibaret olmam\u0131\u015ft\u0131r. Zira \u00e7ok ge\u00e7meden me\u015fru siyasi otoritenin do\u011fas\u0131na dair temel sorular g\u00fcndeme gelmi\u015ftir: M\u00fcsl\u00fcman<span class=\"excerpt-hellip\"> [\u2026]<\/span><\/p>\n","protected":false},"featured_media":0,"template":"","meta":{"_monsterinsights_skip_tracking":false,"_monsterinsights_sitenote_active":false,"_monsterinsights_sitenote_note":"","_monsterinsights_sitenote_category":0},"product_brand":[],"product_cat":[13059,12337],"product_tag":[],"class_list":{"0":"post-741902","1":"product","2":"type-product","3":"status-publish","5":"product_cat-diger-politika-siyaset","6":"product_cat-politika-siyaset","7":"pa_cilt-ciltsiz","8":"pa_tur-kitap","9":"pa_yayinevi-iletisim-yayinlari","10":"pa_yazar-laurence-louer","12":"first","13":"instock","14":"sale","15":"shipping-taxable","16":"purchasable","17":"product-type-simple"},"_links":{"self":[{"href":"https:\/\/roveyayinevi.com.tr\/index.php\/wp-json\/wp\/v2\/product\/741902","targetHints":{"allow":["GET"]}}],"collection":[{"href":"https:\/\/roveyayinevi.com.tr\/index.php\/wp-json\/wp\/v2\/product"}],"about":[{"href":"https:\/\/roveyayinevi.com.tr\/index.php\/wp-json\/wp\/v2\/types\/product"}],"wp:attachment":[{"href":"https:\/\/roveyayinevi.com.tr\/index.php\/wp-json\/wp\/v2\/media?parent=741902"}],"wp:term":[{"taxonomy":"product_brand","embeddable":true,"href":"https:\/\/roveyayinevi.com.tr\/index.php\/wp-json\/wp\/v2\/product_brand?post=741902"},{"taxonomy":"product_cat","embeddable":true,"href":"https:\/\/roveyayinevi.com.tr\/index.php\/wp-json\/wp\/v2\/product_cat?post=741902"},{"taxonomy":"product_tag","embeddable":true,"href":"https:\/\/roveyayinevi.com.tr\/index.php\/wp-json\/wp\/v2\/product_tag?post=741902"}],"curies":[{"name":"wp","href":"https:\/\/api.w.org\/{rel}","templated":true}]}}