{"id":741898,"date":"2025-08-28T00:59:29","date_gmt":"2025-08-27T21:59:29","guid":{"rendered":"https:\/\/roveyayinevi.com.tr\/index.php\/urun\/1984-24\/"},"modified":"2026-04-16T02:53:13","modified_gmt":"2026-04-15T23:53:13","slug":"1984-24","status":"publish","type":"product","link":"https:\/\/roveyayinevi.com.tr\/index.php\/urun\/1984-24\/","title":{"rendered":"1984"},"content":{"rendered":"<p>Parti\u2019nin resm\u00ee ideolojisine g\u00f6re ger\u00e7ekli\u011fin belirlenip kurguland\u0131\u011f\u0131 Hakikat Bakanl\u0131\u011f\u0131\u2019nda d\u00fc\u015f\u00fck r\u00fctbeli bir memur olarak \u00e7al\u0131\u015fan Winston Smith, 1984 y\u0131l\u0131n\u0131n bir bahar g\u00fcn\u00fc eskici d\u00fckk\u00e2n\u0131ndan bir defter al\u0131p, teleekran\u0131n onu g\u00f6rmedi\u011fi bir k\u00f6r noktada g\u00fcnl\u00fck tutmaya ba\u015flar. Temel amac\u0131n \u0130ngsos Partisi\u2019ne hizmet ve B\u00fcy\u00fck Birader\u2019e itaat etmek oldu\u011fu, \u00f6zg\u00fcrce d\u00fc\u015f\u00fcnmenin pratikte imk\u00e2ns\u0131zla\u015ft\u0131\u011f\u0131 Okyanusya\u2019da, gizliden gizliye d\u00fczeni sorgulamakta ve bir \u00e7\u0131k\u0131\u015f yolu aramaktad\u0131r. Bu s\u0131rada ona gizli bir mesaj ula\u015ft\u0131ran Julia ile hayat\u0131 bamba\u015fka bir y\u00f6ne ilerleyecektir.   Totaliter y\u00f6netimlerin ger\u00e7ek d\u00fcnyay\u0131 alg\u0131lama yetisini k\u00f6relterek kitleleri nas\u0131l s\u00fcr\u00fcle\u015ftirip y\u00f6nlendirdi\u011fini anlatan bu k\u00fclt eseri Asl\u0131 Bi\u00e7en\u2019in \u00f6zenli \u00e7evirisiyle sunuyoruz.   Kullan\u0131lacak Reklam Mecralar\u0131: Bu kitab\u0131n hedef kitleye tan\u0131t\u0131m\u0131n\u0131 yay\u0131nevimize ait sosyal medya hesaplar\u0131 \u00fczerinden yapmay\u0131 planl\u0131yoruz.     <\/p>\n","protected":false},"excerpt":{"rendered":"<p>Parti\u2019nin resm\u00ee ideolojisine g\u00f6re ger\u00e7ekli\u011fin belirlenip kurguland\u0131\u011f\u0131 Hakikat Bakanl\u0131\u011f\u0131\u2019nda d\u00fc\u015f\u00fck r\u00fctbeli bir memur olarak \u00e7al\u0131\u015fan Winston Smith, 1984 y\u0131l\u0131n\u0131n bir bahar g\u00fcn\u00fc eskici d\u00fckk\u00e2n\u0131ndan bir defter<span class=\"excerpt-hellip\"> [\u2026]<\/span><\/p>\n","protected":false},"featured_media":0,"template":"","meta":{"_monsterinsights_skip_tracking":false,"_monsterinsights_sitenote_active":false,"_monsterinsights_sitenote_note":"","_monsterinsights_sitenote_category":0},"product_brand":[],"product_cat":[12291,13872],"product_tag":[],"class_list":{"0":"post-741898","1":"product","2":"type-product","3":"status-publish","5":"product_cat-edebiyat","6":"product_cat-klasikler","7":"pa_cilt-ciltsiz","8":"pa_tur-kitap","9":"pa_yayinevi-koridor-yayincilik","10":"pa_yazar-george-orwell","12":"first","13":"instock","14":"sale","15":"shipping-taxable","16":"purchasable","17":"product-type-simple"},"_links":{"self":[{"href":"https:\/\/roveyayinevi.com.tr\/index.php\/wp-json\/wp\/v2\/product\/741898","targetHints":{"allow":["GET"]}}],"collection":[{"href":"https:\/\/roveyayinevi.com.tr\/index.php\/wp-json\/wp\/v2\/product"}],"about":[{"href":"https:\/\/roveyayinevi.com.tr\/index.php\/wp-json\/wp\/v2\/types\/product"}],"wp:attachment":[{"href":"https:\/\/roveyayinevi.com.tr\/index.php\/wp-json\/wp\/v2\/media?parent=741898"}],"wp:term":[{"taxonomy":"product_brand","embeddable":true,"href":"https:\/\/roveyayinevi.com.tr\/index.php\/wp-json\/wp\/v2\/product_brand?post=741898"},{"taxonomy":"product_cat","embeddable":true,"href":"https:\/\/roveyayinevi.com.tr\/index.php\/wp-json\/wp\/v2\/product_cat?post=741898"},{"taxonomy":"product_tag","embeddable":true,"href":"https:\/\/roveyayinevi.com.tr\/index.php\/wp-json\/wp\/v2\/product_tag?post=741898"}],"curies":[{"name":"wp","href":"https:\/\/api.w.org\/{rel}","templated":true}]}}