{"id":741896,"date":"2025-08-28T00:59:26","date_gmt":"2025-08-27T21:59:26","guid":{"rendered":"https:\/\/roveyayinevi.com.tr\/index.php\/urun\/osurukcular-kulubu\/"},"modified":"2026-04-16T02:53:13","modified_gmt":"2026-04-15T23:53:13","slug":"osurukcular-kulubu","status":"publish","type":"product","link":"https:\/\/roveyayinevi.com.tr\/index.php\/urun\/osurukcular-kulubu\/","title":{"rendered":"Osuruk\u00e7ular Kul\u00fcb\u00fc"},"content":{"rendered":"<p>Eski M\u0131s\u0131r&#8217;da bir tanr\u0131, Antik \u00c7a\u011f&#8217;da \u00f6mre \u00f6m\u00fcr katan faydal\u0131 bir egzersiz, seyrine doyulamayan ve kokusundan durulamayan bir panay\u0131r e\u011flencesi, entelekt\u00fcellerin has\u0131mlar\u0131n\u0131 yermek i\u00e7in kulland\u0131\u011f\u0131 en muzip koz: Osuruk!\u0130nsan bedeninin bu en s\u0131radan, en g\u00fcndelik, kimi zaman gizlice, kimi zaman aleni faaliyetinin, edebiyattan ve tarihten say\u0131s\u0131z \u00f6rnek ve anekdotla, bilimsel inceleme ve ara\u015ft\u0131rmalarla, gazete haberleriyle s\u00fcslenmi\u015f k\u00e2h merakla k\u00e2h g\u00fclerek okuyaca\u011f\u0131m\u0131z anlat\u0131s\u0131&#8230;Osuruk\u00e7ular Kul\u00fcb\u00fc, Aristofanes&#8217;ten Rabelais&#8217;ye, \u00c9mile Zola&#8217;dan Serge Gainsbourg&#8217;a uzanan geni\u015f bir edebi derlemeyi de i\u00e7eren, her t\u00fcrden hinli\u011fe merak duyanlar\u0131n ka\u00e7\u0131rmamas\u0131 gereken keyifli bir antoloji&#8230; <\/p>\n","protected":false},"excerpt":{"rendered":"<p>Eski M\u0131s\u0131r&#8217;da bir tanr\u0131, Antik \u00c7a\u011f&#8217;da \u00f6mre \u00f6m\u00fcr katan faydal\u0131 bir egzersiz, seyrine doyulamayan ve kokusundan durulamayan bir panay\u0131r e\u011flencesi, entelekt\u00fcellerin has\u0131mlar\u0131n\u0131 yermek i\u00e7in kulland\u0131\u011f\u0131 en<span class=\"excerpt-hellip\"> [\u2026]<\/span><\/p>\n","protected":false},"featured_media":0,"template":"","meta":{"_monsterinsights_skip_tracking":false,"_monsterinsights_sitenote_active":false,"_monsterinsights_sitenote_note":"","_monsterinsights_sitenote_category":0},"product_brand":[],"product_cat":[13072,12291],"product_tag":[],"class_list":{"0":"post-741896","1":"product","2":"type-product","3":"status-publish","5":"product_cat-arastirma-inceleme-referans","6":"product_cat-edebiyat","7":"pa_cilt-ciltsiz","8":"pa_tur-kitap","9":"pa_yayinevi-sel-yayincilik","10":"pa_yazar-antoine-de-baecque","12":"first","13":"instock","14":"sale","15":"shipping-taxable","16":"purchasable","17":"product-type-simple"},"_links":{"self":[{"href":"https:\/\/roveyayinevi.com.tr\/index.php\/wp-json\/wp\/v2\/product\/741896","targetHints":{"allow":["GET"]}}],"collection":[{"href":"https:\/\/roveyayinevi.com.tr\/index.php\/wp-json\/wp\/v2\/product"}],"about":[{"href":"https:\/\/roveyayinevi.com.tr\/index.php\/wp-json\/wp\/v2\/types\/product"}],"wp:attachment":[{"href":"https:\/\/roveyayinevi.com.tr\/index.php\/wp-json\/wp\/v2\/media?parent=741896"}],"wp:term":[{"taxonomy":"product_brand","embeddable":true,"href":"https:\/\/roveyayinevi.com.tr\/index.php\/wp-json\/wp\/v2\/product_brand?post=741896"},{"taxonomy":"product_cat","embeddable":true,"href":"https:\/\/roveyayinevi.com.tr\/index.php\/wp-json\/wp\/v2\/product_cat?post=741896"},{"taxonomy":"product_tag","embeddable":true,"href":"https:\/\/roveyayinevi.com.tr\/index.php\/wp-json\/wp\/v2\/product_tag?post=741896"}],"curies":[{"name":"wp","href":"https:\/\/api.w.org\/{rel}","templated":true}]}}