{"id":741894,"date":"2025-08-28T00:59:25","date_gmt":"2025-08-27T21:59:25","guid":{"rendered":"https:\/\/roveyayinevi.com.tr\/index.php\/urun\/sehir-hakki-ii\/"},"modified":"2026-04-16T02:53:13","modified_gmt":"2026-04-15T23:53:13","slug":"sehir-hakki-ii","status":"publish","type":"product","link":"https:\/\/roveyayinevi.com.tr\/index.php\/urun\/sehir-hakki-ii\/","title":{"rendered":"\u015eehir Hakk\u0131 II"},"content":{"rendered":"<p>1968 ayaklanmas\u0131n\u0131n arifesinde yay\u0131mlanan \u015eehir Hakk\u0131, tek kelimeyle bir manifestodur. \u015eehir denen ger\u00e7e\u011fin art\u0131k ge\u00e7mi\u015fte kalm\u0131\u015f tarihsel bir olgu oldu\u011funu, u\u011frad\u0131\u011f\u0131 s\u00fcregiden d\u00f6n\u00fc\u015f\u00fcm i\u00e7erisinde yeni bir kentsel ger\u00e7ekli\u011fin ve buna g\u00f6re yeni bir h\u00fcmanizmin do\u011fmakta oldu\u011funu m\u00fcjdelemesiyle, Kom\u00fcnist Manifesto&#8217;nun &#8220;Kat\u0131 olan her \u015fey buharla\u015f\u0131yor&#8230;&#8221; savs\u00f6z\u00fcn\u00fcn ard\u0131ndaki diyalektik mant\u0131\u011f\u0131 akla getirmektedir. Yurt i\u015fgaliyle y\u00fckselecek ve t\u00fcm d\u00fcnyay\u0131 kas\u0131p kavuracak isyan dalgas\u0131n\u0131n fitilini ate\u015fleyen Nanterre \u00dcniversitesi&#8217;nde \u00f6\u011frencileriyle birlikte saf tutacak olan Henri Lefebvre&#8217;in bu savs\u00f6z\u00fc de, 21. y\u00fczy\u0131l\u0131n ba\u015f\u0131nda gezegenin d\u00f6rt bir yan\u0131nda t\u0131rmanan antikapitalist kent hareketlerinin ba\u015fl\u0131ca sloganlar\u0131ndan biri haline gelecektir.Kitab\u0131n 1972&#8217;de yay\u0131mlanan bu ikinci cildiyle Lefebvre, ilk ciltte \u00e7izdi\u011fi \u00e7er\u00e7eveye derinlik kazand\u0131r\u0131yor. B\u00fct\u00fcn Avrupa&#8217;da oldu\u011fu gibi \u015fehirlerinde k\u00f6kl\u00fc bir mek\u00e2nsal d\u00f6n\u00fc\u015f\u00fcm\u00fcn ya\u015fand\u0131\u011f\u0131 d\u00f6nemin Fransas\u0131&#8217;nda, konuyla ilgili g\u00f6zlem ve kayg\u0131lar\u0131n dile getirildi\u011fi d\u00fc\u015f\u00fcnsel bir bulu\u015fma noktas\u0131 olan Espaces et Soci\u00e9t\u00e9s dergisindeki yaz\u0131lar\u0131, \u00f6zellikle &#8220;\u015eehir ve Kentsel&#8221;; Lefebvre&#8217;in ba\u015fl\u0131 ba\u015f\u0131na bir ideoloji olarak tan\u0131mlad\u0131\u011f\u0131 \u015fehircilik kar\u015f\u0131s\u0131nda avadanl\u0131\u011f\u0131n\u0131n anahtar kavramlar\u0131ndan biri olan &#8220;kentsel&#8221; s\u00f6z\u00fcn\u00fc anlamam\u0131z\u0131 sa\u011flayacak \u00f6nemli ipu\u00e7lar\u0131 i\u00e7eriyor. <\/p>\n","protected":false},"excerpt":{"rendered":"<p>1968 ayaklanmas\u0131n\u0131n arifesinde yay\u0131mlanan \u015eehir Hakk\u0131, tek kelimeyle bir manifestodur. \u015eehir denen ger\u00e7e\u011fin art\u0131k ge\u00e7mi\u015fte kalm\u0131\u015f tarihsel bir olgu oldu\u011funu, u\u011frad\u0131\u011f\u0131 s\u00fcregiden d\u00f6n\u00fc\u015f\u00fcm i\u00e7erisinde yeni bir<span class=\"excerpt-hellip\"> [\u2026]<\/span><\/p>\n","protected":false},"featured_media":0,"template":"","meta":{"_monsterinsights_skip_tracking":false,"_monsterinsights_sitenote_active":false,"_monsterinsights_sitenote_note":"","_monsterinsights_sitenote_category":0},"product_brand":[],"product_cat":[13059,12337],"product_tag":[],"class_list":{"0":"post-741894","1":"product","2":"type-product","3":"status-publish","5":"product_cat-diger-politika-siyaset","6":"product_cat-politika-siyaset","7":"pa_cilt-ciltsiz","8":"pa_tur-kitap","9":"pa_yayinevi-sel-yayincilik","10":"pa_yazar-henri-lefebvre","12":"first","13":"instock","14":"sale","15":"shipping-taxable","16":"purchasable","17":"product-type-simple"},"_links":{"self":[{"href":"https:\/\/roveyayinevi.com.tr\/index.php\/wp-json\/wp\/v2\/product\/741894","targetHints":{"allow":["GET"]}}],"collection":[{"href":"https:\/\/roveyayinevi.com.tr\/index.php\/wp-json\/wp\/v2\/product"}],"about":[{"href":"https:\/\/roveyayinevi.com.tr\/index.php\/wp-json\/wp\/v2\/types\/product"}],"wp:attachment":[{"href":"https:\/\/roveyayinevi.com.tr\/index.php\/wp-json\/wp\/v2\/media?parent=741894"}],"wp:term":[{"taxonomy":"product_brand","embeddable":true,"href":"https:\/\/roveyayinevi.com.tr\/index.php\/wp-json\/wp\/v2\/product_brand?post=741894"},{"taxonomy":"product_cat","embeddable":true,"href":"https:\/\/roveyayinevi.com.tr\/index.php\/wp-json\/wp\/v2\/product_cat?post=741894"},{"taxonomy":"product_tag","embeddable":true,"href":"https:\/\/roveyayinevi.com.tr\/index.php\/wp-json\/wp\/v2\/product_tag?post=741894"}],"curies":[{"name":"wp","href":"https:\/\/api.w.org\/{rel}","templated":true}]}}