{"id":741893,"date":"2025-08-28T00:59:23","date_gmt":"2025-08-27T21:59:23","guid":{"rendered":"https:\/\/roveyayinevi.com.tr\/index.php\/urun\/kaplumbagalar-olmesin\/"},"modified":"2026-04-16T02:53:13","modified_gmt":"2026-04-15T23:53:13","slug":"kaplumbagalar-olmesin","status":"publish","type":"product","link":"https:\/\/roveyayinevi.com.tr\/index.php\/urun\/kaplumbagalar-olmesin\/","title":{"rendered":"Kaplumba\u011falar \u00d6lmesin"},"content":{"rendered":"<p>Erkan Karaaslan ilk \u00f6yk\u00fc kitab\u0131 Kaplumba\u011falar \u00d6lmesin&#8217;de sayfalar aras\u0131nda bizi \u015fa\u015f\u0131rtarak ilerliyor. Kimi \u00f6yk\u00fclerde yak\u0131n tarihimiz hi\u00e7 beklenmedik bir anda, bamba\u015fka bir hik\u00e2yenin i\u00e7inde kar\u015f\u0131m\u0131za \u00e7\u0131karken, \u00f6lmeye yatanlar, \u00f6l\u00fclerini tekrar hayata \u00e7a\u011f\u0131ranlar, da\u011fba\u015f\u0131 suskunlu\u011funda kurtlara yem edilen ya\u015fl\u0131 Rinde&#8217;ler, vicdan\u0131n y\u00fck\u00fcyle sevgi aras\u0131na s\u0131k\u0131\u015fanlar sat\u0131rlardan ta\u015farak okura dokunup tekrar suskunluklar\u0131na \u00e7ekiliyor.&#8221;Yeterince ya\u015fad\u0131m say\u0131l\u0131r, anlad\u0131\u011f\u0131m kadar\u0131yla ya\u015fam dedi\u011finin bir s\u0131rr\u0131 yok. Hem zaten ne yaparsak yapal\u0131m bu d\u00fcnyaya yeterince yakla\u015famay\u0131z.&#8221; <\/p>\n","protected":false},"excerpt":{"rendered":"<p>Erkan Karaaslan ilk \u00f6yk\u00fc kitab\u0131 Kaplumba\u011falar \u00d6lmesin&#8217;de sayfalar aras\u0131nda bizi \u015fa\u015f\u0131rtarak ilerliyor. Kimi \u00f6yk\u00fclerde yak\u0131n tarihimiz hi\u00e7 beklenmedik bir anda, bamba\u015fka bir hik\u00e2yenin i\u00e7inde kar\u015f\u0131m\u0131za \u00e7\u0131karken,<span class=\"excerpt-hellip\"> [\u2026]<\/span><\/p>\n","protected":false},"featured_media":0,"template":"","meta":{"_monsterinsights_skip_tracking":false,"_monsterinsights_sitenote_active":false,"_monsterinsights_sitenote_note":"","_monsterinsights_sitenote_category":0},"product_brand":[],"product_cat":[12291,12711],"product_tag":[],"class_list":{"0":"post-741893","1":"product","2":"type-product","3":"status-publish","5":"product_cat-edebiyat","6":"product_cat-roman-oyku","7":"pa_cilt-ciltsiz","8":"pa_tur-kitap","9":"pa_yayinevi-sel-yayincilik","10":"pa_yazar-erkan-karaaslan","12":"first","13":"instock","14":"sale","15":"shipping-taxable","16":"purchasable","17":"product-type-simple"},"_links":{"self":[{"href":"https:\/\/roveyayinevi.com.tr\/index.php\/wp-json\/wp\/v2\/product\/741893","targetHints":{"allow":["GET"]}}],"collection":[{"href":"https:\/\/roveyayinevi.com.tr\/index.php\/wp-json\/wp\/v2\/product"}],"about":[{"href":"https:\/\/roveyayinevi.com.tr\/index.php\/wp-json\/wp\/v2\/types\/product"}],"wp:attachment":[{"href":"https:\/\/roveyayinevi.com.tr\/index.php\/wp-json\/wp\/v2\/media?parent=741893"}],"wp:term":[{"taxonomy":"product_brand","embeddable":true,"href":"https:\/\/roveyayinevi.com.tr\/index.php\/wp-json\/wp\/v2\/product_brand?post=741893"},{"taxonomy":"product_cat","embeddable":true,"href":"https:\/\/roveyayinevi.com.tr\/index.php\/wp-json\/wp\/v2\/product_cat?post=741893"},{"taxonomy":"product_tag","embeddable":true,"href":"https:\/\/roveyayinevi.com.tr\/index.php\/wp-json\/wp\/v2\/product_tag?post=741893"}],"curies":[{"name":"wp","href":"https:\/\/api.w.org\/{rel}","templated":true}]}}