{"id":741890,"date":"2025-08-28T00:59:19","date_gmt":"2025-08-27T21:59:19","guid":{"rendered":"https:\/\/roveyayinevi.com.tr\/index.php\/urun\/turan-sultani-timur\/"},"modified":"2025-09-18T02:13:20","modified_gmt":"2025-09-17T23:13:20","slug":"turan-sultani-timur","status":"publish","type":"product","link":"https:\/\/roveyayinevi.com.tr\/index.php\/urun\/turan-sultani-timur\/","title":{"rendered":"Turan Sultan\u0131 Timur"},"content":{"rendered":"<p>Cengiz Han\u2019\u0131n Nuh tufan\u0131n\u0131 and\u0131ran seferlerinin ard\u0131ndan yakla\u015f\u0131k birka\u00e7 as\u0131r sonra, T\u00fcrkistan\u2019da ortaya \u00e7\u0131kan Timur, De\u015ft-i K\u0131p\u00e7ak, Irak, Suriye, Hindistan ve Anadolu \u00fczerine giri\u015fti\u011fi seferleri ile Cengiz Han\u2019\u0131n Mo\u011follar\u0131n\u0131n istil\u00e2s\u0131n\u0131n deh\u015fet ve korkusunu bu \u00fclkelerde ya\u015fayan insanlara yeniden hat\u0131rlatt\u0131. \u201cD\u00fcnya iki h\u00fck\u00fcmdar\u0131n s\u00e2hip olaca\u011f\u0131 kadar b\u00fcy\u00fck ve de\u011ferli de\u011fildir. Allah nas\u0131l bir tane ise, sultan da bir tane olmal\u0131d\u0131r\u201d diyen Timur\u2019un gayesi, m\u00fcmk\u00fcn oldu\u011fu kadar geni\u015f sahalar\u0131 h\u00e2kimiyeti alt\u0131na almakt\u0131. Esasen o kendini \u201cTuran Sultan\u0131\u201d olarak nitelendirmekte idi. Seferlerini genellikle T\u00fcrk-\u0130sl\u00e2m \u00fclkeleri \u00fczerine y\u00f6neltmi\u015f olmas\u0131ndan dolay\u0131 ele\u015ftirilmekle birlikte, bu husus o devrin ve bozk\u0131r gelene\u011finin h\u00e2kimiyet anlay\u0131\u015f\u0131 d\u00fc\u015f\u00fcn\u00fclerek de\u011ferlendirilmelidir. B\u00fct\u00fcn ele\u015ftirilere ra\u011fmen Orta Asya g\u00f6\u00e7ebelerinin \u0130slamla\u015fmas\u0131nda Timur\u2019un b\u00fcy\u00fck hizmeti vard\u0131r.   <\/p>\n","protected":false},"excerpt":{"rendered":"<p>Cengiz Han\u2019\u0131n Nuh tufan\u0131n\u0131 and\u0131ran seferlerinin ard\u0131ndan yakla\u015f\u0131k birka\u00e7 as\u0131r sonra, T\u00fcrkistan\u2019da ortaya \u00e7\u0131kan Timur, De\u015ft-i K\u0131p\u00e7ak, Irak, Suriye, Hindistan ve Anadolu \u00fczerine giri\u015fti\u011fi seferleri ile<span class=\"excerpt-hellip\"> [\u2026]<\/span><\/p>\n","protected":false},"featured_media":0,"template":"","meta":{"_monsterinsights_skip_tracking":false,"_monsterinsights_sitenote_active":false,"_monsterinsights_sitenote_note":"","_monsterinsights_sitenote_category":0},"product_brand":[],"product_cat":[12312,12304],"product_tag":[],"class_list":{"0":"post-741890","1":"product","2":"type-product","3":"status-publish","5":"product_cat-diger","6":"product_cat-tarih","7":"pa_cilt-ciltsiz","8":"pa_tur-kitap","9":"pa_yayinevi-altinordu-yayinlari","10":"pa_yazar-ismail-aka","12":"first","13":"instock","14":"sale","15":"shipping-taxable","16":"purchasable","17":"product-type-simple"},"_links":{"self":[{"href":"https:\/\/roveyayinevi.com.tr\/index.php\/wp-json\/wp\/v2\/product\/741890","targetHints":{"allow":["GET"]}}],"collection":[{"href":"https:\/\/roveyayinevi.com.tr\/index.php\/wp-json\/wp\/v2\/product"}],"about":[{"href":"https:\/\/roveyayinevi.com.tr\/index.php\/wp-json\/wp\/v2\/types\/product"}],"wp:attachment":[{"href":"https:\/\/roveyayinevi.com.tr\/index.php\/wp-json\/wp\/v2\/media?parent=741890"}],"wp:term":[{"taxonomy":"product_brand","embeddable":true,"href":"https:\/\/roveyayinevi.com.tr\/index.php\/wp-json\/wp\/v2\/product_brand?post=741890"},{"taxonomy":"product_cat","embeddable":true,"href":"https:\/\/roveyayinevi.com.tr\/index.php\/wp-json\/wp\/v2\/product_cat?post=741890"},{"taxonomy":"product_tag","embeddable":true,"href":"https:\/\/roveyayinevi.com.tr\/index.php\/wp-json\/wp\/v2\/product_tag?post=741890"}],"curies":[{"name":"wp","href":"https:\/\/api.w.org\/{rel}","templated":true}]}}