{"id":741887,"date":"2025-08-28T00:59:14","date_gmt":"2025-08-27T21:59:14","guid":{"rendered":"https:\/\/roveyayinevi.com.tr\/index.php\/urun\/murekkebe-boyanan-sardunya-3\/"},"modified":"2026-04-16T02:53:13","modified_gmt":"2026-04-15T23:53:13","slug":"murekkebe-boyanan-sardunya-3","status":"publish","type":"product","link":"https:\/\/roveyayinevi.com.tr\/index.php\/urun\/murekkebe-boyanan-sardunya-3\/","title":{"rendered":"M\u00fcrekkebe Boyanan Sardunya -3"},"content":{"rendered":"<p>\u201cKalp izlerle dolu bir haritad\u0131r, \u015fehrinin bileti ona ait oland\u0131r.\u2019\u2019     G\u00fcne\u015fin \u0131s\u0131tt\u0131\u011f\u0131 ruhlar art\u0131k t\u00fcm mevsimin tad\u0131n\u0131 alm\u0131\u015ftve bundan sonra hangi g\u00f6ky\u00fcz\u00fcn\u00fcn alt\u0131nda olurlarsa olsunlar bakt\u0131klar\u0131 pencere bir olduk\u00e7a hissetmek her zamankinden daha g\u00fczel olacakt\u0131.   Mislina ve Akif Selim\u2019in birbiri i\u00e7in atan kalpleri var olduklar\u0131 bu d\u00fcnyada en g\u00fczel sevgiyi anlatmaya devam ediyordu.   Kar ya\u011fd\u0131, g\u00fcne\u015f a\u00e7t\u0131, bahar geldi ve yaprak d\u00f6kt\u00fc bu g\u00f6ky\u00fcz\u00fc, sanki hi\u00e7 bitmeyecek bir masal\u0131n i\u00e7inde ya\u015fam\u0131\u015flar gibi. Oysa masallar da bir g\u00fcn son bulurdu ama onlar kendi masallar\u0131na bir son yazmad\u0131lar \u00e7\u00fcnk\u00fc sevmek de ya\u015famak gibiydi, sonu yoktu.   \u2018\u2019Karanl\u0131k bir sokakta, ufac\u0131k bir \u0131\u015f\u0131\u011f\u0131n alt\u0131nda g\u00f6rm\u00fc\u015f gibiydim ilk onu; bu, kocaman d\u00fcnyada sevdi\u011fim ve ait oldu\u011fum \u015fehri bulup orada sonsuza kadar ya\u015famak gibiydi.\u2019\u2019 <\/p>\n","protected":false},"excerpt":{"rendered":"<p>\u201cKalp izlerle dolu bir haritad\u0131r, \u015fehrinin bileti ona ait oland\u0131r.\u2019\u2019 G\u00fcne\u015fin \u0131s\u0131tt\u0131\u011f\u0131 ruhlar art\u0131k t\u00fcm mevsimin tad\u0131n\u0131 alm\u0131\u015ftve bundan sonra hangi g\u00f6ky\u00fcz\u00fcn\u00fcn alt\u0131nda olurlarsa olsunlar bakt\u0131klar\u0131<span class=\"excerpt-hellip\"> [\u2026]<\/span><\/p>\n","protected":false},"featured_media":0,"template":"","meta":{"_monsterinsights_skip_tracking":false,"_monsterinsights_sitenote_active":false,"_monsterinsights_sitenote_note":"","_monsterinsights_sitenote_category":0},"product_brand":[],"product_cat":[12291,12711],"product_tag":[],"class_list":{"0":"post-741887","1":"product","2":"type-product","3":"status-publish","5":"product_cat-edebiyat","6":"product_cat-roman-oyku","7":"pa_cilt-ciltsiz","8":"pa_tur-kitap","9":"pa_yayinevi-ephesus-yayinlari","10":"pa_yazar-sumeyye-demirkan","12":"first","13":"instock","14":"sale","15":"shipping-taxable","16":"purchasable","17":"product-type-simple"},"_links":{"self":[{"href":"https:\/\/roveyayinevi.com.tr\/index.php\/wp-json\/wp\/v2\/product\/741887","targetHints":{"allow":["GET"]}}],"collection":[{"href":"https:\/\/roveyayinevi.com.tr\/index.php\/wp-json\/wp\/v2\/product"}],"about":[{"href":"https:\/\/roveyayinevi.com.tr\/index.php\/wp-json\/wp\/v2\/types\/product"}],"wp:attachment":[{"href":"https:\/\/roveyayinevi.com.tr\/index.php\/wp-json\/wp\/v2\/media?parent=741887"}],"wp:term":[{"taxonomy":"product_brand","embeddable":true,"href":"https:\/\/roveyayinevi.com.tr\/index.php\/wp-json\/wp\/v2\/product_brand?post=741887"},{"taxonomy":"product_cat","embeddable":true,"href":"https:\/\/roveyayinevi.com.tr\/index.php\/wp-json\/wp\/v2\/product_cat?post=741887"},{"taxonomy":"product_tag","embeddable":true,"href":"https:\/\/roveyayinevi.com.tr\/index.php\/wp-json\/wp\/v2\/product_tag?post=741887"}],"curies":[{"name":"wp","href":"https:\/\/api.w.org\/{rel}","templated":true}]}}