{"id":741886,"date":"2025-08-28T00:59:13","date_gmt":"2025-08-27T21:59:13","guid":{"rendered":"https:\/\/roveyayinevi.com.tr\/index.php\/urun\/kawaii-anime-mutlu-boyama-1-mor\/"},"modified":"2025-12-30T10:54:58","modified_gmt":"2025-12-30T07:54:58","slug":"kawaii-anime-mutlu-boyama-1-mor","status":"publish","type":"product","link":"https:\/\/roveyayinevi.com.tr\/index.php\/urun\/kawaii-anime-mutlu-boyama-1-mor\/","title":{"rendered":"Kawaii Anime Mutlu Boyama 1 -Mor"},"content":{"rendered":"<p>BU SAYFALARI MUTLAKA BOYAMAK \u0130\u00c7\u0130N \u00c7OK GE\u00c7ERL\u0130 5 NEDEN! 1. Herkes zaman zaman keyifsiz hissedebilir. B\u00f6yle zamanlarda bile bu sevimli Kawaii resimlerine bak\u0131p onlar\u0131 boyayarak ne\u015felenebilirsin! 2. D\u00fcnya \u00e7ap\u0131nda ilgi g\u00f6ren Kawaii ak\u0131m\u0131na kat\u0131l\u0131p trendi yakalayabilirsin. 3. Boyama yapman\u0131n insan\u0131 sakinle\u015ftirip dinlendirdi\u011fi biliniyor. Bir de birbirinden \u015firin Kawaii resimlerini boyarken nas\u0131l rahatlayaca\u011f\u0131n\u0131 hayal et! 4. Resim \u00e7izip boyama yapmak yarat\u0131c\u0131l\u0131\u011f\u0131 g\u00fc\u00e7lendirir. Kawaii resimlerini boyarken farkl\u0131 renkleri kar\u0131\u015ft\u0131r\u0131p ilgin\u00e7 detaylar ekleyerek sen de yarat\u0131c\u0131 y\u00f6n\u00fcn\u00fc ate\u015fleyebilirsin. 4. Boyama yapmak, hem de bu kitaptaki gibi ilgin\u00e7 detayl\u0131 Kawaii resimlerini boyamak odaklanma becerini de destekler. 5. Kawaii resimlerinde bir s\u00fcr\u00fc ilgin\u00e7 detay var. Boyad\u0131\u011f\u0131n bu detaylara odaklan\u0131rken haf\u0131zan\u0131 da g\u00fc\u00e7lendirebilirsin. Sen de bir tuhafl \u0131k fark ettin mi? Evet, listede 4 numaral\u0131 maddeden iki tane var! Fark etti\u011fine g\u00f6re sen de \u00e7ok dikkatlisin ve iyi odaklan\u0131yorsun. Becerilerini daha da geli\u015ftirmek i\u00e7in hadi hemen sayfalar\u0131 \u00e7evir, boyamaya ba\u015fla! <\/p>\n","protected":false},"excerpt":{"rendered":"<p>BU SAYFALARI MUTLAKA BOYAMAK \u0130\u00c7\u0130N \u00c7OK GE\u00c7ERL\u0130 5 NEDEN! 1. Herkes zaman zaman keyifsiz hissedebilir. B\u00f6yle zamanlarda bile bu sevimli Kawaii resimlerine bak\u0131p onlar\u0131 boyayarak ne\u015felenebilirsin!<span class=\"excerpt-hellip\"> [\u2026]<\/span><\/p>\n","protected":false},"featured_media":0,"template":"","meta":{"_monsterinsights_skip_tracking":false,"_monsterinsights_sitenote_active":false,"_monsterinsights_sitenote_note":"","_monsterinsights_sitenote_category":0},"product_brand":[],"product_cat":[12644,12274],"product_tag":[],"class_list":{"0":"post-741886","1":"product","2":"type-product","3":"status-publish","5":"product_cat-boyama-kitaplari","6":"product_cat-cocuk-ve-genclik-kitaplari","7":"pa_cilt-ciltsiz","8":"pa_tur-kitap","9":"pa_yayinevi-dogan-cocuk","10":"pa_yazar-kolektif","12":"first","13":"instock","14":"sale","15":"shipping-taxable","16":"purchasable","17":"product-type-simple"},"_links":{"self":[{"href":"https:\/\/roveyayinevi.com.tr\/index.php\/wp-json\/wp\/v2\/product\/741886","targetHints":{"allow":["GET"]}}],"collection":[{"href":"https:\/\/roveyayinevi.com.tr\/index.php\/wp-json\/wp\/v2\/product"}],"about":[{"href":"https:\/\/roveyayinevi.com.tr\/index.php\/wp-json\/wp\/v2\/types\/product"}],"wp:attachment":[{"href":"https:\/\/roveyayinevi.com.tr\/index.php\/wp-json\/wp\/v2\/media?parent=741886"}],"wp:term":[{"taxonomy":"product_brand","embeddable":true,"href":"https:\/\/roveyayinevi.com.tr\/index.php\/wp-json\/wp\/v2\/product_brand?post=741886"},{"taxonomy":"product_cat","embeddable":true,"href":"https:\/\/roveyayinevi.com.tr\/index.php\/wp-json\/wp\/v2\/product_cat?post=741886"},{"taxonomy":"product_tag","embeddable":true,"href":"https:\/\/roveyayinevi.com.tr\/index.php\/wp-json\/wp\/v2\/product_tag?post=741886"}],"curies":[{"name":"wp","href":"https:\/\/api.w.org\/{rel}","templated":true}]}}