{"id":741885,"date":"2025-08-28T00:59:12","date_gmt":"2025-08-27T21:59:12","guid":{"rendered":"https:\/\/roveyayinevi.com.tr\/index.php\/urun\/boyama-senligi-meslekler\/"},"modified":"2026-04-16T02:53:13","modified_gmt":"2026-04-15T23:53:13","slug":"boyama-senligi-meslekler","status":"publish","type":"product","link":"https:\/\/roveyayinevi.com.tr\/index.php\/urun\/boyama-senligi-meslekler\/","title":{"rendered":"Boyama \u015eenli\u011fi Meslekler"},"content":{"rendered":"<p>\u015eenlik ba\u015fl\u0131yor! En sevdi\u011fin boya kalemlerini haz\u0131rla, T\u00fcrk\u00e7e ve \u0130ngilizce meslekleri \u00f6\u011fren, birbirinden e\u011flenceli resimlerini boya. <\/p>\n","protected":false},"excerpt":{"rendered":"<p>\u015eenlik ba\u015fl\u0131yor! En sevdi\u011fin boya kalemlerini haz\u0131rla, T\u00fcrk\u00e7e ve \u0130ngilizce meslekleri \u00f6\u011fren, birbirinden e\u011flenceli resimlerini boya.<\/p>\n","protected":false},"featured_media":0,"template":"","meta":{"_monsterinsights_skip_tracking":false,"_monsterinsights_sitenote_active":false,"_monsterinsights_sitenote_note":"","_monsterinsights_sitenote_category":0},"product_brand":[],"product_cat":[12644,12274],"product_tag":[],"class_list":{"0":"post-741885","1":"product","2":"type-product","3":"status-publish","5":"product_cat-boyama-kitaplari","6":"product_cat-cocuk-ve-genclik-kitaplari","7":"pa_cilt-ciltsiz","8":"pa_tur-kitap","9":"pa_yayinevi-dogan-cocuk","10":"pa_yazar-kolektif","12":"first","13":"instock","14":"sale","15":"shipping-taxable","16":"purchasable","17":"product-type-simple"},"_links":{"self":[{"href":"https:\/\/roveyayinevi.com.tr\/index.php\/wp-json\/wp\/v2\/product\/741885","targetHints":{"allow":["GET"]}}],"collection":[{"href":"https:\/\/roveyayinevi.com.tr\/index.php\/wp-json\/wp\/v2\/product"}],"about":[{"href":"https:\/\/roveyayinevi.com.tr\/index.php\/wp-json\/wp\/v2\/types\/product"}],"wp:attachment":[{"href":"https:\/\/roveyayinevi.com.tr\/index.php\/wp-json\/wp\/v2\/media?parent=741885"}],"wp:term":[{"taxonomy":"product_brand","embeddable":true,"href":"https:\/\/roveyayinevi.com.tr\/index.php\/wp-json\/wp\/v2\/product_brand?post=741885"},{"taxonomy":"product_cat","embeddable":true,"href":"https:\/\/roveyayinevi.com.tr\/index.php\/wp-json\/wp\/v2\/product_cat?post=741885"},{"taxonomy":"product_tag","embeddable":true,"href":"https:\/\/roveyayinevi.com.tr\/index.php\/wp-json\/wp\/v2\/product_tag?post=741885"}],"curies":[{"name":"wp","href":"https:\/\/api.w.org\/{rel}","templated":true}]}}