{"id":741884,"date":"2025-08-28T00:59:10","date_gmt":"2025-08-27T21:59:10","guid":{"rendered":"https:\/\/roveyayinevi.com.tr\/index.php\/urun\/kadin-kalbi-2\/"},"modified":"2026-04-16T02:53:12","modified_gmt":"2026-04-15T23:53:12","slug":"kadin-kalbi-2","status":"publish","type":"product","link":"https:\/\/roveyayinevi.com.tr\/index.php\/urun\/kadin-kalbi-2\/","title":{"rendered":"Kad\u0131n Kalbi"},"content":{"rendered":"<p>\u201cHan\u0131m k\u0131z h\u00fcz\u00fcnl\u00fc, sevdal\u0131 \u015fark\u0131lar\u0131 severdi. Sesi tats\u0131z ve i\u015flenmemi\u015fti. Ancak bir ba\u015fkas\u0131yla ve sezilir sezilmez bir \u015fekilde bir \u015feyler m\u0131r\u0131ldanabilirdi. \u015eimdi birbiri arkas\u0131ndan hepsi de a\u015fka, ayr\u0131l\u0131\u011fa, kaybolmu\u015f \u00fcmitlere dair \u015fark\u0131lar tutturmu\u015ftu. Sanki ustaba\u015f\u0131na ellerini uzat\u0131p dilinde yalvar\u0131rcas\u0131na, g\u00f6zlerinde ya\u015flarla, \u201cBeni kurtar!\u201d diyecek bir durumdayd\u0131. O zaman b\u00fct\u00fcn masum g\u00fcnahlar\u0131ndan y\u0131kanm\u0131\u015f olacak, ruhu hafifleyecek, ne\u015feye bo\u011fulacakt\u0131. Art\u0131k serbest ve belki mutlu bir hayata ba\u015flayacakt\u0131. H\u00fcsran ve yan\u0131p yak\u0131lman\u0131n sanc\u0131lar\u0131 i\u00e7inde piyanonun tu\u015flar\u0131na do\u011fru e\u011fildi ve bu hayat de\u011fi\u015fikli\u011finin aniden oluvermesini istedi, \u015fimdiye kadarki hayat\u0131n\u0131n bir m\u00fcddet daha uzamas\u0131ndan \u00e7ok korkuyordu&#8230;\u201d <\/p>\n","protected":false},"excerpt":{"rendered":"<p>\u201cHan\u0131m k\u0131z h\u00fcz\u00fcnl\u00fc, sevdal\u0131 \u015fark\u0131lar\u0131 severdi. Sesi tats\u0131z ve i\u015flenmemi\u015fti. Ancak bir ba\u015fkas\u0131yla ve sezilir sezilmez bir \u015fekilde bir \u015feyler m\u0131r\u0131ldanabilirdi. \u015eimdi birbiri arkas\u0131ndan hepsi de<span class=\"excerpt-hellip\"> [\u2026]<\/span><\/p>\n","protected":false},"featured_media":0,"template":"","meta":{"_monsterinsights_skip_tracking":false,"_monsterinsights_sitenote_active":false,"_monsterinsights_sitenote_note":"","_monsterinsights_sitenote_category":0},"product_brand":[],"product_cat":[12291,12711],"product_tag":[],"class_list":{"0":"post-741884","1":"product","2":"type-product","3":"status-publish","5":"product_cat-edebiyat","6":"product_cat-roman-oyku","7":"pa_cilt-ciltsiz","8":"pa_tur-kitap","9":"pa_yayinevi-telgrafhane-yayinlari","10":"pa_yazar-anton-cehov","12":"first","13":"instock","14":"sale","15":"shipping-taxable","16":"purchasable","17":"product-type-simple"},"_links":{"self":[{"href":"https:\/\/roveyayinevi.com.tr\/index.php\/wp-json\/wp\/v2\/product\/741884","targetHints":{"allow":["GET"]}}],"collection":[{"href":"https:\/\/roveyayinevi.com.tr\/index.php\/wp-json\/wp\/v2\/product"}],"about":[{"href":"https:\/\/roveyayinevi.com.tr\/index.php\/wp-json\/wp\/v2\/types\/product"}],"wp:attachment":[{"href":"https:\/\/roveyayinevi.com.tr\/index.php\/wp-json\/wp\/v2\/media?parent=741884"}],"wp:term":[{"taxonomy":"product_brand","embeddable":true,"href":"https:\/\/roveyayinevi.com.tr\/index.php\/wp-json\/wp\/v2\/product_brand?post=741884"},{"taxonomy":"product_cat","embeddable":true,"href":"https:\/\/roveyayinevi.com.tr\/index.php\/wp-json\/wp\/v2\/product_cat?post=741884"},{"taxonomy":"product_tag","embeddable":true,"href":"https:\/\/roveyayinevi.com.tr\/index.php\/wp-json\/wp\/v2\/product_tag?post=741884"}],"curies":[{"name":"wp","href":"https:\/\/api.w.org\/{rel}","templated":true}]}}