{"id":741881,"date":"2025-08-28T00:59:06","date_gmt":"2025-08-27T21:59:06","guid":{"rendered":"https:\/\/roveyayinevi.com.tr\/index.php\/urun\/kucuk-kadinlar-12\/"},"modified":"2026-04-16T02:52:57","modified_gmt":"2026-04-15T23:52:57","slug":"kucuk-kadinlar-12","status":"publish","type":"product","link":"https:\/\/roveyayinevi.com.tr\/index.php\/urun\/kucuk-kadinlar-12\/","title":{"rendered":"K\u00fc\u00e7\u00fck Kad\u0131nlar"},"content":{"rendered":"<p>Louisa May Alcott\u2019\u0131n kendi gen\u00e7lik deneyimlerinden yola \u00e7\u0131karak yazd\u0131\u011f\u0131 K\u00fc\u00e7\u00fck Kad\u0131nlar; March ailesinin zorlu sava\u015f \u015fartlar\u0131yla ba\u015fa \u00e7\u0131kma \u00e7abalar\u0131n\u0131, aile ba\u011flar\u0131n\u0131 ve en \u00f6nemlisi k\u0131z karde\u015fli\u011fin g\u00fcc\u00fcn\u00fc anlat\u0131yor. Yazar olma hayalleri kuran Jo, zengin bir hayata \u00f6zlem duyan Meg, romantik m\u00fczisyen Amy, nazik ve k\u0131r\u0131lgan Beth&#8230; Bu birbirinden \u00e7ok farkl\u0131 d\u00f6rt karde\u015fle; yoksullu\u011fun, zorluklar\u0131n, kederin a\u011f\u0131rl\u0131\u011f\u0131 alt\u0131nda ezilmeden kahkahan\u0131n, k\u00fc\u00e7\u00fck mutluluklar\u0131n, her \u015fartta birbirine s\u0131ms\u0131k\u0131 sar\u0131lman\u0131n m\u00fcmk\u00fcn oldu\u011funa dair incelikli bir hik\u00e2yenin izini s\u00fcreceksiniz.<\/p>\n","protected":false},"excerpt":{"rendered":"<p>Louisa May Alcott\u2019\u0131n kendi gen\u00e7lik deneyimlerinden yola \u00e7\u0131karak yazd\u0131\u011f\u0131 K\u00fc\u00e7\u00fck Kad\u0131nlar; March ailesinin zorlu sava\u015f \u015fartlar\u0131yla ba\u015fa \u00e7\u0131kma \u00e7abalar\u0131n\u0131, aile ba\u011flar\u0131n\u0131 ve en \u00f6nemlisi k\u0131z karde\u015fli\u011fin<span class=\"excerpt-hellip\"> [\u2026]<\/span><\/p>\n","protected":false},"featured_media":0,"template":"","meta":{"_monsterinsights_skip_tracking":false,"_monsterinsights_sitenote_active":false,"_monsterinsights_sitenote_note":"","_monsterinsights_sitenote_category":0},"product_brand":[],"product_cat":[12291,12711],"product_tag":[],"class_list":{"0":"post-741881","1":"product","2":"type-product","3":"status-publish","5":"product_cat-edebiyat","6":"product_cat-roman-oyku","7":"pa_cilt-ciltsiz","8":"pa_tur-kitap","9":"pa_yayinevi-mundi","10":"pa_yazar-louisa-may-alcott","12":"first","13":"instock","14":"sale","15":"shipping-taxable","16":"purchasable","17":"product-type-simple"},"_links":{"self":[{"href":"https:\/\/roveyayinevi.com.tr\/index.php\/wp-json\/wp\/v2\/product\/741881","targetHints":{"allow":["GET"]}}],"collection":[{"href":"https:\/\/roveyayinevi.com.tr\/index.php\/wp-json\/wp\/v2\/product"}],"about":[{"href":"https:\/\/roveyayinevi.com.tr\/index.php\/wp-json\/wp\/v2\/types\/product"}],"wp:attachment":[{"href":"https:\/\/roveyayinevi.com.tr\/index.php\/wp-json\/wp\/v2\/media?parent=741881"}],"wp:term":[{"taxonomy":"product_brand","embeddable":true,"href":"https:\/\/roveyayinevi.com.tr\/index.php\/wp-json\/wp\/v2\/product_brand?post=741881"},{"taxonomy":"product_cat","embeddable":true,"href":"https:\/\/roveyayinevi.com.tr\/index.php\/wp-json\/wp\/v2\/product_cat?post=741881"},{"taxonomy":"product_tag","embeddable":true,"href":"https:\/\/roveyayinevi.com.tr\/index.php\/wp-json\/wp\/v2\/product_tag?post=741881"}],"curies":[{"name":"wp","href":"https:\/\/api.w.org\/{rel}","templated":true}]}}