{"id":741879,"date":"2025-08-28T00:59:04","date_gmt":"2025-08-27T21:59:04","guid":{"rendered":"https:\/\/roveyayinevi.com.tr\/index.php\/urun\/minicik-miyim\/"},"modified":"2026-04-16T02:52:57","modified_gmt":"2026-04-15T23:52:57","slug":"minicik-miyim","status":"publish","type":"product","link":"https:\/\/roveyayinevi.com.tr\/index.php\/urun\/minicik-miyim\/","title":{"rendered":"Minicik Miyim?"},"content":{"rendered":"<p>Siz de bazen kendinizi bu evrende minicik hissediyor musunuz? \u00d6yk\u00fcdeki kahraman\u0131m\u0131z olan k\u00fc\u00e7\u00fck k\u0131z kendisini \u00f6yle hissediyor. A\u011fa\u00e7lara bak\u0131yor, \u00e7evresine bak\u0131yor ve \u201cBen ne kadar da minici\u011fim&#8230;\u201d diyor. Ancak sonras\u0131nda kendisi fizi\u011fiyle k\u00fc\u00e7\u00fck olup yapt\u0131klar\u0131 iyilikler ve dokunu\u015flarla b\u00fcy\u00fck i\u015fler ba\u015farm\u0131\u015f insanlar\u0131 g\u00f6zlemliyor. \u00d6yk\u00fcm\u00fcz\u00fcn sonunda minik k\u0131z art\u0131k \u00e7ok b\u00fcy\u00fck!<\/p>\n","protected":false},"excerpt":{"rendered":"<p>Siz de bazen kendinizi bu evrende minicik hissediyor musunuz? \u00d6yk\u00fcdeki kahraman\u0131m\u0131z olan k\u00fc\u00e7\u00fck k\u0131z kendisini \u00f6yle hissediyor. A\u011fa\u00e7lara bak\u0131yor, \u00e7evresine bak\u0131yor ve \u201cBen ne kadar da<span class=\"excerpt-hellip\"> [\u2026]<\/span><\/p>\n","protected":false},"featured_media":0,"template":"","meta":{"_monsterinsights_skip_tracking":false,"_monsterinsights_sitenote_active":false,"_monsterinsights_sitenote_note":"","_monsterinsights_sitenote_category":0},"product_brand":[],"product_cat":[12913,12274],"product_tag":[],"class_list":{"0":"post-741879","1":"product","2":"type-product","3":"status-publish","5":"product_cat-3-6-yas-kitaplari","6":"product_cat-cocuk-ve-genclik-kitaplari","7":"pa_cilt-ciltsiz","8":"pa_tur-kitap","9":"pa_yayinevi-timas-cocuk","10":"pa_yazar-vanesaa-martinez","12":"first","13":"instock","14":"sale","15":"shipping-taxable","16":"purchasable","17":"product-type-simple"},"_links":{"self":[{"href":"https:\/\/roveyayinevi.com.tr\/index.php\/wp-json\/wp\/v2\/product\/741879","targetHints":{"allow":["GET"]}}],"collection":[{"href":"https:\/\/roveyayinevi.com.tr\/index.php\/wp-json\/wp\/v2\/product"}],"about":[{"href":"https:\/\/roveyayinevi.com.tr\/index.php\/wp-json\/wp\/v2\/types\/product"}],"wp:attachment":[{"href":"https:\/\/roveyayinevi.com.tr\/index.php\/wp-json\/wp\/v2\/media?parent=741879"}],"wp:term":[{"taxonomy":"product_brand","embeddable":true,"href":"https:\/\/roveyayinevi.com.tr\/index.php\/wp-json\/wp\/v2\/product_brand?post=741879"},{"taxonomy":"product_cat","embeddable":true,"href":"https:\/\/roveyayinevi.com.tr\/index.php\/wp-json\/wp\/v2\/product_cat?post=741879"},{"taxonomy":"product_tag","embeddable":true,"href":"https:\/\/roveyayinevi.com.tr\/index.php\/wp-json\/wp\/v2\/product_tag?post=741879"}],"curies":[{"name":"wp","href":"https:\/\/api.w.org\/{rel}","templated":true}]}}