{"id":741878,"date":"2025-08-28T00:59:02","date_gmt":"2025-08-27T21:59:02","guid":{"rendered":"https:\/\/roveyayinevi.com.tr\/index.php\/urun\/kayip-matara-guzel-dinim-tatli-degerlerim\/"},"modified":"2026-04-16T02:52:57","modified_gmt":"2026-04-15T23:52:57","slug":"kayip-matara-guzel-dinim-tatli-degerlerim","status":"publish","type":"product","link":"https:\/\/roveyayinevi.com.tr\/index.php\/urun\/kayip-matara-guzel-dinim-tatli-degerlerim\/","title":{"rendered":"Kay\u0131p Matara &#8211; G\u00fczel Dinim Tatl\u0131 De\u011ferlerim"},"content":{"rendered":"<p>&#8220;G\u00fczel Dinim Tatl\u0131 De\u011ferlerim&#8221; serisiyle \u00e7ocuklar\u0131n g\u00fczel bir hik\u00e2ye okumalar\u0131n\u0131n yan\u0131nda \u201cahlaki de\u011ferleri\u201d \u00f6\u011frenmeleri ama\u00e7lanmaktad\u0131r. Bu ama\u00e7 do\u011frultusunda yaz\u0131lan hik\u00e2yelerde, \u00e7ocuklar\u0131n ilgisini art\u0131rmak i\u00e7in farkl\u0131 bir teknik kullan\u0131lm\u0131\u015ft\u0131r. Kullan\u0131lan bu s\u0131ra d\u0131\u015f\u0131 teknikle, kitap sayfalar\u0131na nesneleri gizleyen \u201ckulak\u00e7\u0131klar\u201d eklenmi\u015ftir. B\u00f6ylece okurlar dura\u011fanl\u0131ktan kurtar\u0131l\u0131p \u201caktif\u201d h\u00e2le getirilmi\u015f, gizlenen nesneleri bulmaya y\u00f6nlendirilmi\u015ftir.Bakal\u0131m \u00e7ocuklar\u0131 bekleyen bu kitab\u0131n s\u0131rl\u0131 nesneleri ne?<\/p>\n","protected":false},"excerpt":{"rendered":"<p>&#8220;G\u00fczel Dinim Tatl\u0131 De\u011ferlerim&#8221; serisiyle \u00e7ocuklar\u0131n g\u00fczel bir hik\u00e2ye okumalar\u0131n\u0131n yan\u0131nda \u201cahlaki de\u011ferleri\u201d \u00f6\u011frenmeleri ama\u00e7lanmaktad\u0131r. Bu ama\u00e7 do\u011frultusunda yaz\u0131lan hik\u00e2yelerde, \u00e7ocuklar\u0131n ilgisini art\u0131rmak i\u00e7in farkl\u0131 bir<span class=\"excerpt-hellip\"> [\u2026]<\/span><\/p>\n","protected":false},"featured_media":0,"template":"","meta":{"_monsterinsights_skip_tracking":false,"_monsterinsights_sitenote_active":false,"_monsterinsights_sitenote_note":"","_monsterinsights_sitenote_category":0},"product_brand":[],"product_cat":[12274,15842],"product_tag":[],"class_list":{"0":"post-741878","1":"product","2":"type-product","3":"status-publish","5":"product_cat-cocuk-ve-genclik-kitaplari","6":"product_cat-egitici-kitaplar","7":"pa_cilt-ciltsiz","8":"pa_tur-kitap","9":"pa_yayinevi-timas-cocuk","10":"pa_yazar-arzu-aydos-demir","12":"first","13":"instock","14":"sale","15":"shipping-taxable","16":"purchasable","17":"product-type-simple"},"_links":{"self":[{"href":"https:\/\/roveyayinevi.com.tr\/index.php\/wp-json\/wp\/v2\/product\/741878","targetHints":{"allow":["GET"]}}],"collection":[{"href":"https:\/\/roveyayinevi.com.tr\/index.php\/wp-json\/wp\/v2\/product"}],"about":[{"href":"https:\/\/roveyayinevi.com.tr\/index.php\/wp-json\/wp\/v2\/types\/product"}],"wp:attachment":[{"href":"https:\/\/roveyayinevi.com.tr\/index.php\/wp-json\/wp\/v2\/media?parent=741878"}],"wp:term":[{"taxonomy":"product_brand","embeddable":true,"href":"https:\/\/roveyayinevi.com.tr\/index.php\/wp-json\/wp\/v2\/product_brand?post=741878"},{"taxonomy":"product_cat","embeddable":true,"href":"https:\/\/roveyayinevi.com.tr\/index.php\/wp-json\/wp\/v2\/product_cat?post=741878"},{"taxonomy":"product_tag","embeddable":true,"href":"https:\/\/roveyayinevi.com.tr\/index.php\/wp-json\/wp\/v2\/product_tag?post=741878"}],"curies":[{"name":"wp","href":"https:\/\/api.w.org\/{rel}","templated":true}]}}