{"id":741876,"date":"2025-08-28T00:59:00","date_gmt":"2025-08-27T21:59:00","guid":{"rendered":"https:\/\/roveyayinevi.com.tr\/index.php\/urun\/gelecegin-dahileri-genetik\/"},"modified":"2026-04-16T02:52:56","modified_gmt":"2026-04-15T23:52:56","slug":"gelecegin-dahileri-genetik","status":"publish","type":"product","link":"https:\/\/roveyayinevi.com.tr\/index.php\/urun\/gelecegin-dahileri-genetik\/","title":{"rendered":"Gelece\u011fin Dahileri Genetik"},"content":{"rendered":"<p>Gelece\u011fin d\u00e2hileriyle bilimin s\u0131rlar\u0131n\u0131 ke\u015ffedin! Sa\u00e7lar\u0131m\u0131z\u0131n rengi nas\u0131l belirlenir? Gen nedir? Peki ya azotlu bazlar? DNA\u2019n\u0131n bu b\u00fcy\u00fcleyici ke\u015ffindeValentina\u2019ya kat\u0131l\u0131n ve bir genetik dehas\u0131 olun! <\/p>\n","protected":false},"excerpt":{"rendered":"<p>Gelece\u011fin d\u00e2hileriyle bilimin s\u0131rlar\u0131n\u0131 ke\u015ffedin! Sa\u00e7lar\u0131m\u0131z\u0131n rengi nas\u0131l belirlenir? Gen nedir? Peki ya azotlu bazlar? DNA\u2019n\u0131n bu b\u00fcy\u00fcleyici ke\u015ffindeValentina\u2019ya kat\u0131l\u0131n ve bir genetik dehas\u0131 olun!<\/p>\n","protected":false},"featured_media":0,"template":"","meta":{"_monsterinsights_skip_tracking":false,"_monsterinsights_sitenote_active":false,"_monsterinsights_sitenote_note":"","_monsterinsights_sitenote_category":0},"product_brand":[],"product_cat":[12274,15842],"product_tag":[],"class_list":{"0":"post-741876","1":"product","2":"type-product","3":"status-publish","5":"product_cat-cocuk-ve-genclik-kitaplari","6":"product_cat-egitici-kitaplar","7":"pa_cilt-ciltsiz","8":"pa_tur-kitap","9":"pa_yayinevi-buyulu-fener-yayinlari","10":"pa_yazar-carlos-pazos","12":"first","13":"instock","14":"sale","15":"shipping-taxable","16":"purchasable","17":"product-type-simple"},"_links":{"self":[{"href":"https:\/\/roveyayinevi.com.tr\/index.php\/wp-json\/wp\/v2\/product\/741876","targetHints":{"allow":["GET"]}}],"collection":[{"href":"https:\/\/roveyayinevi.com.tr\/index.php\/wp-json\/wp\/v2\/product"}],"about":[{"href":"https:\/\/roveyayinevi.com.tr\/index.php\/wp-json\/wp\/v2\/types\/product"}],"wp:attachment":[{"href":"https:\/\/roveyayinevi.com.tr\/index.php\/wp-json\/wp\/v2\/media?parent=741876"}],"wp:term":[{"taxonomy":"product_brand","embeddable":true,"href":"https:\/\/roveyayinevi.com.tr\/index.php\/wp-json\/wp\/v2\/product_brand?post=741876"},{"taxonomy":"product_cat","embeddable":true,"href":"https:\/\/roveyayinevi.com.tr\/index.php\/wp-json\/wp\/v2\/product_cat?post=741876"},{"taxonomy":"product_tag","embeddable":true,"href":"https:\/\/roveyayinevi.com.tr\/index.php\/wp-json\/wp\/v2\/product_tag?post=741876"}],"curies":[{"name":"wp","href":"https:\/\/api.w.org\/{rel}","templated":true}]}}