{"id":741874,"date":"2025-08-28T00:58:57","date_gmt":"2025-08-27T21:58:57","guid":{"rendered":"https:\/\/roveyayinevi.com.tr\/index.php\/urun\/james-nora\/"},"modified":"2026-04-16T02:52:56","modified_gmt":"2026-04-15T23:52:56","slug":"james-nora","status":"publish","type":"product","link":"https:\/\/roveyayinevi.com.tr\/index.php\/urun\/james-nora\/","title":{"rendered":"James &amp; Nora"},"content":{"rendered":"<p>\u201cJames, Nora\u2019y\u0131 Nassau Caddesinde g\u00f6rd\u00fc ve konu\u015fmak i\u00e7in durdular. Nora onun bir Vikingin mavi g\u00f6zlerine sahip oldu\u011funu ge\u00e7irdi akl\u0131ndan. James yirmi iki ya\u015f\u0131ndayd\u0131, Nora ise yirmi. Ertesi g\u00fcn Merrion Meydan\u0131nda Sir William Wilde\u2019\u0131n ya\u015fad\u0131\u011f\u0131 1 numaral\u0131 evin \u00f6n\u00fcnde bulu\u015fmak \u00fczere s\u00f6zle\u015ftiler.\u201d Ancak Nora o g\u00fcn gelmedi\u2026   James Joyce ile Nora aras\u0131ndaki tutkulu, gelgitli ve yer yer sa\u011fl\u0131ks\u0131z a\u015fka genel bir bak\u0131\u015f sunuyor James ve Nora. E\u011fitimsiz, toy bir k\u0131z olan Nora\u2019yla, onu ilham perisi yap\u0131p eserlerine ta\u015f\u0131yan James Joyce\u2019un \u00f6l\u00fcme dek s\u00fcren beraberliklerinin y\u00fcce, s\u0131\u011f ve \u00e7alkant\u0131l\u0131 hik\u00e2yesi.     <\/p>\n","protected":false},"excerpt":{"rendered":"<p>\u201cJames, Nora\u2019y\u0131 Nassau Caddesinde g\u00f6rd\u00fc ve konu\u015fmak i\u00e7in durdular. Nora onun bir Vikingin mavi g\u00f6zlerine sahip oldu\u011funu ge\u00e7irdi akl\u0131ndan. James yirmi iki ya\u015f\u0131ndayd\u0131, Nora ise yirmi.<span class=\"excerpt-hellip\"> [\u2026]<\/span><\/p>\n","protected":false},"featured_media":0,"template":"","meta":{"_monsterinsights_skip_tracking":false,"_monsterinsights_sitenote_active":false,"_monsterinsights_sitenote_note":"","_monsterinsights_sitenote_category":0},"product_brand":[],"product_cat":[14009,12291],"product_tag":[],"class_list":{"0":"post-741874","1":"product","2":"type-product","3":"status-publish","5":"product_cat-biyografi-otobiyografi-edebiyat","6":"product_cat-edebiyat","7":"pa_cilt-ciltsiz","8":"pa_tur-kitap","9":"pa_yayinevi-alfa-yayinlari","10":"pa_yazar-edna-obien","12":"first","13":"instock","14":"sale","15":"shipping-taxable","16":"purchasable","17":"product-type-simple"},"_links":{"self":[{"href":"https:\/\/roveyayinevi.com.tr\/index.php\/wp-json\/wp\/v2\/product\/741874","targetHints":{"allow":["GET"]}}],"collection":[{"href":"https:\/\/roveyayinevi.com.tr\/index.php\/wp-json\/wp\/v2\/product"}],"about":[{"href":"https:\/\/roveyayinevi.com.tr\/index.php\/wp-json\/wp\/v2\/types\/product"}],"wp:attachment":[{"href":"https:\/\/roveyayinevi.com.tr\/index.php\/wp-json\/wp\/v2\/media?parent=741874"}],"wp:term":[{"taxonomy":"product_brand","embeddable":true,"href":"https:\/\/roveyayinevi.com.tr\/index.php\/wp-json\/wp\/v2\/product_brand?post=741874"},{"taxonomy":"product_cat","embeddable":true,"href":"https:\/\/roveyayinevi.com.tr\/index.php\/wp-json\/wp\/v2\/product_cat?post=741874"},{"taxonomy":"product_tag","embeddable":true,"href":"https:\/\/roveyayinevi.com.tr\/index.php\/wp-json\/wp\/v2\/product_tag?post=741874"}],"curies":[{"name":"wp","href":"https:\/\/api.w.org\/{rel}","templated":true}]}}