{"id":741873,"date":"2025-08-28T00:58:55","date_gmt":"2025-08-27T21:58:55","guid":{"rendered":"https:\/\/roveyayinevi.com.tr\/index.php\/urun\/365-gunde-sevgili-peygamberim-fleksi-cilt\/"},"modified":"2026-04-16T02:52:56","modified_gmt":"2026-04-15T23:52:56","slug":"365-gunde-sevgili-peygamberim-fleksi-cilt","status":"publish","type":"product","link":"https:\/\/roveyayinevi.com.tr\/index.php\/urun\/365-gunde-sevgili-peygamberim-fleksi-cilt\/","title":{"rendered":"365 G\u00fcnde Sevgili Peygamberim (Fleksi Cilt)"},"content":{"rendered":"<p>\u201cG\u00fcl y\u00fczl\u00fc g\u00fczel \u00c7ocuk!Peygamberin, seni \u00e7ok severdi.T\u0131pk\u0131 Hasan\u2019\u0131n\u0131, H\u00fcseyin\u2019ini, Rukiyye\u2019sini,T\u0131pk\u0131 \u00dcs\u00e2me\u2019sini sevdi\u011fi gibi.T\u0131pk\u0131 Fat\u0131ma\u2019s\u0131n\u0131, \u00dcmm\u00fc G\u00fcls\u00fcm\u2019\u00fcn\u00fc sevdi\u011fi gibi.G\u00fcl y\u00fczl\u00fc g\u00fczel \u00c7ocuk!Sen, O\u2019nun Zeyneb\u2019i, Esm\u00e2\u2019s\u0131, Enes\u2019i, Be\u015fir\u2019i, Abdullah\u2019\u0131s\u0131n.Bir baba evlad\u0131n\u0131 nas\u0131l sever, \u00f6yle severdi seni.O, sevgisiyle, \u015fefkat ve merhametiyle senin manevi baband\u0131r \u00e7\u00fcnk\u00fc.O(sav), hepimizin babas\u0131!T\u00e2 o zamandan sana selam yollam\u0131\u015ft\u0131, biliyor musun? \u201cNe mutlu beni g\u00f6rmeden iman edene\u201d diyerek seni tebrik etmi\u015fti.Ey g\u00fcl y\u00fczl\u00fc g\u00fczel \u00c7ocuk!G\u00fcl\u2019\u00fc seversin de\u011fil mi?G\u00fcl, kokusunu O\u2019ndan alm\u0131\u015f bilir misin?Seni seven Peygamberinin hayat\u0131 bir \u201cG\u00fcl Bah\u00e7esi.\u201dNurdan Damla ablan seni bu bah\u00e7eye \u00e7a\u011f\u0131r\u0131yor. Gir bu bah\u00e7eye; seyret reng\u00e2renk g\u00fczel g\u00fclleri, i\u00e7ine \u00e7ek bin bir \u00e7e\u015fit nefis kokular\u0131.G\u00f6receksin, sen de bir G\u00fcl oluvermi\u015fsin birden.Bakmaya imrenilen, koklamaya doyulmayan bir G\u00fcl!Ve eminim; \u201cBen de Peygamberimin d\u00f6neminde bir Be\u015fir, bir Enes, bir \u00dcs\u00e2me, bir Zeynep, bir Esma olsayd\u0131m ke\u015fke. Ah ne olurdu, benim de sa\u00e7lar\u0131m\u0131 sevgiyle, \u015fefkatle ok\u015fasayd\u0131. Bana da ke\u015fke; \u2018Baban Ben, annen \u00c2i\u015fe olsun istemez misin\u2019 deseydi.\u201d diyeceksin i\u00e7inden.G\u00fcl y\u00fczl\u00fc g\u00fczel \u00c7ocuk!Unutma!O (sav), seni mutlu etmek i\u00e7in geldi d\u00fcnyaya.Seni mutlu etmek isteyeni bilmek, tan\u0131mak istemez misin?\u201d<\/p>\n","protected":false},"excerpt":{"rendered":"<p>\u201cG\u00fcl y\u00fczl\u00fc g\u00fczel \u00c7ocuk!Peygamberin, seni \u00e7ok severdi.T\u0131pk\u0131 Hasan\u2019\u0131n\u0131, H\u00fcseyin\u2019ini, Rukiyye\u2019sini,T\u0131pk\u0131 \u00dcs\u00e2me\u2019sini sevdi\u011fi gibi.T\u0131pk\u0131 Fat\u0131ma\u2019s\u0131n\u0131, \u00dcmm\u00fc G\u00fcls\u00fcm\u2019\u00fcn\u00fc sevdi\u011fi gibi.G\u00fcl y\u00fczl\u00fc g\u00fczel \u00c7ocuk!Sen, O\u2019nun Zeyneb\u2019i, Esm\u00e2\u2019s\u0131, Enes\u2019i, Be\u015fir\u2019i,<span class=\"excerpt-hellip\"> [\u2026]<\/span><\/p>\n","protected":false},"featured_media":0,"template":"","meta":{"_monsterinsights_skip_tracking":false,"_monsterinsights_sitenote_active":false,"_monsterinsights_sitenote_note":"","_monsterinsights_sitenote_category":0},"product_brand":[],"product_cat":[12274,12284],"product_tag":[],"class_list":{"0":"post-741873","1":"product","2":"type-product","3":"status-publish","5":"product_cat-cocuk-ve-genclik-kitaplari","6":"product_cat-hikayeler","7":"pa_cilt-ciltsiz","8":"pa_tur-kitap","9":"pa_yayinevi-timas-cocuk","10":"pa_yazar-nurdan-damla","12":"first","13":"instock","14":"sale","15":"shipping-taxable","16":"purchasable","17":"product-type-simple"},"_links":{"self":[{"href":"https:\/\/roveyayinevi.com.tr\/index.php\/wp-json\/wp\/v2\/product\/741873","targetHints":{"allow":["GET"]}}],"collection":[{"href":"https:\/\/roveyayinevi.com.tr\/index.php\/wp-json\/wp\/v2\/product"}],"about":[{"href":"https:\/\/roveyayinevi.com.tr\/index.php\/wp-json\/wp\/v2\/types\/product"}],"wp:attachment":[{"href":"https:\/\/roveyayinevi.com.tr\/index.php\/wp-json\/wp\/v2\/media?parent=741873"}],"wp:term":[{"taxonomy":"product_brand","embeddable":true,"href":"https:\/\/roveyayinevi.com.tr\/index.php\/wp-json\/wp\/v2\/product_brand?post=741873"},{"taxonomy":"product_cat","embeddable":true,"href":"https:\/\/roveyayinevi.com.tr\/index.php\/wp-json\/wp\/v2\/product_cat?post=741873"},{"taxonomy":"product_tag","embeddable":true,"href":"https:\/\/roveyayinevi.com.tr\/index.php\/wp-json\/wp\/v2\/product_tag?post=741873"}],"curies":[{"name":"wp","href":"https:\/\/api.w.org\/{rel}","templated":true}]}}