{"id":741870,"date":"2025-08-28T00:58:52","date_gmt":"2025-08-27T21:58:52","guid":{"rendered":"https:\/\/roveyayinevi.com.tr\/index.php\/urun\/gelecegin-dahileri-robotik-ve-yapay-zeka\/"},"modified":"2026-04-16T02:52:56","modified_gmt":"2026-04-15T23:52:56","slug":"gelecegin-dahileri-robotik-ve-yapay-zeka","status":"publish","type":"product","link":"https:\/\/roveyayinevi.com.tr\/index.php\/urun\/gelecegin-dahileri-robotik-ve-yapay-zeka\/","title":{"rendered":"Gelece\u011fin Dahileri Robotik Ve Yapay Zeka"},"content":{"rendered":"<p>Gelece\u011fin d\u00e2hileriyle bilimin s\u0131rlar\u0131n\u0131 ke\u015ffedin! Bir robotun i\u00e7inde neler var biliyor musunuz? Peki ya algoritman\u0131n ne oldu\u011funu? Yapay zek\u00e2ya sahip olmak nas\u0131l m\u00fcmk\u00fcn olabilir? Bu ke\u015fif yolculu\u011funa Valentina ve Turing ile kat\u0131l\u0131n, bir robotik dehas\u0131 olun! <\/p>\n","protected":false},"excerpt":{"rendered":"<p>Gelece\u011fin d\u00e2hileriyle bilimin s\u0131rlar\u0131n\u0131 ke\u015ffedin! Bir robotun i\u00e7inde neler var biliyor musunuz? Peki ya algoritman\u0131n ne oldu\u011funu? Yapay zek\u00e2ya sahip olmak nas\u0131l m\u00fcmk\u00fcn olabilir? Bu ke\u015fif<span class=\"excerpt-hellip\"> [\u2026]<\/span><\/p>\n","protected":false},"featured_media":0,"template":"","meta":{"_monsterinsights_skip_tracking":false,"_monsterinsights_sitenote_active":false,"_monsterinsights_sitenote_note":"","_monsterinsights_sitenote_category":0},"product_brand":[],"product_cat":[12274,15842],"product_tag":[],"class_list":{"0":"post-741870","1":"product","2":"type-product","3":"status-publish","5":"product_cat-cocuk-ve-genclik-kitaplari","6":"product_cat-egitici-kitaplar","7":"pa_cilt-ciltsiz","8":"pa_tur-kitap","9":"pa_yayinevi-buyulu-fener-yayinlari","10":"pa_yazar-carlos-pazos","12":"first","13":"instock","14":"sale","15":"shipping-taxable","16":"purchasable","17":"product-type-simple"},"_links":{"self":[{"href":"https:\/\/roveyayinevi.com.tr\/index.php\/wp-json\/wp\/v2\/product\/741870","targetHints":{"allow":["GET"]}}],"collection":[{"href":"https:\/\/roveyayinevi.com.tr\/index.php\/wp-json\/wp\/v2\/product"}],"about":[{"href":"https:\/\/roveyayinevi.com.tr\/index.php\/wp-json\/wp\/v2\/types\/product"}],"wp:attachment":[{"href":"https:\/\/roveyayinevi.com.tr\/index.php\/wp-json\/wp\/v2\/media?parent=741870"}],"wp:term":[{"taxonomy":"product_brand","embeddable":true,"href":"https:\/\/roveyayinevi.com.tr\/index.php\/wp-json\/wp\/v2\/product_brand?post=741870"},{"taxonomy":"product_cat","embeddable":true,"href":"https:\/\/roveyayinevi.com.tr\/index.php\/wp-json\/wp\/v2\/product_cat?post=741870"},{"taxonomy":"product_tag","embeddable":true,"href":"https:\/\/roveyayinevi.com.tr\/index.php\/wp-json\/wp\/v2\/product_tag?post=741870"}],"curies":[{"name":"wp","href":"https:\/\/api.w.org\/{rel}","templated":true}]}}