{"id":741866,"date":"2025-08-28T00:58:46","date_gmt":"2025-08-27T21:58:46","guid":{"rendered":"https:\/\/roveyayinevi.com.tr\/index.php\/urun\/yelkovan-kuslari\/"},"modified":"2026-03-25T20:26:41","modified_gmt":"2026-03-25T17:26:41","slug":"yelkovan-kuslari","status":"publish","type":"product","link":"https:\/\/roveyayinevi.com.tr\/index.php\/urun\/yelkovan-kuslari\/","title":{"rendered":"Yelkovan Ku\u015flar\u0131"},"content":{"rendered":"<p>Do\u011fdu\u011fun \u015fehri Mantar tabancas\u0131 ile basan O \u00e7ocuk bendim   R\u00fczg\u00e2r Entarini havaland\u0131rd\u0131\u011f\u0131nda Utanan da ben   Bir oyundu asl\u0131nda Kar\u0131ncalar\u0131n yuvalar\u0131n\u0131 da\u011f\u0131tmak G\u00fcnah\u0131n\u0131 almad\u0131m   Demek ac\u0131s\u0131 olmayan\u0131n Eli de ovulmazm\u0131\u015f     Pe\u015fimde uzun zamand\u0131r Bo\u011fan otu toplayan c\u00fcceler var Elleri k\u00fcfl\u00fc zehir   Sen tanr\u0131s\u0131n Ben kar\u0131nca yuvas\u0131 da\u011f\u0131tan Yi\u011fitlikte e\u015fit miyiz \u0130\u015fte o zaman bu zaman   \u2018\u2018o\u2019\u2019nu b\u0131rak beni al   <\/p>\n","protected":false},"excerpt":{"rendered":"<p>Do\u011fdu\u011fun \u015fehri Mantar tabancas\u0131 ile basan O \u00e7ocuk bendim R\u00fczg\u00e2r Entarini havaland\u0131rd\u0131\u011f\u0131nda Utanan da ben Bir oyundu asl\u0131nda Kar\u0131ncalar\u0131n yuvalar\u0131n\u0131 da\u011f\u0131tmak G\u00fcnah\u0131n\u0131 almad\u0131m Demek ac\u0131s\u0131 olmayan\u0131n<span class=\"excerpt-hellip\"> [\u2026]<\/span><\/p>\n","protected":false},"featured_media":0,"template":"","meta":{"_monsterinsights_skip_tracking":false,"_monsterinsights_sitenote_active":false,"_monsterinsights_sitenote_note":"","_monsterinsights_sitenote_category":0},"product_brand":[],"product_cat":[12291,12509],"product_tag":[],"class_list":{"0":"post-741866","1":"product","2":"type-product","3":"status-publish","5":"product_cat-edebiyat","6":"product_cat-siir","7":"pa_cilt-ciltsiz","8":"pa_tur-kitap","9":"pa_yayinevi-favori-yayinlari","10":"pa_yazar-onder-yilmaz","12":"first","13":"instock","14":"sale","15":"shipping-taxable","16":"purchasable","17":"product-type-simple"},"_links":{"self":[{"href":"https:\/\/roveyayinevi.com.tr\/index.php\/wp-json\/wp\/v2\/product\/741866","targetHints":{"allow":["GET"]}}],"collection":[{"href":"https:\/\/roveyayinevi.com.tr\/index.php\/wp-json\/wp\/v2\/product"}],"about":[{"href":"https:\/\/roveyayinevi.com.tr\/index.php\/wp-json\/wp\/v2\/types\/product"}],"wp:attachment":[{"href":"https:\/\/roveyayinevi.com.tr\/index.php\/wp-json\/wp\/v2\/media?parent=741866"}],"wp:term":[{"taxonomy":"product_brand","embeddable":true,"href":"https:\/\/roveyayinevi.com.tr\/index.php\/wp-json\/wp\/v2\/product_brand?post=741866"},{"taxonomy":"product_cat","embeddable":true,"href":"https:\/\/roveyayinevi.com.tr\/index.php\/wp-json\/wp\/v2\/product_cat?post=741866"},{"taxonomy":"product_tag","embeddable":true,"href":"https:\/\/roveyayinevi.com.tr\/index.php\/wp-json\/wp\/v2\/product_tag?post=741866"}],"curies":[{"name":"wp","href":"https:\/\/api.w.org\/{rel}","templated":true}]}}