{"id":741865,"date":"2025-08-28T00:58:44","date_gmt":"2025-08-27T21:58:44","guid":{"rendered":"https:\/\/roveyayinevi.com.tr\/index.php\/urun\/evvel-zaman-koleksiyoncusu\/"},"modified":"2026-04-16T02:52:56","modified_gmt":"2026-04-15T23:52:56","slug":"evvel-zaman-koleksiyoncusu","status":"publish","type":"product","link":"https:\/\/roveyayinevi.com.tr\/index.php\/urun\/evvel-zaman-koleksiyoncusu\/","title":{"rendered":"Evvel Zaman Koleksiyoncusu"},"content":{"rendered":"<p>Unutmak, unutulana verilecek en b\u00fcy\u00fck cezad\u0131r.Cezas\u0131n\u0131 y\u00fczy\u0131llar \u00f6nce \u00e7ekmi\u015f, tarihin karanl\u0131k ve kasvetli dehlizlerinden kopupgelen bir Evvel Zaman Koleksiyoncusu&#8230; Osmanl\u0131 \u0130mparatorlu\u011fu\u2019nun eng\u00f6rkemli d\u00f6nemine tan\u0131kl\u0131k eden; Topkap\u0131 Saray\u0131, T\u00fcrk ve \u0130slam EserleriM\u00fczesi ve \u0130stanbul\u2019un belirli noktalar\u0131na b\u0131rak\u0131lm\u0131\u015f \u015fifreli kan\u0131tlar&#8230; Yedi iklim\u00fc\u00e7 k\u0131tan\u0131n Padi\u015fah\u0131 Kanuni Sultan S\u00fcleyman Han ile Osmanl\u0131\u0130mparatorlu\u011fu\u2019nun en kudretli sadrazam\u0131n\u0131 kar\u015f\u0131 kar\u015f\u0131ya getiren gerilim veaksiyon y\u00fckl\u00fc olaylar silsilesi! T\u00fcm bunlar\u0131n neticesinde cinayete kurban gitmi\u015f,b\u0131rakt\u0131\u011f\u0131 delillerle son \u00e2na kadar katilini buldurmaya \u00e7al\u0131\u015fan bir matematik\u00f6\u011fretmeni&#8230;\u015eifre Bilimci Milas Ulukan ve \u015eifreli Dosyalar ekibi, ayd\u0131nlatmaya \u00e7al\u0131\u015ft\u0131klar\u0131s\u0131rr\u0131n y\u00fczy\u0131llard\u0131r tarihin karanl\u0131k sat\u0131rlar\u0131nda gizlendi\u011fini anlarlar. Bu gizemlitarih cinayetinin haberini yapmaya \u00e7al\u0131\u015fan bas\u0131n organlar\u0131 ise tek bir man\u015fet\u00fczerine yo\u011funla\u015fm\u0131\u015ft\u0131r:\u201cEvvel Zaman Koleksiyoncusu, Haf\u0131za Koleksiyoncusu\u2019na kar\u015f\u0131!\u201d<\/p>\n","protected":false},"excerpt":{"rendered":"<p>Unutmak, unutulana verilecek en b\u00fcy\u00fck cezad\u0131r.Cezas\u0131n\u0131 y\u00fczy\u0131llar \u00f6nce \u00e7ekmi\u015f, tarihin karanl\u0131k ve kasvetli dehlizlerinden kopupgelen bir Evvel Zaman Koleksiyoncusu&#8230; Osmanl\u0131 \u0130mparatorlu\u011fu\u2019nun eng\u00f6rkemli d\u00f6nemine tan\u0131kl\u0131k eden; Topkap\u0131<span class=\"excerpt-hellip\"> [\u2026]<\/span><\/p>\n","protected":false},"featured_media":0,"template":"","meta":{"_monsterinsights_skip_tracking":false,"_monsterinsights_sitenote_active":false,"_monsterinsights_sitenote_note":"","_monsterinsights_sitenote_category":0},"product_brand":[],"product_cat":[12274,12284],"product_tag":[],"class_list":{"0":"post-741865","1":"product","2":"type-product","3":"status-publish","5":"product_cat-cocuk-ve-genclik-kitaplari","6":"product_cat-hikayeler","7":"pa_cilt-ciltsiz","8":"pa_tur-kitap","9":"pa_yayinevi-genc-timas","10":"pa_yazar-kayahan-demir","12":"first","13":"instock","14":"sale","15":"shipping-taxable","16":"purchasable","17":"product-type-simple"},"_links":{"self":[{"href":"https:\/\/roveyayinevi.com.tr\/index.php\/wp-json\/wp\/v2\/product\/741865","targetHints":{"allow":["GET"]}}],"collection":[{"href":"https:\/\/roveyayinevi.com.tr\/index.php\/wp-json\/wp\/v2\/product"}],"about":[{"href":"https:\/\/roveyayinevi.com.tr\/index.php\/wp-json\/wp\/v2\/types\/product"}],"wp:attachment":[{"href":"https:\/\/roveyayinevi.com.tr\/index.php\/wp-json\/wp\/v2\/media?parent=741865"}],"wp:term":[{"taxonomy":"product_brand","embeddable":true,"href":"https:\/\/roveyayinevi.com.tr\/index.php\/wp-json\/wp\/v2\/product_brand?post=741865"},{"taxonomy":"product_cat","embeddable":true,"href":"https:\/\/roveyayinevi.com.tr\/index.php\/wp-json\/wp\/v2\/product_cat?post=741865"},{"taxonomy":"product_tag","embeddable":true,"href":"https:\/\/roveyayinevi.com.tr\/index.php\/wp-json\/wp\/v2\/product_tag?post=741865"}],"curies":[{"name":"wp","href":"https:\/\/api.w.org\/{rel}","templated":true}]}}