{"id":741864,"date":"2025-08-28T00:58:43","date_gmt":"2025-08-27T21:58:43","guid":{"rendered":"https:\/\/roveyayinevi.com.tr\/index.php\/urun\/kafa-patlatan-kelime-oyunlari\/"},"modified":"2026-04-16T02:52:56","modified_gmt":"2026-04-15T23:52:56","slug":"kafa-patlatan-kelime-oyunlari","status":"publish","type":"product","link":"https:\/\/roveyayinevi.com.tr\/index.php\/urun\/kafa-patlatan-kelime-oyunlari\/","title":{"rendered":"Kafa Patlatan Kelime Oyunlar\u0131"},"content":{"rendered":"<p>&#8220;Ne kadar zeki, \u00e7al\u0131\u015fkan ve dikkatli olursan\u0131z olun ba\u015far\u0131n\u0131n yolu, odaklanabilmek, do\u011fru kelimelerle kendini iyi ifade edebilmek ve \u00fcretici d\u00fc\u015f\u00fcnebilmekten ge\u00e7iyor. Birbirinden ilgin\u00e7 ve zevkli bulmacalar\u0131yla Kafa Patlatan Kelime Oyunlar\u0131 hem dikkatinizi ve dil becerinizi geli\u015ftirecek hem de sizi kal\u0131plar\u0131n d\u0131\u015f\u0131nda d\u00fc\u015f\u00fcnmeye ve \u00fcretmeye sevk edecek. Kelime t\u00fcretme, Eksik harfleri bulma, Birle\u015fik s\u00f6zler \u00fcretme, Kelime av\u0131, Kar\u0131\u015f\u0131k harflerden anlaml\u0131 kelimeler elde etme, Ve s\u00f6zel zek\u00e2ya bire bir daha onlarca t\u00fcrde kelime oyunuyla beyin f\u0131rt\u0131nas\u0131 yapacak, kelime hazinenizi her g\u00fcn daha da g\u00fc\u00e7lendirecek, tam bir &#8220;&#8221;Kelime Cambaz\u0131 &#8220;&#8221; olacaks\u0131n\u0131z! Art\u0131k bu s\u00f6zc\u00fck karma\u015fas\u0131n\u0131n i\u00e7inden \u00e7\u0131kabilmek i\u00e7in tek yapman\u0131z gereken harflere h\u00fckmetmek. Haydi, o zaman, bu kitab\u0131 kap\u0131n ve kelimeleri parma\u011f\u0131n\u0131zda oynat\u0131n! &#8220;<\/p>\n","protected":false},"excerpt":{"rendered":"<p>&#8220;Ne kadar zeki, \u00e7al\u0131\u015fkan ve dikkatli olursan\u0131z olun ba\u015far\u0131n\u0131n yolu, odaklanabilmek, do\u011fru kelimelerle kendini iyi ifade edebilmek ve \u00fcretici d\u00fc\u015f\u00fcnebilmekten ge\u00e7iyor. Birbirinden ilgin\u00e7 ve zevkli bulmacalar\u0131yla<span class=\"excerpt-hellip\"> [\u2026]<\/span><\/p>\n","protected":false},"featured_media":0,"template":"","meta":{"_monsterinsights_skip_tracking":false,"_monsterinsights_sitenote_active":false,"_monsterinsights_sitenote_note":"","_monsterinsights_sitenote_category":0},"product_brand":[],"product_cat":[12492,12274],"product_tag":[],"class_list":{"0":"post-741864","1":"product","2":"type-product","3":"status-publish","5":"product_cat-bilmece-bulmaca","6":"product_cat-cocuk-ve-genclik-kitaplari","7":"pa_cilt-ciltsiz","8":"pa_tur-kitap","9":"pa_yayinevi-eglenceli-bilgi-yayinlari","10":"pa_yazar-murat-takma","12":"first","13":"instock","14":"sale","15":"shipping-taxable","16":"purchasable","17":"product-type-simple"},"_links":{"self":[{"href":"https:\/\/roveyayinevi.com.tr\/index.php\/wp-json\/wp\/v2\/product\/741864","targetHints":{"allow":["GET"]}}],"collection":[{"href":"https:\/\/roveyayinevi.com.tr\/index.php\/wp-json\/wp\/v2\/product"}],"about":[{"href":"https:\/\/roveyayinevi.com.tr\/index.php\/wp-json\/wp\/v2\/types\/product"}],"wp:attachment":[{"href":"https:\/\/roveyayinevi.com.tr\/index.php\/wp-json\/wp\/v2\/media?parent=741864"}],"wp:term":[{"taxonomy":"product_brand","embeddable":true,"href":"https:\/\/roveyayinevi.com.tr\/index.php\/wp-json\/wp\/v2\/product_brand?post=741864"},{"taxonomy":"product_cat","embeddable":true,"href":"https:\/\/roveyayinevi.com.tr\/index.php\/wp-json\/wp\/v2\/product_cat?post=741864"},{"taxonomy":"product_tag","embeddable":true,"href":"https:\/\/roveyayinevi.com.tr\/index.php\/wp-json\/wp\/v2\/product_tag?post=741864"}],"curies":[{"name":"wp","href":"https:\/\/api.w.org\/{rel}","templated":true}]}}