{"id":741863,"date":"2025-08-28T00:58:42","date_gmt":"2025-08-27T21:58:42","guid":{"rendered":"https:\/\/roveyayinevi.com.tr\/index.php\/urun\/hatirla-sevgili\/"},"modified":"2026-04-16T02:52:56","modified_gmt":"2026-04-15T23:52:56","slug":"hatirla-sevgili","status":"publish","type":"product","link":"https:\/\/roveyayinevi.com.tr\/index.php\/urun\/hatirla-sevgili\/","title":{"rendered":"Hat\u0131rla Sevgili"},"content":{"rendered":"<p>Unutamam seni Okul s\u0131ralar\u0131ndaki foto\u011fraf\u0131n\u0131 S\u00fczg\u00fcn bu\u011fulu bak\u0131\u015f\u0131n\u0131 Ela g\u00f6zlerini Mehtapl\u0131 y\u00fcz\u00fcn\u00fc Beline kadar inen siyah sa\u00e7lar\u0131n\u0131 B\u00f6rk\u00e7\u00fc\u2019deki zeytinli\u011fi, t\u00fct\u00fcn tarlas\u0131n\u0131 Mavi lastik pabucunu K\u0131nal\u0131 ellerini, ak topuklar\u0131n\u0131 Ba\u015f\u0131ndaki sar\u0131 ye\u015fil \u00e7i\u00e7ekli yazmay\u0131 Tenime dokununca hissetti\u011fim o hafif esintiyi Halkal\u0131\u2019y\u0131 Mutlulu\u011fumuzu, sevgimizi, sevincimizi Seke seke ko\u015farak gitti\u011fimiz Kozp\u0131nar\u0131\u2019n\u0131 Nar dolu irimlerden ge\u00e7ti\u011fimiz Antik ta\u015f yolu Ad\u0131na \u015fehir kurulmu\u015f\u00f6l\u00fcms\u00fcz kent Stratonikeia\u2019y\u0131 Eski k\u00f6y\u00fc, Eskihisar\u2019\u0131, Karya\u2019y\u0131 Ulu \u00e7\u0131narlar\u0131, a\u015fk kokan s\u00fcmb\u00fclleri \u015eebboylar\u0131, leylaklar\u0131, menek\u015feleri Antik s\u00fctundaki sarma\u015f\u0131k g\u00fclleri B\u00f6\u011f\u00fcrtlen yedi\u011fimiz g\u00fcnleri Hepsi bir bir akl\u0131mda Unutamam Seni Stratonikeia G\u00fczeli   <\/p>\n","protected":false},"excerpt":{"rendered":"<p>Unutamam seni Okul s\u0131ralar\u0131ndaki foto\u011fraf\u0131n\u0131 S\u00fczg\u00fcn bu\u011fulu bak\u0131\u015f\u0131n\u0131 Ela g\u00f6zlerini Mehtapl\u0131 y\u00fcz\u00fcn\u00fc Beline kadar inen siyah sa\u00e7lar\u0131n\u0131 B\u00f6rk\u00e7\u00fc\u2019deki zeytinli\u011fi, t\u00fct\u00fcn tarlas\u0131n\u0131 Mavi lastik pabucunu K\u0131nal\u0131 ellerini,<span class=\"excerpt-hellip\"> [\u2026]<\/span><\/p>\n","protected":false},"featured_media":0,"template":"","meta":{"_monsterinsights_skip_tracking":false,"_monsterinsights_sitenote_active":false,"_monsterinsights_sitenote_note":"","_monsterinsights_sitenote_category":0},"product_brand":[],"product_cat":[18545,12291],"product_tag":[],"class_list":{"0":"post-741863","1":"product","2":"type-product","3":"status-publish","5":"product_cat-anlati","6":"product_cat-edebiyat","7":"pa_cilt-ciltsiz","8":"pa_tur-kitap","9":"pa_yayinevi-favori-yayinlari","10":"pa_yazar-turgay-mutlu","12":"first","13":"instock","14":"sale","15":"shipping-taxable","16":"purchasable","17":"product-type-simple"},"_links":{"self":[{"href":"https:\/\/roveyayinevi.com.tr\/index.php\/wp-json\/wp\/v2\/product\/741863","targetHints":{"allow":["GET"]}}],"collection":[{"href":"https:\/\/roveyayinevi.com.tr\/index.php\/wp-json\/wp\/v2\/product"}],"about":[{"href":"https:\/\/roveyayinevi.com.tr\/index.php\/wp-json\/wp\/v2\/types\/product"}],"wp:attachment":[{"href":"https:\/\/roveyayinevi.com.tr\/index.php\/wp-json\/wp\/v2\/media?parent=741863"}],"wp:term":[{"taxonomy":"product_brand","embeddable":true,"href":"https:\/\/roveyayinevi.com.tr\/index.php\/wp-json\/wp\/v2\/product_brand?post=741863"},{"taxonomy":"product_cat","embeddable":true,"href":"https:\/\/roveyayinevi.com.tr\/index.php\/wp-json\/wp\/v2\/product_cat?post=741863"},{"taxonomy":"product_tag","embeddable":true,"href":"https:\/\/roveyayinevi.com.tr\/index.php\/wp-json\/wp\/v2\/product_tag?post=741863"}],"curies":[{"name":"wp","href":"https:\/\/api.w.org\/{rel}","templated":true}]}}