{"id":741862,"date":"2025-08-28T00:58:40","date_gmt":"2025-08-27T21:58:40","guid":{"rendered":"https:\/\/roveyayinevi.com.tr\/index.php\/urun\/dusler-vadisi-mavinin-kizi-emily-5\/"},"modified":"2026-04-16T02:52:56","modified_gmt":"2026-04-15T23:52:56","slug":"dusler-vadisi-mavinin-kizi-emily-5","status":"publish","type":"product","link":"https:\/\/roveyayinevi.com.tr\/index.php\/urun\/dusler-vadisi-mavinin-kizi-emily-5\/","title":{"rendered":"D\u00fc\u015fler Vadisi &#8211; Mavinin K\u0131z\u0131 Emily 5"},"content":{"rendered":"<p>Emily, e\u011fitim almak i\u00e7in Shrewsbury\u2019deki okula kaydolur. Elizabeth Teyze\u2019ye e\u011fitimi s\u00fcresince dersleri ile ilgili yaz\u0131lar d\u0131\u015f\u0131nda \u00f6yk\u00fcler yazmayaca\u011f\u0131na s\u00f6z vermi\u015ftir. Ama Emily, onun i\u00e7in en b\u00fcy\u00fck s\u0131\u011f\u0131nak olan yazmaktan ger\u00e7ekten uzak kalabilecek mi? Bununla birlikte Ruth Teyze\u2019nin evinde onunla birlikte ya\u015famak da Emily i\u00e7in ayr\u0131 bir s\u0131nav olacakt\u0131r. Her \u015feyde sevebilece\u011fi bir y\u00f6n bulmay\u0131 ba\u015faran Emily, bu yeni \u015fehre, yeni okuluna ve yeni arkada\u015flar\u0131na al\u0131\u015fabilecek mi?<\/p>\n","protected":false},"excerpt":{"rendered":"<p>Emily, e\u011fitim almak i\u00e7in Shrewsbury\u2019deki okula kaydolur. Elizabeth Teyze\u2019ye e\u011fitimi s\u00fcresince dersleri ile ilgili yaz\u0131lar d\u0131\u015f\u0131nda \u00f6yk\u00fcler yazmayaca\u011f\u0131na s\u00f6z vermi\u015ftir. Ama Emily, onun i\u00e7in en b\u00fcy\u00fck<span class=\"excerpt-hellip\"> [\u2026]<\/span><\/p>\n","protected":false},"featured_media":0,"template":"","meta":{"_monsterinsights_skip_tracking":false,"_monsterinsights_sitenote_active":false,"_monsterinsights_sitenote_note":"","_monsterinsights_sitenote_category":0},"product_brand":[],"product_cat":[12274,12284],"product_tag":[],"class_list":{"0":"post-741862","1":"product","2":"type-product","3":"status-publish","5":"product_cat-cocuk-ve-genclik-kitaplari","6":"product_cat-hikayeler","7":"pa_cilt-ciltsiz","8":"pa_tur-kitap","9":"pa_yayinevi-carpe-diem-kitaplari","10":"pa_yazar-lucy-maud-montgomery","12":"first","13":"instock","14":"sale","15":"shipping-taxable","16":"purchasable","17":"product-type-simple"},"_links":{"self":[{"href":"https:\/\/roveyayinevi.com.tr\/index.php\/wp-json\/wp\/v2\/product\/741862","targetHints":{"allow":["GET"]}}],"collection":[{"href":"https:\/\/roveyayinevi.com.tr\/index.php\/wp-json\/wp\/v2\/product"}],"about":[{"href":"https:\/\/roveyayinevi.com.tr\/index.php\/wp-json\/wp\/v2\/types\/product"}],"wp:attachment":[{"href":"https:\/\/roveyayinevi.com.tr\/index.php\/wp-json\/wp\/v2\/media?parent=741862"}],"wp:term":[{"taxonomy":"product_brand","embeddable":true,"href":"https:\/\/roveyayinevi.com.tr\/index.php\/wp-json\/wp\/v2\/product_brand?post=741862"},{"taxonomy":"product_cat","embeddable":true,"href":"https:\/\/roveyayinevi.com.tr\/index.php\/wp-json\/wp\/v2\/product_cat?post=741862"},{"taxonomy":"product_tag","embeddable":true,"href":"https:\/\/roveyayinevi.com.tr\/index.php\/wp-json\/wp\/v2\/product_tag?post=741862"}],"curies":[{"name":"wp","href":"https:\/\/api.w.org\/{rel}","templated":true}]}}