{"id":741861,"date":"2025-08-28T00:58:39","date_gmt":"2025-08-27T21:58:39","guid":{"rendered":"https:\/\/roveyayinevi.com.tr\/index.php\/urun\/gonul-dili\/"},"modified":"2025-11-21T08:06:24","modified_gmt":"2025-11-21T05:06:24","slug":"gonul-dili","status":"publish","type":"product","link":"https:\/\/roveyayinevi.com.tr\/index.php\/urun\/gonul-dili\/","title":{"rendered":"G\u00f6n\u00fcl Dili"},"content":{"rendered":"<p>D\u00fc\u015fer i\u00e7imize as\u0131rlar\u0131n ac\u0131s\u0131, dayanmas\u0131 imk\u00e2ns\u0131zd\u0131r, derindir s\u0131z\u0131s\u0131. B\u00fct\u00fcn bedenlerimiz par\u00e7alan\u0131r \u015farapnellerin tesiriyle, g\u00f6zlerimizin feri yok olup gider ya\u015flar i\u00e7inde. Ak d\u00fc\u015fer sa\u00e7lar\u0131m\u0131z\u0131n her bir teline. Ve kibrit suyu d\u00f6k\u00fcl\u00fcr b\u00fct\u00fcn g\u00fczelliklerin k\u00f6k\u00fcne. Ne yazarsan yaz, ne s\u00f6ylersen s\u00f6yle, hepsi nafile\u2026 Hep bekliyoruz h\u00fcz\u00fcnle, dilencilerin sadaka bekledi\u011fi gibi duvar diplerinde!   \u2018\u2018Gelemem\u2019\u2019 dedi! Sebebi nedir diye sormaya vakit kalmadan r\u00fcyalar\u0131m\u0131z t\u00fckendi!   <\/p>\n","protected":false},"excerpt":{"rendered":"<p>D\u00fc\u015fer i\u00e7imize as\u0131rlar\u0131n ac\u0131s\u0131, dayanmas\u0131 imk\u00e2ns\u0131zd\u0131r, derindir s\u0131z\u0131s\u0131. B\u00fct\u00fcn bedenlerimiz par\u00e7alan\u0131r \u015farapnellerin tesiriyle, g\u00f6zlerimizin feri yok olup gider ya\u015flar i\u00e7inde. Ak d\u00fc\u015fer sa\u00e7lar\u0131m\u0131z\u0131n her bir teline.<span class=\"excerpt-hellip\"> [\u2026]<\/span><\/p>\n","protected":false},"featured_media":0,"template":"","meta":{"_monsterinsights_skip_tracking":false,"_monsterinsights_sitenote_active":false,"_monsterinsights_sitenote_note":"","_monsterinsights_sitenote_category":0},"product_brand":[],"product_cat":[12777,12291],"product_tag":[],"class_list":{"0":"post-741861","1":"product","2":"type-product","3":"status-publish","5":"product_cat-deneme","6":"product_cat-edebiyat","7":"pa_cilt-ciltsiz","8":"pa_tur-kitap","9":"pa_yayinevi-favori-yayinlari","10":"pa_yazar-hasan-huseyin-arslan","12":"first","13":"instock","14":"sale","15":"shipping-taxable","16":"purchasable","17":"product-type-simple"},"_links":{"self":[{"href":"https:\/\/roveyayinevi.com.tr\/index.php\/wp-json\/wp\/v2\/product\/741861","targetHints":{"allow":["GET"]}}],"collection":[{"href":"https:\/\/roveyayinevi.com.tr\/index.php\/wp-json\/wp\/v2\/product"}],"about":[{"href":"https:\/\/roveyayinevi.com.tr\/index.php\/wp-json\/wp\/v2\/types\/product"}],"wp:attachment":[{"href":"https:\/\/roveyayinevi.com.tr\/index.php\/wp-json\/wp\/v2\/media?parent=741861"}],"wp:term":[{"taxonomy":"product_brand","embeddable":true,"href":"https:\/\/roveyayinevi.com.tr\/index.php\/wp-json\/wp\/v2\/product_brand?post=741861"},{"taxonomy":"product_cat","embeddable":true,"href":"https:\/\/roveyayinevi.com.tr\/index.php\/wp-json\/wp\/v2\/product_cat?post=741861"},{"taxonomy":"product_tag","embeddable":true,"href":"https:\/\/roveyayinevi.com.tr\/index.php\/wp-json\/wp\/v2\/product_tag?post=741861"}],"curies":[{"name":"wp","href":"https:\/\/api.w.org\/{rel}","templated":true}]}}