{"id":741860,"date":"2025-08-28T00:58:38","date_gmt":"2025-08-27T21:58:38","guid":{"rendered":"https:\/\/roveyayinevi.com.tr\/index.php\/urun\/kalbin-halleri\/"},"modified":"2026-04-16T02:52:56","modified_gmt":"2026-04-15T23:52:56","slug":"kalbin-halleri","status":"publish","type":"product","link":"https:\/\/roveyayinevi.com.tr\/index.php\/urun\/kalbin-halleri\/","title":{"rendered":"Kalbin Halleri"},"content":{"rendered":"<p>Bir grup \u0130brahim b. Ethem&#8217;e, &#8220;Dua edin icabet edeyim.&#8221; ayeti varken dualar\u0131n\u0131n ni\u00e7in icabet edilmedi\u011fini sordu. O da: &#8220;\u00c7\u00fcnk\u00fc kalpleriniz \u00f6l\u00fcd\u00fcr.&#8221; dedi. Onlar kalpleri \u00f6ld\u00fcren \u015feyin ne oldu\u011funu sordular. \u0130brahim b. Ethem de bunun sekiz sebebi oldu\u011funu s\u00f6yleyerek saymaya ba\u015flad\u0131: Allah&#8217;\u0131 bildiniz fakat hakk\u0131n\u0131 yerine getirmediniz. Kuran okudunuz fakat s\u0131n\u0131rlar\u0131na uymad\u0131n\u0131z. Allah ve resul\u00fcn\u00fc sevdi\u011finizi iddia ettiniz fakat s\u00fcnnetiyle amel etmediniz. \u00d6l\u00fcmden korktu\u011funuzu iddia ettiniz fakat ona haz\u0131rl\u0131k yapmad\u0131n\u0131z. Allah \u015feytan\u0131n sizin d\u00fc\u015fman\u0131n\u0131z oldu\u011funu s\u00f6yledi fakat siz isyan fiillerinde ondan yard\u0131m ald\u0131n\u0131z, ate\u015ften korktu\u011funuzu iddia ettiniz fakat bedenlerinizi onun i\u00e7ine att\u0131n\u0131z. Cenneti istedi\u011finizi s\u00f6ylediniz fakat onun i\u00e7in amel etmediniz, yataklar\u0131n\u0131zdan kalkt\u0131\u011f\u0131n\u0131zda kendi ay\u0131plar\u0131n\u0131z\u0131 arkan\u0131za at\u0131p insanlar\u0131n ay\u0131plar\u0131n\u0131 g\u00f6z \u00f6n\u00fcne serersiniz. Rabbinizi aldatmaya kalkt\u0131n\u0131z, O da size niye cevap versin.&#8221;Nizamiye medreselerinin \u015f\u00f6hretli, parlak ba\u015f m\u00fcderrisi iken d\u00fcnyan\u0131n aldat\u0131c\u0131 b\u00fct\u00fcn alayi\u015f ve \u015fatafat\u0131na s\u0131rt \u00e7eviren b\u00fcy\u00fck \u00e2lim\u2026 Uzun y\u0131llar \u00e7ile, uzlet ve halvet hayat\u0131 ya\u015fad\u0131ktan sonra bamba\u015fka bir insan olarak ortaya \u00e7\u0131kan bir m\u00fcr\u015fid-i k\u00e2mil\u2026 On as\u0131rd\u0131r sadece M\u00fcsl\u00fcman d\u00fcnyada de\u011fil Bat\u0131\u2019da da kar\u015f\u0131l\u0131k bulan Muhte\u015fem Gazz\u00e2l\u00ee\u2019nin \u201ctatl\u0131 su kayna\u011f\u0131\u201d olan Kur\u2019an, S\u00fcnnet ve selef-i s\u00e2lih\u00eenin \u00f6rnek hayatlar\u0131ndan derleyerek istifadeye sundu\u011fu \u00f6l\u00fcms\u00fcz eseri \u0130hy\u00e2u Ul\u00fbmuddin\u2019in M\u00fchlikat b\u00f6l\u00fcm\u00fcnden iktibas edilen ilk kitap Kalbin Halleri adeta kalbimize taht kurarak, melun \u015feytan ve nank\u00f6r nefsin ge\u00e7ici saltanatlar\u0131na son veriyor! Toplumun her kesiminden her ferdin ihtiyac\u0131 olan bu m\u00fcessir nasihatler ahirette laz\u0131m olacak az\u0131\u011f\u0131 \u00f6n\u00fcm\u00fcze koyuyor\u2026 Abdullah Y. \u0130slamo\u011flu\u2019nun ak\u0131c\u0131 ve herkesin anlayabilece\u011fi \u00e7evirisiyle Sufi Kitap, B\u00fcy\u00fck Gazz\u00e2l\u00ee\u2019yi daha geni\u015f kitlelerin istifadesine sunman\u0131n heyecan\u0131n\u0131 ya\u015f\u0131yor.<\/p>\n","protected":false},"excerpt":{"rendered":"<p>Bir grup \u0130brahim b. Ethem&#8217;e, &#8220;Dua edin icabet edeyim.&#8221; ayeti varken dualar\u0131n\u0131n ni\u00e7in icabet edilmedi\u011fini sordu. O da: &#8220;\u00c7\u00fcnk\u00fc kalpleriniz \u00f6l\u00fcd\u00fcr.&#8221; dedi. Onlar kalpleri \u00f6ld\u00fcren \u015feyin<span class=\"excerpt-hellip\"> [\u2026]<\/span><\/p>\n","protected":false},"featured_media":0,"template":"","meta":{"_monsterinsights_skip_tracking":false,"_monsterinsights_sitenote_active":false,"_monsterinsights_sitenote_note":"","_monsterinsights_sitenote_category":0},"product_brand":[],"product_cat":[12718,12719],"product_tag":[],"class_list":{"0":"post-741860","1":"product","2":"type-product","3":"status-publish","5":"product_cat-din","6":"product_cat-islam","7":"pa_cilt-ciltsiz","8":"pa_tur-kitap","9":"pa_yayinevi-sufi-kitap","10":"pa_yazar-imam-gazali","12":"first","13":"instock","14":"sale","15":"shipping-taxable","16":"purchasable","17":"product-type-simple"},"_links":{"self":[{"href":"https:\/\/roveyayinevi.com.tr\/index.php\/wp-json\/wp\/v2\/product\/741860","targetHints":{"allow":["GET"]}}],"collection":[{"href":"https:\/\/roveyayinevi.com.tr\/index.php\/wp-json\/wp\/v2\/product"}],"about":[{"href":"https:\/\/roveyayinevi.com.tr\/index.php\/wp-json\/wp\/v2\/types\/product"}],"wp:attachment":[{"href":"https:\/\/roveyayinevi.com.tr\/index.php\/wp-json\/wp\/v2\/media?parent=741860"}],"wp:term":[{"taxonomy":"product_brand","embeddable":true,"href":"https:\/\/roveyayinevi.com.tr\/index.php\/wp-json\/wp\/v2\/product_brand?post=741860"},{"taxonomy":"product_cat","embeddable":true,"href":"https:\/\/roveyayinevi.com.tr\/index.php\/wp-json\/wp\/v2\/product_cat?post=741860"},{"taxonomy":"product_tag","embeddable":true,"href":"https:\/\/roveyayinevi.com.tr\/index.php\/wp-json\/wp\/v2\/product_tag?post=741860"}],"curies":[{"name":"wp","href":"https:\/\/api.w.org\/{rel}","templated":true}]}}