{"id":741859,"date":"2025-08-28T00:58:37","date_gmt":"2025-08-27T21:58:37","guid":{"rendered":"https:\/\/roveyayinevi.com.tr\/index.php\/urun\/bostan-ve-gulistan\/"},"modified":"2026-04-16T02:52:56","modified_gmt":"2026-04-15T23:52:56","slug":"bostan-ve-gulistan","status":"publish","type":"product","link":"https:\/\/roveyayinevi.com.tr\/index.php\/urun\/bostan-ve-gulistan\/","title":{"rendered":"Bostan ve G\u00fclistan"},"content":{"rendered":"<p>Bostan ile G\u00fclistan, \u0130sl\u00e2m bilgeli\u011finin Bat\u0131\u2019ya a\u00e7\u0131lan ilk kap\u0131s\u0131 oldu. Avrupa dillerine ilk defa bu iki kitap terc\u00fcme edildi. Bat\u0131l\u0131 ayd\u0131nlar ilk \u00f6nce i\u015fte bu kitap sayesinde \u0130sl\u00e2m dininin y\u00fcceli\u011fini, Peygamberimiz\u2019in b\u00fcy\u00fckl\u00fc\u011f\u00fcn\u00fc ve Do\u011fu\u2019nun h\u00e2rikul\u00e2de bilgeli\u011fini okuyup \u00f6\u011frendiler.Fransa\u2019n\u0131n dev \u015fair ve yazarlar\u0131ndan Victor Hugo ile Lamartine, Peygamberimiz hakk\u0131ndaki o e\u015fsiz \u00f6vg\u00fc dolu yaz\u0131 ve \u015fiirlerini bu kitab\u0131 okuduktan sonra yazd\u0131lar. Almanlar\u0131n her zaman iftihar ettikleri \u015fair ve yazarlar\u0131 Goethe, Peygamberimizi g\u00f6klere \u00e7\u0131karan o uzun \u015fiirini, bu kitab\u0131 ve bunun hemen ard\u0131ndan \u00e7evrilen \u0130sl\u00e2m klasiklerini okuduktan sonra kaleme ald\u0131.D\u00fcnyan\u0131n en \u00f6nde gelen \u015faheserlerinden olan bu kitap, verdi\u011fi \u00f6\u011f\u00fctler, anlatt\u0131\u011f\u0131 hik\u00e2yeler, olaylar ve k\u0131ssalar arac\u0131l\u0131\u011f\u0131yla okuyucusuna hayatta huzurlu ve mutlu olabilmenin b\u00fct\u00fcn yollar\u0131n\u0131 \u00f6\u011fretir.Baz\u0131 \u015feytan\u00ee medyan\u0131n i\u00e7imizi karartt\u0131\u011f\u0131 ve bunaltt\u0131\u011f\u0131 g\u00fcn\u00fcm\u00fczde bu kitap, okuyucusunun g\u00f6nl\u00fcn\u00fc ferahlat\u0131r; bunalan ve daralan ruhumuzda sadece klasik \u0130sl\u00e2m\u00ee eserlerin verebildi\u011fi o psikolojik ve psikanalitik tedaviyi sa\u011flar. <\/p>\n","protected":false},"excerpt":{"rendered":"<p>Bostan ile G\u00fclistan, \u0130sl\u00e2m bilgeli\u011finin Bat\u0131\u2019ya a\u00e7\u0131lan ilk kap\u0131s\u0131 oldu. Avrupa dillerine ilk defa bu iki kitap terc\u00fcme edildi. Bat\u0131l\u0131 ayd\u0131nlar ilk \u00f6nce i\u015fte bu kitap<span class=\"excerpt-hellip\"> [\u2026]<\/span><\/p>\n","protected":false},"featured_media":0,"template":"","meta":{"_monsterinsights_skip_tracking":false,"_monsterinsights_sitenote_active":false,"_monsterinsights_sitenote_note":"","_monsterinsights_sitenote_category":0},"product_brand":[],"product_cat":[12718,12719],"product_tag":[],"class_list":{"0":"post-741859","1":"product","2":"type-product","3":"status-publish","5":"product_cat-din","6":"product_cat-islam","7":"pa_cilt-ciltsiz","8":"pa_tur-kitap","9":"pa_yayinevi-sufi-kitap","10":"pa_yazar-sadi-i-sirazi","12":"first","13":"instock","14":"sale","15":"shipping-taxable","16":"purchasable","17":"product-type-simple"},"_links":{"self":[{"href":"https:\/\/roveyayinevi.com.tr\/index.php\/wp-json\/wp\/v2\/product\/741859","targetHints":{"allow":["GET"]}}],"collection":[{"href":"https:\/\/roveyayinevi.com.tr\/index.php\/wp-json\/wp\/v2\/product"}],"about":[{"href":"https:\/\/roveyayinevi.com.tr\/index.php\/wp-json\/wp\/v2\/types\/product"}],"wp:attachment":[{"href":"https:\/\/roveyayinevi.com.tr\/index.php\/wp-json\/wp\/v2\/media?parent=741859"}],"wp:term":[{"taxonomy":"product_brand","embeddable":true,"href":"https:\/\/roveyayinevi.com.tr\/index.php\/wp-json\/wp\/v2\/product_brand?post=741859"},{"taxonomy":"product_cat","embeddable":true,"href":"https:\/\/roveyayinevi.com.tr\/index.php\/wp-json\/wp\/v2\/product_cat?post=741859"},{"taxonomy":"product_tag","embeddable":true,"href":"https:\/\/roveyayinevi.com.tr\/index.php\/wp-json\/wp\/v2\/product_tag?post=741859"}],"curies":[{"name":"wp","href":"https:\/\/api.w.org\/{rel}","templated":true}]}}