{"id":741855,"date":"2025-08-28T00:58:32","date_gmt":"2025-08-27T21:58:32","guid":{"rendered":"https:\/\/roveyayinevi.com.tr\/index.php\/urun\/cok-hisseden-cocuk\/"},"modified":"2026-04-16T02:52:56","modified_gmt":"2026-04-15T23:52:56","slug":"cok-hisseden-cocuk","status":"publish","type":"product","link":"https:\/\/roveyayinevi.com.tr\/index.php\/urun\/cok-hisseden-cocuk\/","title":{"rendered":"\u00c7ok Hisseden \u00c7ocuk"},"content":{"rendered":"<p>Henry Markram, n\u00f6robilimin Elon Musk\u2019\u0131d\u0131r. Beynin s\u00fcper bilgisayar modelini in\u015fa etmek i\u00e7in \u00e7al\u0131\u015fan \u201cBlue Brain Project\u201din arkas\u0131ndaki isimdir. Onu beynin gizemli d\u00fcnyas\u0131n\u0131 b\u00fcy\u00fck bir h\u0131rsla \u00e7\u00f6zmeye iten motivasyon kayna\u011f\u0131 ise son derece ki\u015fiseldir: Otizmli o\u011flu Kai.Markram, Kai do\u011fdu\u011funda da d\u00fcnyan\u0131n en \u00fcnl\u00fc beyin ara\u015ft\u0131rmac\u0131lar\u0131ndan biriydi. Ancak Kai\u2019yle birlikte her \u015fey de\u011fi\u015fti. Kai\u2019ye otizm te\u015fhisi konulmas\u0131yla Markram\u2019\u0131n \u00e7al\u0131\u015fmalar\u0131 yeni bir odak kazand\u0131 ve bu sayede bilim d\u00fcnyas\u0131n\u0131n otizme bak\u0131\u015f\u0131n\u0131 k\u00f6kten de\u011fi\u015ftiren \u00e7al\u0131\u015fmalar ortaya \u00e7\u0131kmaya ba\u015flad\u0131. Otizmin empati eksikli\u011fi oldu\u011funa dair bilimsel fikir birli\u011fi, Markram&#8217;\u0131n o\u011fluyla ilgili deneyimiyle uyu\u015fmuyordu. \u00c7\u00fcnk\u00fc Kai gibi insanlar az de\u011fil, \u00e7ok daha fazla \u201chissediyorlard\u0131\u201d. Duyular\u0131 bu d\u00fcnya i\u00e7in fazla hassast\u0131. \u00d6yleyse o g\u00fcne kadar bilim d\u00fcnyas\u0131nda hakim olan anlay\u0131\u015f\u0131n sars\u0131lmas\u0131 ve uygulanan tedavinin k\u00f6kten de\u011fi\u015fmesi gerekiyordu.\u00c7ok Hisseden \u00c7ocuk, Henry Markram ve o\u011flu Kai\u2019nin \u00e7aresizlik, h\u0131rs, tutku ve inan\u00e7la dolu \u00f6yk\u00fcs\u00fc. <\/p>\n","protected":false},"excerpt":{"rendered":"<p>Henry Markram, n\u00f6robilimin Elon Musk\u2019\u0131d\u0131r. Beynin s\u00fcper bilgisayar modelini in\u015fa etmek i\u00e7in \u00e7al\u0131\u015fan \u201cBlue Brain Project\u201din arkas\u0131ndaki isimdir. Onu beynin gizemli d\u00fcnyas\u0131n\u0131 b\u00fcy\u00fck bir h\u0131rsla \u00e7\u00f6zmeye<span class=\"excerpt-hellip\"> [\u2026]<\/span><\/p>\n","protected":false},"featured_media":0,"template":"","meta":{"_monsterinsights_skip_tracking":false,"_monsterinsights_sitenote_active":false,"_monsterinsights_sitenote_note":"","_monsterinsights_sitenote_category":0},"product_brand":[],"product_cat":[14009,12291],"product_tag":[],"class_list":{"0":"post-741855","1":"product","2":"type-product","3":"status-publish","5":"product_cat-biyografi-otobiyografi-edebiyat","6":"product_cat-edebiyat","7":"pa_cilt-ciltsiz","8":"pa_tur-kitap","9":"pa_yayinevi-timas-yayinlari","10":"pa_yazar-lorenz-wagner","12":"first","13":"instock","14":"sale","15":"shipping-taxable","16":"purchasable","17":"product-type-simple"},"_links":{"self":[{"href":"https:\/\/roveyayinevi.com.tr\/index.php\/wp-json\/wp\/v2\/product\/741855","targetHints":{"allow":["GET"]}}],"collection":[{"href":"https:\/\/roveyayinevi.com.tr\/index.php\/wp-json\/wp\/v2\/product"}],"about":[{"href":"https:\/\/roveyayinevi.com.tr\/index.php\/wp-json\/wp\/v2\/types\/product"}],"wp:attachment":[{"href":"https:\/\/roveyayinevi.com.tr\/index.php\/wp-json\/wp\/v2\/media?parent=741855"}],"wp:term":[{"taxonomy":"product_brand","embeddable":true,"href":"https:\/\/roveyayinevi.com.tr\/index.php\/wp-json\/wp\/v2\/product_brand?post=741855"},{"taxonomy":"product_cat","embeddable":true,"href":"https:\/\/roveyayinevi.com.tr\/index.php\/wp-json\/wp\/v2\/product_cat?post=741855"},{"taxonomy":"product_tag","embeddable":true,"href":"https:\/\/roveyayinevi.com.tr\/index.php\/wp-json\/wp\/v2\/product_tag?post=741855"}],"curies":[{"name":"wp","href":"https:\/\/api.w.org\/{rel}","templated":true}]}}