{"id":741851,"date":"2025-08-28T00:58:27","date_gmt":"2025-08-27T21:58:27","guid":{"rendered":"https:\/\/roveyayinevi.com.tr\/index.php\/urun\/calisan-denklemi\/"},"modified":"2026-04-16T02:52:56","modified_gmt":"2026-04-15T23:52:56","slug":"calisan-denklemi","status":"publish","type":"product","link":"https:\/\/roveyayinevi.com.tr\/index.php\/urun\/calisan-denklemi\/","title":{"rendered":"\u00c7al\u0131\u015fan Denklemi"},"content":{"rendered":"<p>\u201cM\u00fc\u015fteri Memnuniyeti Hakk\u0131nda\u201d adl\u0131 ilk kitab\u0131nda m\u00fc\u015fteri ile ilgili deneyimlerini ve m\u00fc\u015fteri memnuniyetini ele alan Yal\u00e7\u0131n, \u00c7al\u0131\u015fan Denklemi ile bu memnuniyeti s\u00fcrd\u00fcrecek insan fakt\u00f6r\u00fcne de\u011finiyor. Ya\u015fanm\u0131\u015fl\u0131klar ile g\u00f6zlemlerini harmanlad\u0131\u011f\u0131 eseri ile engin tecr\u00fcbelerini ve tecr\u00fcbelerinden yola \u00e7\u0131karak olu\u015fturmu\u015f oldu\u011fu kan\u0131lar\u0131 okurlar\u0131 ile payla\u015f\u0131yor. Sa\u011fl\u0131kl\u0131 bir \u00fc\u00e7genin ilk par\u00e7as\u0131n\u0131 m\u00fc\u015fterinin, ikincisini ise \u00e7al\u0131\u015fan\u0131n olu\u015fturdu\u011funun alt\u0131n\u0131 \u00e7izen Yal\u00e7\u0131n; sa\u011fl\u0131kl\u0131 ili\u015fkiler bar\u0131nd\u0131ran ve herkesin kazan\u0131p mutlu oldu\u011fu bir ekosistem yarat\u0131lmas\u0131na katk\u0131da bulunmay\u0131 ama\u00e7l\u0131yor. <\/p>\n","protected":false},"excerpt":{"rendered":"<p>\u201cM\u00fc\u015fteri Memnuniyeti Hakk\u0131nda\u201d adl\u0131 ilk kitab\u0131nda m\u00fc\u015fteri ile ilgili deneyimlerini ve m\u00fc\u015fteri memnuniyetini ele alan Yal\u00e7\u0131n, \u00c7al\u0131\u015fan Denklemi ile bu memnuniyeti s\u00fcrd\u00fcrecek insan fakt\u00f6r\u00fcne de\u011finiyor. Ya\u015fanm\u0131\u015fl\u0131klar<span class=\"excerpt-hellip\"> [\u2026]<\/span><\/p>\n","protected":false},"featured_media":0,"template":"","meta":{"_monsterinsights_skip_tracking":false,"_monsterinsights_sitenote_active":false,"_monsterinsights_sitenote_note":"","_monsterinsights_sitenote_category":0},"product_brand":[],"product_cat":[13043,17647],"product_tag":[],"class_list":{"0":"post-741851","1":"product","2":"type-product","3":"status-publish","5":"product_cat-ekonomi","6":"product_cat-is-dunyasi","7":"pa_cilt-ciltsiz","8":"pa_tur-kitap","9":"pa_yayinevi-karina-yayinevi","10":"pa_yazar-fuat-yalcin","12":"first","13":"instock","14":"sale","15":"shipping-taxable","16":"purchasable","17":"product-type-simple"},"_links":{"self":[{"href":"https:\/\/roveyayinevi.com.tr\/index.php\/wp-json\/wp\/v2\/product\/741851","targetHints":{"allow":["GET"]}}],"collection":[{"href":"https:\/\/roveyayinevi.com.tr\/index.php\/wp-json\/wp\/v2\/product"}],"about":[{"href":"https:\/\/roveyayinevi.com.tr\/index.php\/wp-json\/wp\/v2\/types\/product"}],"wp:attachment":[{"href":"https:\/\/roveyayinevi.com.tr\/index.php\/wp-json\/wp\/v2\/media?parent=741851"}],"wp:term":[{"taxonomy":"product_brand","embeddable":true,"href":"https:\/\/roveyayinevi.com.tr\/index.php\/wp-json\/wp\/v2\/product_brand?post=741851"},{"taxonomy":"product_cat","embeddable":true,"href":"https:\/\/roveyayinevi.com.tr\/index.php\/wp-json\/wp\/v2\/product_cat?post=741851"},{"taxonomy":"product_tag","embeddable":true,"href":"https:\/\/roveyayinevi.com.tr\/index.php\/wp-json\/wp\/v2\/product_tag?post=741851"}],"curies":[{"name":"wp","href":"https:\/\/api.w.org\/{rel}","templated":true}]}}