{"id":741845,"date":"2025-08-28T00:58:18","date_gmt":"2025-08-27T21:58:18","guid":{"rendered":"https:\/\/roveyayinevi.com.tr\/index.php\/urun\/guluse-guluse-anlasalim\/"},"modified":"2025-09-25T07:57:36","modified_gmt":"2025-09-25T04:57:36","slug":"guluse-guluse-anlasalim","status":"publish","type":"product","link":"https:\/\/roveyayinevi.com.tr\/index.php\/urun\/guluse-guluse-anlasalim\/","title":{"rendered":"G\u00fcl\u00fc\u015fe G\u00fcl\u00fc\u015fe Anla\u015fal\u0131m"},"content":{"rendered":"<p>G\u00fclmek evrensel bir ileti\u015fim dilidir. Hi\u00e7 tan\u0131mad\u0131\u011f\u0131n\u0131z biriyle g\u00fcl\u00fcmseyerek anla\u015fabilirsiniz. \u00c7\u00fcnk\u00fc g\u00fclen bir y\u00fcz iyi kalplili\u011fin i\u015fareti olarak ortaya \u00e7\u0131kar. Birlikte g\u00fclmek g\u00f6n\u00fclleri birbirine yakla\u015ft\u0131ran en g\u00fczel yollardan biridir.   \u0130\u00e7imizde ne kadar g\u00fclecek malzeme varsa o kadar g\u00fclme potansiyelimiz y\u00fcksek olur.  Mizah kitaplar\u0131 okuyarak i\u00e7imizdeki g\u00fclecek malzemeyi \u00e7o\u011falt\u0131r\u0131z.  G\u00fclen bir y\u00fcz\u00fcn alt\u0131nda olumlu d\u00fc\u015f\u00fcnce ve mizahi bir bak\u0131\u015f a\u00e7\u0131s\u0131 vard\u0131r.   \u201cG\u00fcl\u00fc\u015fe G\u00fcl\u00fc\u015fe Anla\u015fal\u0131m\u201d kitab\u0131; hayata bak\u0131\u015f\u0131n\u0131zda, ileti\u015fiminizde ve ne\u015feli olman\u0131zda size \u0131\u015f\u0131k olacak bir mizah ziyafeti sunuyor.  <\/p>\n","protected":false},"excerpt":{"rendered":"<p>G\u00fclmek evrensel bir ileti\u015fim dilidir. Hi\u00e7 tan\u0131mad\u0131\u011f\u0131n\u0131z biriyle g\u00fcl\u00fcmseyerek anla\u015fabilirsiniz. \u00c7\u00fcnk\u00fc g\u00fclen bir y\u00fcz iyi kalplili\u011fin i\u015fareti olarak ortaya \u00e7\u0131kar. Birlikte g\u00fclmek g\u00f6n\u00fclleri birbirine yakla\u015ft\u0131ran en<span class=\"excerpt-hellip\"> [\u2026]<\/span><\/p>\n","protected":false},"featured_media":0,"template":"","meta":{"_monsterinsights_skip_tracking":false,"_monsterinsights_sitenote_active":false,"_monsterinsights_sitenote_note":"","_monsterinsights_sitenote_category":0},"product_brand":[],"product_cat":[12291,14825],"product_tag":[],"class_list":{"0":"post-741845","1":"product","2":"type-product","3":"status-publish","5":"product_cat-edebiyat","6":"product_cat-mizah","7":"pa_cilt-ciltsiz","8":"pa_tur-kitap","9":"pa_yayinevi-gulnar-yayinlari","10":"pa_yazar-durdu-gunes","12":"first","13":"instock","14":"sale","15":"shipping-taxable","16":"purchasable","17":"product-type-simple"},"_links":{"self":[{"href":"https:\/\/roveyayinevi.com.tr\/index.php\/wp-json\/wp\/v2\/product\/741845","targetHints":{"allow":["GET"]}}],"collection":[{"href":"https:\/\/roveyayinevi.com.tr\/index.php\/wp-json\/wp\/v2\/product"}],"about":[{"href":"https:\/\/roveyayinevi.com.tr\/index.php\/wp-json\/wp\/v2\/types\/product"}],"wp:attachment":[{"href":"https:\/\/roveyayinevi.com.tr\/index.php\/wp-json\/wp\/v2\/media?parent=741845"}],"wp:term":[{"taxonomy":"product_brand","embeddable":true,"href":"https:\/\/roveyayinevi.com.tr\/index.php\/wp-json\/wp\/v2\/product_brand?post=741845"},{"taxonomy":"product_cat","embeddable":true,"href":"https:\/\/roveyayinevi.com.tr\/index.php\/wp-json\/wp\/v2\/product_cat?post=741845"},{"taxonomy":"product_tag","embeddable":true,"href":"https:\/\/roveyayinevi.com.tr\/index.php\/wp-json\/wp\/v2\/product_tag?post=741845"}],"curies":[{"name":"wp","href":"https:\/\/api.w.org\/{rel}","templated":true}]}}