{"id":741839,"date":"2025-08-28T00:58:10","date_gmt":"2025-08-27T21:58:10","guid":{"rendered":"https:\/\/roveyayinevi.com.tr\/index.php\/urun\/asla-bir-unicornun-noktalarla-kaplanmasina-izin-verme\/"},"modified":"2026-04-16T02:52:55","modified_gmt":"2026-04-15T23:52:55","slug":"asla-bir-unicornun-noktalarla-kaplanmasina-izin-verme","status":"publish","type":"product","link":"https:\/\/roveyayinevi.com.tr\/index.php\/urun\/asla-bir-unicornun-noktalarla-kaplanmasina-izin-verme\/","title":{"rendered":"Asla Bir Unicorn\u2019un Noktalarla Kaplanmas\u0131na \u0130zin Verme"},"content":{"rendered":"<p>Yeti\u015fkinler zaman zaman sana ne yapman gerekti\u011fini s\u00f6yler. Hatta Asla Bir Unicorn\u2019un Noktalarla Kaplanmas\u0131na \u0130zin Verme de diyebilirler. Bir unicorn noktalarla kaplan\u0131rsa en k\u00f6t\u00fc ne olabilir ki? Cevab\u0131 merak ediyorsan ba\u015fla okumaya! Diane Alber\u2019in hayal g\u00fcc\u00fc ve yarat\u0131c\u0131l\u0131\u011f\u0131 destekleyen Unicorn serisi uzun zamand\u0131r \u00e7ok satanlar listelerinde. T\u00fcm d\u00fcnyada milyonlarca satan serinin i\u00e7inde bu kez boyama ve aktivite kitaplar\u0131 da var!<\/p>\n","protected":false},"excerpt":{"rendered":"<p>Yeti\u015fkinler zaman zaman sana ne yapman gerekti\u011fini s\u00f6yler. Hatta Asla Bir Unicorn\u2019un Noktalarla Kaplanmas\u0131na \u0130zin Verme de diyebilirler. Bir unicorn noktalarla kaplan\u0131rsa en k\u00f6t\u00fc ne olabilir<span class=\"excerpt-hellip\"> [\u2026]<\/span><\/p>\n","protected":false},"featured_media":0,"template":"","meta":{"_monsterinsights_skip_tracking":false,"_monsterinsights_sitenote_active":false,"_monsterinsights_sitenote_note":"","_monsterinsights_sitenote_category":0},"product_brand":[],"product_cat":[12274,12284],"product_tag":[],"class_list":{"0":"post-741839","1":"product","2":"type-product","3":"status-publish","5":"product_cat-cocuk-ve-genclik-kitaplari","6":"product_cat-hikayeler","7":"pa_cilt-ciltsiz","8":"pa_tur-kitap","9":"pa_yayinevi-beta-kids","10":"pa_yazar-diane-alber","12":"first","13":"instock","14":"sale","15":"shipping-taxable","16":"purchasable","17":"product-type-simple"},"_links":{"self":[{"href":"https:\/\/roveyayinevi.com.tr\/index.php\/wp-json\/wp\/v2\/product\/741839","targetHints":{"allow":["GET"]}}],"collection":[{"href":"https:\/\/roveyayinevi.com.tr\/index.php\/wp-json\/wp\/v2\/product"}],"about":[{"href":"https:\/\/roveyayinevi.com.tr\/index.php\/wp-json\/wp\/v2\/types\/product"}],"wp:attachment":[{"href":"https:\/\/roveyayinevi.com.tr\/index.php\/wp-json\/wp\/v2\/media?parent=741839"}],"wp:term":[{"taxonomy":"product_brand","embeddable":true,"href":"https:\/\/roveyayinevi.com.tr\/index.php\/wp-json\/wp\/v2\/product_brand?post=741839"},{"taxonomy":"product_cat","embeddable":true,"href":"https:\/\/roveyayinevi.com.tr\/index.php\/wp-json\/wp\/v2\/product_cat?post=741839"},{"taxonomy":"product_tag","embeddable":true,"href":"https:\/\/roveyayinevi.com.tr\/index.php\/wp-json\/wp\/v2\/product_tag?post=741839"}],"curies":[{"name":"wp","href":"https:\/\/api.w.org\/{rel}","templated":true}]}}