{"id":741833,"date":"2025-08-28T00:58:02","date_gmt":"2025-08-27T21:58:02","guid":{"rendered":"https:\/\/roveyayinevi.com.tr\/index.php\/urun\/roland-destani\/"},"modified":"2026-04-16T02:52:55","modified_gmt":"2026-04-15T23:52:55","slug":"roland-destani","status":"publish","type":"product","link":"https:\/\/roveyayinevi.com.tr\/index.php\/urun\/roland-destani\/","title":{"rendered":"Roland Destan\u0131"},"content":{"rendered":"<p>oland Destan\u0131, ya da T\u00fcrk\u00fcs\u00fc, Frank imparatoru B\u00fcy\u00fck Kari (\u015earlman) ba\u011f\u0131ml\u0131s\u0131 Atl\u0131 Beylerin yi\u011fitliklerini anlatan ve \u015fimdiki Frans\u0131zlar\u0131n Ghanson de Geste, &#8220;Yi\u011fitlik T\u00fcrk\u00fcs\u00fc&#8221; dedi\u011fi, t\u0131pk\u0131 \u0130lyada&#8217;n\u0131n k\u00f6keninde oldu\u011fu \u00fczere Bey konaklar\u0131nda saz e\u015fli\u011finde &#8220;teganni&#8221; edilmek i\u00e7in ozanlar\u0131n \u00fcretti\u011fi destanlar\u0131n en tan\u0131nm\u0131\u015f ve en g\u00fczel \u00f6rne\u011fidir. Destan\u0131n anlatt\u0131\u011f\u0131 \u00f6yk\u00fcy\u00fc \u00f6zetlemeden \u00f6nce, Franklar ve B\u00fcy\u00fck Karl \u00dczerine biraz bilgi vermemiz gerek&#8230; <\/p>\n","protected":false},"excerpt":{"rendered":"<p>oland Destan\u0131, ya da T\u00fcrk\u00fcs\u00fc, Frank imparatoru B\u00fcy\u00fck Kari (\u015earlman) ba\u011f\u0131ml\u0131s\u0131 Atl\u0131 Beylerin yi\u011fitliklerini anlatan ve \u015fimdiki Frans\u0131zlar\u0131n Ghanson de Geste, &#8220;Yi\u011fitlik T\u00fcrk\u00fcs\u00fc&#8221; dedi\u011fi, t\u0131pk\u0131 \u0130lyada&#8217;n\u0131n<span class=\"excerpt-hellip\"> [\u2026]<\/span><\/p>\n","protected":false},"featured_media":0,"template":"","meta":{"_monsterinsights_skip_tracking":false,"_monsterinsights_sitenote_active":false,"_monsterinsights_sitenote_note":"","_monsterinsights_sitenote_category":0},"product_brand":[],"product_cat":[12291,13706],"product_tag":[],"class_list":{"0":"post-741833","1":"product","2":"type-product","3":"status-publish","5":"product_cat-edebiyat","6":"product_cat-efsane-destan-masal","7":"pa_cilt-ciltsiz","8":"pa_tur-kitap","9":"pa_yayinevi-yapi-kredi-yayinlari","10":"pa_yazar-anonim","12":"first","13":"instock","14":"sale","15":"shipping-taxable","16":"purchasable","17":"product-type-simple"},"_links":{"self":[{"href":"https:\/\/roveyayinevi.com.tr\/index.php\/wp-json\/wp\/v2\/product\/741833","targetHints":{"allow":["GET"]}}],"collection":[{"href":"https:\/\/roveyayinevi.com.tr\/index.php\/wp-json\/wp\/v2\/product"}],"about":[{"href":"https:\/\/roveyayinevi.com.tr\/index.php\/wp-json\/wp\/v2\/types\/product"}],"wp:attachment":[{"href":"https:\/\/roveyayinevi.com.tr\/index.php\/wp-json\/wp\/v2\/media?parent=741833"}],"wp:term":[{"taxonomy":"product_brand","embeddable":true,"href":"https:\/\/roveyayinevi.com.tr\/index.php\/wp-json\/wp\/v2\/product_brand?post=741833"},{"taxonomy":"product_cat","embeddable":true,"href":"https:\/\/roveyayinevi.com.tr\/index.php\/wp-json\/wp\/v2\/product_cat?post=741833"},{"taxonomy":"product_tag","embeddable":true,"href":"https:\/\/roveyayinevi.com.tr\/index.php\/wp-json\/wp\/v2\/product_tag?post=741833"}],"curies":[{"name":"wp","href":"https:\/\/api.w.org\/{rel}","templated":true}]}}