{"id":741832,"date":"2025-08-28T00:58:02","date_gmt":"2025-08-27T21:58:02","guid":{"rendered":"https:\/\/roveyayinevi.com.tr\/index.php\/urun\/kan-kirmizi-ciltli\/"},"modified":"2026-02-23T12:05:12","modified_gmt":"2026-02-23T09:05:12","slug":"kan-kirmizi-ciltli","status":"publish","type":"product","link":"https:\/\/roveyayinevi.com.tr\/index.php\/urun\/kan-kirmizi-ciltli\/","title":{"rendered":"Kan K\u0131rm\u0131z\u0131 (Ciltli)"},"content":{"rendered":"<p>D\u00fcnya edebiyat\u0131n\u0131n ya\u015fayan en \u00f6nemli \u015fairlerinden Adonis ile T\u00fcrkiye sanat\u0131nda kendine \u00f6zg\u00fc, farkl\u0131 bir yer edinen Habip Aydo\u011fdu&#8217;nun bir araya geldi\u011fi &#8220;Kan K\u0131rm\u0131z\u0131&#8221; adl\u0131 bu alb\u00fcm ; yaz\u0131, \u015fiir ve imgenin; renk, kaligrafi, ses ve s\u00f6z\u00fcn bulu\u015ftu\u011fu bir \u00e7al\u0131\u015fmad\u0131r. Edisyonlu bir \u00e7al\u0131\u015fma olan Kan K\u0131rm\u0131z\u0131 1200 adet bas\u0131lm\u0131\u015f olup hepsi tek tek numaralanm\u0131\u015ft\u0131r. T\u00fcrlerin birle\u015fmesine en iyi \u00f6rnek olan Kan K\u0131rm\u0131z\u0131 al\u0131\u015f\u0131lm\u0131\u015f\u0131n \u00e7ok d\u0131\u015f\u0131nda farkl\u0131 bir \u00e7al\u0131\u015fma. Kan g\u00f6l\u00fcne d\u00f6nen bir co\u011frafyada, Kan\u0131n y\u0131kad\u0131\u011f\u0131 topra\u011fa \/ Ve onun sevdas\u0131na bar\u0131\u015f diyerek ; Ac\u0131lar\u0131m\u0131z\u0131 ve d\u00fc\u015flerimizi testilere koyduk ve y\u0131llanmaya b\u0131rakt\u0131k diyen ortak bir \u00e7\u0131\u011fl\u0131k\u2026 (Tan\u0131t\u0131m B\u00fclteninden)<\/p>\n","protected":false},"excerpt":{"rendered":"<p>D\u00fcnya edebiyat\u0131n\u0131n ya\u015fayan en \u00f6nemli \u015fairlerinden Adonis ile T\u00fcrkiye sanat\u0131nda kendine \u00f6zg\u00fc, farkl\u0131 bir yer edinen Habip Aydo\u011fdu&#8217;nun bir araya geldi\u011fi &#8220;Kan K\u0131rm\u0131z\u0131&#8221; adl\u0131 bu alb\u00fcm<span class=\"excerpt-hellip\"> [\u2026]<\/span><\/p>\n","protected":false},"featured_media":0,"template":"","meta":{"_monsterinsights_skip_tracking":false,"_monsterinsights_sitenote_active":false,"_monsterinsights_sitenote_note":"","_monsterinsights_sitenote_category":0},"product_brand":[],"product_cat":[12408],"product_tag":[],"class_list":{"0":"post-741832","1":"product","2":"type-product","3":"status-publish","5":"product_cat-sanat","6":"pa_cilt-ciltli","7":"pa_tur-kitap","8":"pa_yayinevi-folkart-gallery","9":"pa_yazar-adonis-habip-aydogdu","11":"first","12":"instock","13":"sale","14":"shipping-taxable","15":"purchasable","16":"product-type-simple"},"_links":{"self":[{"href":"https:\/\/roveyayinevi.com.tr\/index.php\/wp-json\/wp\/v2\/product\/741832","targetHints":{"allow":["GET"]}}],"collection":[{"href":"https:\/\/roveyayinevi.com.tr\/index.php\/wp-json\/wp\/v2\/product"}],"about":[{"href":"https:\/\/roveyayinevi.com.tr\/index.php\/wp-json\/wp\/v2\/types\/product"}],"wp:attachment":[{"href":"https:\/\/roveyayinevi.com.tr\/index.php\/wp-json\/wp\/v2\/media?parent=741832"}],"wp:term":[{"taxonomy":"product_brand","embeddable":true,"href":"https:\/\/roveyayinevi.com.tr\/index.php\/wp-json\/wp\/v2\/product_brand?post=741832"},{"taxonomy":"product_cat","embeddable":true,"href":"https:\/\/roveyayinevi.com.tr\/index.php\/wp-json\/wp\/v2\/product_cat?post=741832"},{"taxonomy":"product_tag","embeddable":true,"href":"https:\/\/roveyayinevi.com.tr\/index.php\/wp-json\/wp\/v2\/product_tag?post=741832"}],"curies":[{"name":"wp","href":"https:\/\/api.w.org\/{rel}","templated":true}]}}