{"id":741831,"date":"2025-08-28T00:58:00","date_gmt":"2025-08-27T21:58:00","guid":{"rendered":"https:\/\/roveyayinevi.com.tr\/index.php\/urun\/elveda-gunleri\/"},"modified":"2026-04-16T02:52:55","modified_gmt":"2026-04-15T23:52:55","slug":"elveda-gunleri","status":"publish","type":"product","link":"https:\/\/roveyayinevi.com.tr\/index.php\/urun\/elveda-gunleri\/","title":{"rendered":"Elveda G\u00fcnleri"},"content":{"rendered":"<p>Eski Bir Nehre Ula\u015fmak \u0130\u00e7in -Oradan Da Birlikte Ge\u00e7mi\u015ftik-   Att\u0131\u011f\u0131m\u0131z Ta\u015flar Bizden Daha \u00c7ok Varlard\u0131.   Alelacele, B\u00fct\u00fcn \u00c7ocuklu\u011fumuz Kay\u0131yordu Avu\u00e7lar\u0131m\u0131zdan,   B\u00f6ylesine Haz\u0131rl\u0131kl\u0131 De\u011filiz Yeti\u015fkin Olmaya.   Sen,   Bir Hat\u0131ra Bile Olmamaktan   Her \u015eeyi Ke\u015ffetmi\u015f\u00e7esine Memnundun,   Bir \u0130lmek Boynuna Dolanm\u0131\u015ft\u0131, Hen\u00fcz K\u00fc\u00e7\u00fckt\u00fck   Ve Yan Yanayd\u0131k.   \u0130\u00e7imden, \u00d6l\u00fcme Sar\u0131lan Kimseyi G\u00f6rmedi\u011fim Ge\u00e7mi\u015fti.   Hep Bir Yerlerden Ko\u015ftura Ko\u015ftura D\u00f6n\u00fcyordun,   Bekledi\u011fim Kap\u0131lar\u0131n G\u00f6lgesini Ezberlemi\u015ftim.   B\u00fct\u00fcn Evler Ayn\u0131, B\u00fct\u00fcn Kap\u0131lar.   Herkes Birazdan Unutulacak Gibi.   Saatler, Etraf\u0131nda Kendi D\u00f6n\u00fc\u015flerini Tamaml\u0131yor,   Bir Keresinde Sana Bile S\u00f6ylemi\u015ftim,   06:05 Olunca Duydu\u011fum O Dal\u0131n K\u0131r\u0131lma Sesini.     <\/p>\n","protected":false},"excerpt":{"rendered":"<p>Eski Bir Nehre Ula\u015fmak \u0130\u00e7in -Oradan Da Birlikte Ge\u00e7mi\u015ftik- Att\u0131\u011f\u0131m\u0131z Ta\u015flar Bizden Daha \u00c7ok Varlard\u0131. Alelacele, B\u00fct\u00fcn \u00c7ocuklu\u011fumuz Kay\u0131yordu Avu\u00e7lar\u0131m\u0131zdan, B\u00f6ylesine Haz\u0131rl\u0131kl\u0131 De\u011filiz Yeti\u015fkin Olmaya. Sen,<span class=\"excerpt-hellip\"> [\u2026]<\/span><\/p>\n","protected":false},"featured_media":0,"template":"","meta":{"_monsterinsights_skip_tracking":false,"_monsterinsights_sitenote_active":false,"_monsterinsights_sitenote_note":"","_monsterinsights_sitenote_category":0},"product_brand":[],"product_cat":[12291,12509],"product_tag":[],"class_list":{"0":"post-741831","1":"product","2":"type-product","3":"status-publish","5":"product_cat-edebiyat","6":"product_cat-siir","7":"pa_cilt-ciltsiz","8":"pa_tur-kitap","9":"pa_yayinevi-luna-yayinlari","10":"pa_yazar-kubra-hazal-cankaya","12":"first","13":"instock","14":"sale","15":"shipping-taxable","16":"purchasable","17":"product-type-simple"},"_links":{"self":[{"href":"https:\/\/roveyayinevi.com.tr\/index.php\/wp-json\/wp\/v2\/product\/741831","targetHints":{"allow":["GET"]}}],"collection":[{"href":"https:\/\/roveyayinevi.com.tr\/index.php\/wp-json\/wp\/v2\/product"}],"about":[{"href":"https:\/\/roveyayinevi.com.tr\/index.php\/wp-json\/wp\/v2\/types\/product"}],"wp:attachment":[{"href":"https:\/\/roveyayinevi.com.tr\/index.php\/wp-json\/wp\/v2\/media?parent=741831"}],"wp:term":[{"taxonomy":"product_brand","embeddable":true,"href":"https:\/\/roveyayinevi.com.tr\/index.php\/wp-json\/wp\/v2\/product_brand?post=741831"},{"taxonomy":"product_cat","embeddable":true,"href":"https:\/\/roveyayinevi.com.tr\/index.php\/wp-json\/wp\/v2\/product_cat?post=741831"},{"taxonomy":"product_tag","embeddable":true,"href":"https:\/\/roveyayinevi.com.tr\/index.php\/wp-json\/wp\/v2\/product_tag?post=741831"}],"curies":[{"name":"wp","href":"https:\/\/api.w.org\/{rel}","templated":true}]}}