{"id":741830,"date":"2025-08-28T00:57:58","date_gmt":"2025-08-27T21:57:58","guid":{"rendered":"https:\/\/roveyayinevi.com.tr\/index.php\/urun\/hipokratin-romani\/"},"modified":"2026-04-16T02:52:55","modified_gmt":"2026-04-15T23:52:55","slug":"hipokratin-romani","status":"publish","type":"product","link":"https:\/\/roveyayinevi.com.tr\/index.php\/urun\/hipokratin-romani\/","title":{"rendered":"Hipokrat\u2019\u0131n Roman\u0131"},"content":{"rendered":"<p>\u201c\u2026Siz, Hekimlik Tanr\u0131s\u0131 Asklepios\u2019un s\u00fclalesinden geliyorsunuz, de\u011ferli Hipokrat!\u201d dedi Hekim Euryphon. \u201cOysa ben halk hekimiyim ve bana yoksullar geliyor; \u00e7aresiz ve paras\u0131z insanlar!\u201d Hipokrat, Euryphon\u2019u dinlerken onun yoksulluk felsefesi yapt\u0131\u011f\u0131n\u0131 d\u00fc\u015f\u00fcn\u00fcyordu.   \u201cDe\u011ferli meslekta\u015f\u0131m Hekim Euryphon,\u201d dedi, biraz \u00fcstten bakarak. \u201cHekimlik bir sanatt\u0131r ve hi\u00e7bir sanat\u00e7\u0131 sanat\u0131n\u0131 kar\u015f\u0131l\u0131ks\u0131z yapmaz!\u201d Hipokrat\u2019\u0131n kibirli tavr\u0131, Euryphon\u2019u k\u0131zd\u0131rm\u0131\u015ft\u0131.  \u201cBak meslekta\u015f\u0131m!\u201d dedi sert bir sesle. \u201cHekimlik hizmetini paraya \u00e7evirmek i\u00e7in onun bir sanat oldu\u011funu s\u00f6yl\u00fcyorsan, ben orada yokum!\u201d   Suat \u00c7a\u011flayan bu kitab\u0131nda okuru Antik \u00c7a\u011f y\u0131llar\u0131na g\u00f6t\u00fcr\u00fcyor, &#8220;t\u0131bb\u0131n babas\u0131&#8221; olarak bilinen Hipokrat&#8217;\u0131n hayat\u0131n\u0131 ve d\u00fc\u015f\u00fcncelerini ak\u0131c\u0131 bir roman kurgusuyla anlat\u0131yor. <\/p>\n","protected":false},"excerpt":{"rendered":"<p>\u201c\u2026Siz, Hekimlik Tanr\u0131s\u0131 Asklepios\u2019un s\u00fclalesinden geliyorsunuz, de\u011ferli Hipokrat!\u201d dedi Hekim Euryphon. \u201cOysa ben halk hekimiyim ve bana yoksullar geliyor; \u00e7aresiz ve paras\u0131z insanlar!\u201d Hipokrat, Euryphon\u2019u dinlerken<span class=\"excerpt-hellip\"> [\u2026]<\/span><\/p>\n","protected":false},"featured_media":0,"template":"","meta":{"_monsterinsights_skip_tracking":false,"_monsterinsights_sitenote_active":false,"_monsterinsights_sitenote_note":"","_monsterinsights_sitenote_category":0},"product_brand":[],"product_cat":[12291,12711],"product_tag":[],"class_list":{"0":"post-741830","1":"product","2":"type-product","3":"status-publish","5":"product_cat-edebiyat","6":"product_cat-roman-oyku","7":"pa_cilt-ciltsiz","8":"pa_tur-kitap","9":"pa_yayinevi-bilgi-yayinevi","10":"pa_yazar-b-suat-caglayan","12":"first","13":"instock","14":"sale","15":"shipping-taxable","16":"purchasable","17":"product-type-simple"},"_links":{"self":[{"href":"https:\/\/roveyayinevi.com.tr\/index.php\/wp-json\/wp\/v2\/product\/741830","targetHints":{"allow":["GET"]}}],"collection":[{"href":"https:\/\/roveyayinevi.com.tr\/index.php\/wp-json\/wp\/v2\/product"}],"about":[{"href":"https:\/\/roveyayinevi.com.tr\/index.php\/wp-json\/wp\/v2\/types\/product"}],"wp:attachment":[{"href":"https:\/\/roveyayinevi.com.tr\/index.php\/wp-json\/wp\/v2\/media?parent=741830"}],"wp:term":[{"taxonomy":"product_brand","embeddable":true,"href":"https:\/\/roveyayinevi.com.tr\/index.php\/wp-json\/wp\/v2\/product_brand?post=741830"},{"taxonomy":"product_cat","embeddable":true,"href":"https:\/\/roveyayinevi.com.tr\/index.php\/wp-json\/wp\/v2\/product_cat?post=741830"},{"taxonomy":"product_tag","embeddable":true,"href":"https:\/\/roveyayinevi.com.tr\/index.php\/wp-json\/wp\/v2\/product_tag?post=741830"}],"curies":[{"name":"wp","href":"https:\/\/api.w.org\/{rel}","templated":true}]}}