{"id":741829,"date":"2025-08-28T00:57:48","date_gmt":"2025-08-27T21:57:48","guid":{"rendered":"https:\/\/roveyayinevi.com.tr\/index.php\/urun\/babalar-ve-kizlari-2\/"},"modified":"2026-04-16T02:52:55","modified_gmt":"2026-04-15T23:52:55","slug":"babalar-ve-kizlari-2","status":"publish","type":"product","link":"https:\/\/roveyayinevi.com.tr\/index.php\/urun\/babalar-ve-kizlari-2\/","title":{"rendered":"Babalar ve K\u0131zlar\u0131"},"content":{"rendered":"<p>\u201cBelki arad\u0131\u011f\u0131n sorular\u0131n cevab\u0131 \u015fimdi anlatacaklar\u0131mda gizlidir.\u201d \u201cKad\u0131n olman\u0131n ilk kural\u0131 g\u00fc\u00e7lenmek, hak etmek, hak ederek ald\u0131\u011f\u0131n\u0131 da hak edenle payla\u015fmakm\u0131\u015f. G\u00fcn\u00fc gelir ger\u00e7ekten t\u00fcm ruhuyla seni dinleyen biri olur; i\u015fte o zaman anlat. Denizin ufukla bulu\u015fup k\u0131z\u0131lla\u015ft\u0131\u011f\u0131 yaz g\u00fcnlerini bekle ama.\u201d Babalar ve K\u0131zlar\u0131; delirmenin e\u015fi\u011finde bir baba, izini s\u00fcrd\u00fc\u011f\u00fc bir dede, s\u0131\u011f\u0131nma ve ka\u00e7\u0131\u015f arzular\u0131n\u0131 per\u00e7inleyen bir aile, yemek kokular\u0131, deniz gezintileri, \u00e7ocuk sesleriyle capcanl\u0131 bir 80\u2019li y\u0131llar mahallesinde b\u00fcy\u00fcyen; baba, delirme, a\u015fk ve koku sarmal\u0131nda kad\u0131nl\u0131\u011f\u0131n\u0131 ke\u015ffetmeye \u00e7al\u0131\u015fan bir kahraman\u0131n roman\u0131. Bir taraftan arad\u0131\u011f\u0131 a\u015fk\u0131 buldu\u011funda belirsiz, h\u00fcz\u00fcnl\u00fc hat\u0131ralar\u0131n\u0131 unutaca\u011f\u0131na inanan, di\u011fer taraftan \u201caray\u0131\u015f\u201d\u0131n kendisini kaybetmekten korkan bir kad\u0131n\u0131n dedesiyle kesi\u015fen hayat\u0131na tan\u0131k oluyoruz. Selda Uygur, 2020 Turgut \u00d6zakman \u0130lk Roman Yar\u0131\u015fmas\u0131 birincilik \u00f6d\u00fcl\u00fcn\u00fc kazand\u0131\u011f\u0131 roman\u0131nda ger\u00e7ek\u00fcst\u00fc ama hi\u00e7 de uzak hissetmedi\u011fimiz bir d\u00fcnyadan sesleniyor\u2026 <\/p>\n","protected":false},"excerpt":{"rendered":"<p>\u201cBelki arad\u0131\u011f\u0131n sorular\u0131n cevab\u0131 \u015fimdi anlatacaklar\u0131mda gizlidir.\u201d \u201cKad\u0131n olman\u0131n ilk kural\u0131 g\u00fc\u00e7lenmek, hak etmek, hak ederek ald\u0131\u011f\u0131n\u0131 da hak edenle payla\u015fmakm\u0131\u015f. G\u00fcn\u00fc gelir ger\u00e7ekten t\u00fcm ruhuyla<span class=\"excerpt-hellip\"> [\u2026]<\/span><\/p>\n","protected":false},"featured_media":0,"template":"","meta":{"_monsterinsights_skip_tracking":false,"_monsterinsights_sitenote_active":false,"_monsterinsights_sitenote_note":"","_monsterinsights_sitenote_category":0},"product_brand":[],"product_cat":[12291,12711],"product_tag":[],"class_list":{"0":"post-741829","1":"product","2":"type-product","3":"status-publish","5":"product_cat-edebiyat","6":"product_cat-roman-oyku","7":"pa_cilt-ciltsiz","8":"pa_tur-kitap","9":"pa_yayinevi-bilgi-yayinevi","10":"pa_yazar-selda-uygur","12":"first","13":"instock","14":"sale","15":"shipping-taxable","16":"purchasable","17":"product-type-simple"},"_links":{"self":[{"href":"https:\/\/roveyayinevi.com.tr\/index.php\/wp-json\/wp\/v2\/product\/741829","targetHints":{"allow":["GET"]}}],"collection":[{"href":"https:\/\/roveyayinevi.com.tr\/index.php\/wp-json\/wp\/v2\/product"}],"about":[{"href":"https:\/\/roveyayinevi.com.tr\/index.php\/wp-json\/wp\/v2\/types\/product"}],"wp:attachment":[{"href":"https:\/\/roveyayinevi.com.tr\/index.php\/wp-json\/wp\/v2\/media?parent=741829"}],"wp:term":[{"taxonomy":"product_brand","embeddable":true,"href":"https:\/\/roveyayinevi.com.tr\/index.php\/wp-json\/wp\/v2\/product_brand?post=741829"},{"taxonomy":"product_cat","embeddable":true,"href":"https:\/\/roveyayinevi.com.tr\/index.php\/wp-json\/wp\/v2\/product_cat?post=741829"},{"taxonomy":"product_tag","embeddable":true,"href":"https:\/\/roveyayinevi.com.tr\/index.php\/wp-json\/wp\/v2\/product_tag?post=741829"}],"curies":[{"name":"wp","href":"https:\/\/api.w.org\/{rel}","templated":true}]}}