{"id":741822,"date":"2025-08-28T00:57:38","date_gmt":"2025-08-27T21:57:38","guid":{"rendered":"https:\/\/roveyayinevi.com.tr\/index.php\/urun\/elimi-birakma\/"},"modified":"2026-04-15T03:03:33","modified_gmt":"2026-04-15T00:03:33","slug":"elimi-birakma","status":"publish","type":"product","link":"https:\/\/roveyayinevi.com.tr\/index.php\/urun\/elimi-birakma\/","title":{"rendered":"Elimi B\u0131rakma"},"content":{"rendered":"<p>Elimi B\u0131rakma Semih S\u00f6zen Kitaplar konu\u015fuyor raflarda. Bir kad\u0131n\u0131n \u00fcst\u00fcne t\u00fcm ge\u00e7mi\u015fi \u00e7ullan\u0131yor. Asl\u0131nda var olmayan, varl\u0131\u011fa kar\u0131\u015f\u0131yor. Hep orada duran, yoklu\u011fun koynunda. Semih S\u00f6zen, iyiyle k\u00f6t\u00fcy\u00fc bulu\u015fturuyor sayfalarda. Kavgayla, a\u015fkla, bar\u0131\u015fla bir araya getiriyor t\u00fcm z\u0131tlar\u0131. Farkl\u0131 olanlar, ayn\u0131 d\u00fcnyada kucakla\u015f\u0131yor. Elimi B\u0131rakma, bir dizi hik\u00e2ye. Tahmin edilemeyen, s\u0131ran\u0131n d\u0131\u015f\u0131nda kalan ama mutlaka kalbe dokunan c\u00fcmleleri s\u0131ral\u0131yor. <\/p>\n","protected":false},"excerpt":{"rendered":"<p>Elimi B\u0131rakma Semih S\u00f6zen Kitaplar konu\u015fuyor raflarda. Bir kad\u0131n\u0131n \u00fcst\u00fcne t\u00fcm ge\u00e7mi\u015fi \u00e7ullan\u0131yor. Asl\u0131nda var olmayan, varl\u0131\u011fa kar\u0131\u015f\u0131yor. Hep orada duran, yoklu\u011fun koynunda. Semih S\u00f6zen, iyiyle<span class=\"excerpt-hellip\"> [\u2026]<\/span><\/p>\n","protected":false},"featured_media":0,"template":"","meta":{"_monsterinsights_skip_tracking":false,"_monsterinsights_sitenote_active":false,"_monsterinsights_sitenote_note":"","_monsterinsights_sitenote_category":0},"product_brand":[],"product_cat":[12291,12711],"product_tag":[],"class_list":{"0":"post-741822","1":"product","2":"type-product","3":"status-publish","5":"product_cat-edebiyat","6":"product_cat-roman-oyku","7":"pa_cilt-ciltsiz","8":"pa_tur-kitap","9":"pa_yayinevi-sapiens-yayinlari","10":"pa_yazar-semih-sozen","12":"first","13":"instock","14":"sale","15":"shipping-taxable","16":"purchasable","17":"product-type-simple"},"_links":{"self":[{"href":"https:\/\/roveyayinevi.com.tr\/index.php\/wp-json\/wp\/v2\/product\/741822","targetHints":{"allow":["GET"]}}],"collection":[{"href":"https:\/\/roveyayinevi.com.tr\/index.php\/wp-json\/wp\/v2\/product"}],"about":[{"href":"https:\/\/roveyayinevi.com.tr\/index.php\/wp-json\/wp\/v2\/types\/product"}],"wp:attachment":[{"href":"https:\/\/roveyayinevi.com.tr\/index.php\/wp-json\/wp\/v2\/media?parent=741822"}],"wp:term":[{"taxonomy":"product_brand","embeddable":true,"href":"https:\/\/roveyayinevi.com.tr\/index.php\/wp-json\/wp\/v2\/product_brand?post=741822"},{"taxonomy":"product_cat","embeddable":true,"href":"https:\/\/roveyayinevi.com.tr\/index.php\/wp-json\/wp\/v2\/product_cat?post=741822"},{"taxonomy":"product_tag","embeddable":true,"href":"https:\/\/roveyayinevi.com.tr\/index.php\/wp-json\/wp\/v2\/product_tag?post=741822"}],"curies":[{"name":"wp","href":"https:\/\/api.w.org\/{rel}","templated":true}]}}