{"id":741821,"date":"2025-08-28T00:57:36","date_gmt":"2025-08-27T21:57:36","guid":{"rendered":"https:\/\/roveyayinevi.com.tr\/index.php\/urun\/kadinlarin-felsefesi\/"},"modified":"2026-04-16T02:52:55","modified_gmt":"2026-04-15T23:52:55","slug":"kadinlarin-felsefesi","status":"publish","type":"product","link":"https:\/\/roveyayinevi.com.tr\/index.php\/urun\/kadinlarin-felsefesi\/","title":{"rendered":"Kad\u0131nlar\u0131n Felsefesi"},"content":{"rendered":"<p>Kad\u0131nlar\u0131n Felsefesi Ahmet Mithat Efendi Haz\u0131rlayan: Semih Do\u011fan \u0130ki k\u0131z karde\u015f, iki can yolda\u015f\u0131. Kaderlerini birbirine ba\u011flayan iki y\u00fcrek&#8230; Kad\u0131n olmaya, yaln\u0131z kalmaya ve erkeklerin ha\u015fin d\u00fcnyas\u0131na dair d\u00fc\u015f\u00fcnceler. \u00d6te yanda a\u015fk, \u00f6te yanda sevda&#8230; Kad\u0131nlar\u0131n Felsefesi, evlili\u011fe, evlili\u011fin reddine, sevme arzusuna ve sevilmeme korkusuna dair bir novella. G\u00fcn\u00fcm\u00fcz T\u00fcrk\u00e7esiyle&#8230; <\/p>\n","protected":false},"excerpt":{"rendered":"<p>Kad\u0131nlar\u0131n Felsefesi Ahmet Mithat Efendi Haz\u0131rlayan: Semih Do\u011fan \u0130ki k\u0131z karde\u015f, iki can yolda\u015f\u0131. Kaderlerini birbirine ba\u011flayan iki y\u00fcrek&#8230; Kad\u0131n olmaya, yaln\u0131z kalmaya ve erkeklerin ha\u015fin<span class=\"excerpt-hellip\"> [\u2026]<\/span><\/p>\n","protected":false},"featured_media":0,"template":"","meta":{"_monsterinsights_skip_tracking":false,"_monsterinsights_sitenote_active":false,"_monsterinsights_sitenote_note":"","_monsterinsights_sitenote_category":0},"product_brand":[],"product_cat":[12291,12711],"product_tag":[],"class_list":{"0":"post-741821","1":"product","2":"type-product","3":"status-publish","5":"product_cat-edebiyat","6":"product_cat-roman-oyku","7":"pa_cilt-ciltsiz","8":"pa_tur-kitap","9":"pa_yayinevi-sapiens-yayinlari","10":"pa_yazar-ahmet-mithat-efendi","12":"first","13":"instock","14":"sale","15":"shipping-taxable","16":"purchasable","17":"product-type-simple"},"_links":{"self":[{"href":"https:\/\/roveyayinevi.com.tr\/index.php\/wp-json\/wp\/v2\/product\/741821","targetHints":{"allow":["GET"]}}],"collection":[{"href":"https:\/\/roveyayinevi.com.tr\/index.php\/wp-json\/wp\/v2\/product"}],"about":[{"href":"https:\/\/roveyayinevi.com.tr\/index.php\/wp-json\/wp\/v2\/types\/product"}],"wp:attachment":[{"href":"https:\/\/roveyayinevi.com.tr\/index.php\/wp-json\/wp\/v2\/media?parent=741821"}],"wp:term":[{"taxonomy":"product_brand","embeddable":true,"href":"https:\/\/roveyayinevi.com.tr\/index.php\/wp-json\/wp\/v2\/product_brand?post=741821"},{"taxonomy":"product_cat","embeddable":true,"href":"https:\/\/roveyayinevi.com.tr\/index.php\/wp-json\/wp\/v2\/product_cat?post=741821"},{"taxonomy":"product_tag","embeddable":true,"href":"https:\/\/roveyayinevi.com.tr\/index.php\/wp-json\/wp\/v2\/product_tag?post=741821"}],"curies":[{"name":"wp","href":"https:\/\/api.w.org\/{rel}","templated":true}]}}