{"id":741816,"date":"2025-08-28T00:57:29","date_gmt":"2025-08-27T21:57:29","guid":{"rendered":"https:\/\/roveyayinevi.com.tr\/index.php\/urun\/film-gibi-gecti-ediz-hun\/"},"modified":"2026-04-16T02:52:54","modified_gmt":"2026-04-15T23:52:54","slug":"film-gibi-gecti-ediz-hun","status":"publish","type":"product","link":"https:\/\/roveyayinevi.com.tr\/index.php\/urun\/film-gibi-gecti-ediz-hun\/","title":{"rendered":"Film Gibi Ge\u00e7ti-Ediz Hun"},"content":{"rendered":"<p>Siyah beyaz bir foto\u011fraf karesi gibi Ye\u015fil\u00e7am; bir kenara at\u0131lm\u0131\u015f, tozlu raflarda duran, ama her bak\u0131ld\u0131\u011f\u0131nda insan\u0131n ruhuna elemle kar\u0131\u015f\u0131k bir saadet yayan, ucu yanm\u0131\u015f bir foto\u011fraf karesi. Fakir ama gururlu erkekleri, amans\u0131z hastal\u0131klara yakalanan kad\u0131nlar\u0131, imk\u00e2ns\u0131z a\u015fklar\u0131yla o 24 foto\u011fraf karesinde her \u015fey biraz daha masum sanki. T\u00fcrk sinema tarihinin en yak\u0131\u015f\u0131kl\u0131 j\u00f6nlerinden Ediz Hun o d\u00f6nemin ba\u015fkahramanlar\u0131ndan biri. Beyo\u011flu Emek\u2019te, yaz g\u00fcnlerinde a\u00e7\u0131k hava sinemalar\u0131nda, zaman zaman da televizyon ekranlar\u0131nda y\u0131llarca konuk oldu hayatlara. Onu hep canland\u0131rd\u0131\u011f\u0131 karakterlerle beyaz perdeden izledik, ama i\u015fin bir de perde arkas\u0131 vard\u0131. Ediz Hun bu kez kurgu de\u011fil, ger\u00e7ek bir hik\u00e2ye anlatt\u0131. Cihangir\u2019de ba\u015flay\u0131p Norve\u00e7\u2019e kadar uzanan, i\u00e7inde birbirinden g\u00fczel an\u0131lar\u0131, \u00fcst\u00fcn ba\u015far\u0131lar\u0131 ve bir halk\u0131n hayranl\u0131\u011f\u0131n\u0131 saklayan bu hik\u00e2yede ba\u015frol yine onun. Ediz Hun \u0130stanbul\u2019un Cihangir semtinde 22 Kas\u0131m 1940 tarihinde \u00c7erkes k\u00f6kenli Adnan Hun ile Bulgaristan Vidin do\u011fumlu Ne\u015fvet Hun \u00e7iftinin \u00e7ocu\u011fu olarak d\u00fcnyaya geldi. Avusturya ve Atat\u00fcrk liselerinin ard\u0131ndan Norve\u00e7 Oslo ve Trondheim \u00fcniversitelerinin Biyoloji, Deniz Biyolojisi ve \u00c7evre Bilimleri b\u00f6l\u00fcmlerinden mezun oldu. Ses mecmuas\u0131 Film Y\u0131ld\u0131z\u0131 Yar\u0131\u015fmas\u0131\u2019nda 1963 y\u0131l\u0131nda birinci se\u00e7ilerek sinema d\u00fcnyas\u0131na girdi. Yine 1963 y\u0131l\u0131nda \u00e7ekilen ilk filmi Gen\u00e7 K\u0131zlar\u2019\u0131n ard\u0131ndan, aralar\u0131nda Ankara Ekspresi, Ayr\u0131lsak da Beraberiz, Sonbahar R\u00fczg\u00e2rlar\u0131, G\u00fcll\u00fc, Son Mektup, Paydos gibi T\u00fcrk sinemas\u0131n\u0131n \u00f6nemli yap\u0131mlar\u0131n\u0131n da yer ald\u0131\u011f\u0131 129 filmde ba\u015frol ald\u0131. Ayr\u0131ca Ac\u0131mak, G\u00f6kku\u015fa\u011f\u0131, \u0130lk A\u015fk, Azize, Asla Unutma gibi televizyon dizilerinde oynad\u0131. Filmlerini Antalya, Adana ve Malatya Film Festivallerinde ald\u0131\u011f\u0131 Ya\u015fam Boyu Onur \u00d6d\u00fclleri ile ta\u00e7land\u0131rd\u0131. Oyunculu\u011fun yan\u0131 s\u0131ra siyasetle de ilgilendi. 1991-93 y\u0131llar\u0131 aras\u0131nda \u00c7evre Bakan\u0131 Ba\u015fdan\u0131\u015fman\u0131 ve \u0130stanbul \u0130l \u00c7evre M\u00fcd\u00fcr\u00fc olarak g\u00f6rev ald\u0131. 1996-99\u2019da Anap \u0130stanbul \u0130l Ba\u015fkan Vekilli\u011fi yapt\u0131. 18 Nisan 1999 se\u00e7imlerinde Anap\u2019tan \u0130stanbul milletvekili se\u00e7ildi. 21. Yasama D\u00f6nemi\u2019nde TBMM\u2019de \u00c7evre Komiyonu Ba\u015fkanl\u0131\u011f\u0131; 2001-2003\u2019te Anap Genel Ba\u015fkan Yard\u0131mc\u0131l\u0131\u011f\u0131 yapt\u0131. Ayr\u0131ca Kad\u0131n ve Gen\u00e7likten Sorumlu Koordinasyon Ba\u015fkan\u0131 ve Bas\u0131n Propaganda Ba\u015fkan\u0131 olarak da g\u00f6rev ald\u0131. 1985-2000 y\u0131llar\u0131 aras\u0131nda Marmara \u00dcniversitesi\u2019nde \u00c7evre dersleri verdi. Ayr\u0131ca \u00e7e\u015fitli tarihlerde Bah\u00e7e\u015fehir ve \u0130stanbul Ticaret \u00fcniversitelerinde \u00c7evre ve Ekoloji; Pana Film Sinema Akademisi ve Maltepe ile Do\u011fu\u015f \u00fcniversitelerinde ise T\u00fcrk Sinema Tarihi ve Oyunculuk dersleri verdi. 2006 y\u0131l\u0131ndan beri Okan \u00dcniversitesi Ekoloji Bilimleri\u2019nde \u00f6\u011fretim g\u00f6revlisi olarak \u00e7al\u0131\u015fmalar\u0131n\u0131 s\u00fcrd\u00fcrmekte. Kariyeri boyunca yurtd\u0131\u015f\u0131 Avustralya ve Almanya dahil iki bini a\u015fk\u0131n konferans verdi. \u00c7evre, Sanat ve K\u00fclt\u00fcr alan\u0131nda \u00e7e\u015fitli yay\u0131n organlar\u0131nda yay\u0131mlanan say\u0131s\u0131z bilimsel makale ve ara\u015ft\u0131rma yaz\u0131s\u0131na imza att\u0131. \u00c7e\u015fitli \u00c7evre ve Do\u011fa Dernekleri ba\u015fkanl\u0131klar\u0131n\u0131n yan\u0131 s\u0131ra 1990-1991 y\u0131llar\u0131nda Adalar Rotary Kul\u00fcb\u00fc Ba\u015fkanl\u0131\u011f\u0131 da yapt\u0131. D\u00fcnyada ilk kez do\u011fal ortam\u0131n\u0131n d\u0131\u015f\u0131nda \u00fcretti\u011fi iguanalar\u0131 ile Almanya\u2019da bilimsel yay\u0131n yapan Salamandra dergisinde yer ald\u0131. \u00dc\u00e7 bini a\u015fk\u0131n kakt\u00fcs \u00e7e\u015fidinin bulundu\u011fu Kakt\u00fcs Koleksiyonu ise Avrupa\u2019n\u0131n say\u0131l\u0131 \u00f6zel koleksiyonlar\u0131 aras\u0131nda\u2026 Sanat, siyaset ve akademik hayat\u0131 boyunca yurti\u00e7i ve yurtd\u0131\u015f\u0131ndan olmak \u00fczere bini a\u015fk\u0131n plaket, belge ve \u00f6d\u00fcl ald\u0131. Ya\u015fat ki Ya\u015fayas\u0131n (2013), \u00c7evremiz Gelece\u011fimizdir (2015) ve Ediz Hun Amca ile \u00c7evremiz (2017) adl\u0131 \u00fc\u00e7 kitaba imza att\u0131. Ediz Hun, 1973\u2019ten beri Berna Hun ile evli olup Beng\u00fc ve Burak adl\u0131 iki \u00e7ocu\u011fu bulunmakta. R\u0131za Oylum 1984 \u0130stanbul do\u011fumlu. \u0130stanbul K\u00fclt\u00fcr \u00dcniversitesi T\u00fcrk Dili ve Edebiyat\u0131 b\u00f6l\u00fcm\u00fcnde lisans, Trakya \u00dcniversitesi\u2019nde ayn\u0131 alanda y\u00fcksek lisans e\u011fitimi ald\u0131. Varl\u0131k, Virg\u00fcl, Agora, RadikalGen\u00e7, Birg\u00fcn, Cumhuriyet Kitap, Film Aras\u0131, Kitap\u00e7\u0131 ve Edebiyathaber.net gibi farkl\u0131 mecralarda sinema ve edebiyat merkezli metinler yay\u0131mlad\u0131. Uzakdo\u011fu Sinemas\u0131, Rus Sinemas\u0131, Alman Sinemas\u0131, Ortado\u011fu Sinemas\u0131, D\u00fcnya Y\u00f6netmenlerinden Sinema Dersleri, Doksanlar, D\u00fcnya Yazarlar\u0131ndan Yazarl\u0131k Dersleri ve \u0130ran Sinemas\u0131 kitaplar\u0131n\u0131 yazd\u0131. Ulusal ve uluslararas\u0131 festivallerde j\u00fcri, k\u00fcrat\u00f6r ve yay\u0131n edit\u00f6r\u00fc g\u00f6revlerinde bulundu. T\u00fcrkiye\u2019de ve yurtd\u0131\u015f\u0131nda \u00fclke sinemalar\u0131 \u00fcst\u00fcne konferanslar verip workshoplar yapt\u0131. Halih\u00e2z\u0131rda bir vak\u0131f \u00fcniversitesinde sinema tarihi dersleri veriyor. Gazete Duvar\u2019da sinema merkezli k\u00f6\u015fe yaz\u0131lar\u0131 yaz\u0131yor.<\/p>\n","protected":false},"excerpt":{"rendered":"<p>Siyah beyaz bir foto\u011fraf karesi gibi Ye\u015fil\u00e7am; bir kenara at\u0131lm\u0131\u015f, tozlu raflarda duran, ama her bak\u0131ld\u0131\u011f\u0131nda insan\u0131n ruhuna elemle kar\u0131\u015f\u0131k bir saadet yayan, ucu yanm\u0131\u015f bir<span class=\"excerpt-hellip\"> [\u2026]<\/span><\/p>\n","protected":false},"featured_media":0,"template":"","meta":{"_monsterinsights_skip_tracking":false,"_monsterinsights_sitenote_active":false,"_monsterinsights_sitenote_note":"","_monsterinsights_sitenote_category":0},"product_brand":[],"product_cat":[12291,30969],"product_tag":[],"class_list":{"0":"post-741816","1":"product","2":"type-product","3":"status-publish","5":"product_cat-edebiyat","6":"product_cat-soylesi-edebiyat","7":"pa_cilt-ciltsiz","8":"pa_tur-kitap","9":"pa_yayinevi-inkilap-kitabevi","10":"pa_yazar-riza-oylum","12":"first","13":"instock","14":"sale","15":"shipping-taxable","16":"purchasable","17":"product-type-simple"},"_links":{"self":[{"href":"https:\/\/roveyayinevi.com.tr\/index.php\/wp-json\/wp\/v2\/product\/741816","targetHints":{"allow":["GET"]}}],"collection":[{"href":"https:\/\/roveyayinevi.com.tr\/index.php\/wp-json\/wp\/v2\/product"}],"about":[{"href":"https:\/\/roveyayinevi.com.tr\/index.php\/wp-json\/wp\/v2\/types\/product"}],"wp:attachment":[{"href":"https:\/\/roveyayinevi.com.tr\/index.php\/wp-json\/wp\/v2\/media?parent=741816"}],"wp:term":[{"taxonomy":"product_brand","embeddable":true,"href":"https:\/\/roveyayinevi.com.tr\/index.php\/wp-json\/wp\/v2\/product_brand?post=741816"},{"taxonomy":"product_cat","embeddable":true,"href":"https:\/\/roveyayinevi.com.tr\/index.php\/wp-json\/wp\/v2\/product_cat?post=741816"},{"taxonomy":"product_tag","embeddable":true,"href":"https:\/\/roveyayinevi.com.tr\/index.php\/wp-json\/wp\/v2\/product_tag?post=741816"}],"curies":[{"name":"wp","href":"https:\/\/api.w.org\/{rel}","templated":true}]}}