{"id":741814,"date":"2025-08-28T00:57:26","date_gmt":"2025-08-27T21:57:26","guid":{"rendered":"https:\/\/roveyayinevi.com.tr\/index.php\/urun\/masal-kadin\/"},"modified":"2026-04-16T02:52:54","modified_gmt":"2026-04-15T23:52:54","slug":"masal-kadin","status":"publish","type":"product","link":"https:\/\/roveyayinevi.com.tr\/index.php\/urun\/masal-kadin\/","title":{"rendered":"Masal Kad\u0131n"},"content":{"rendered":"<p>Bir varm\u0131\u015f bir yokmu\u015f\u2026 Oyuncu, e\u011fitmen ve hik\u00e2ye anlat\u0131c\u0131s\u0131 Sema \u00c7eker\u2019in kalbine; as\u0131rlard\u0131r s\u00fcregelen masal kal\u0131plar\u0131nda arka planda ve g\u00fc\u00e7s\u00fcz olarak resmedilen \u201ckad\u0131n\u201d karakterlerin hik\u00e2yelerini yeniden yazma ate\u015fi d\u00fc\u015fm\u00fc\u015f! Bu masallar, ataerkil toplum yap\u0131s\u0131n\u0131n dayatt\u0131\u011f\u0131 normlar sebebiyle kendi kabu\u011funa \u00e7ekilen kad\u0131nlar\u0131n, bir kelebek misali kozas\u0131ndan kurtulup \u00f6zg\u00fcrle\u015fmesini anlatm\u0131\u015f. Bu kad\u0131nlar cesaret ve azimleriyle, sava\u015f\u00e7\u0131 karakterleriyle, \u00f6zg\u00fcvenleriyle, g\u00fc\u00e7l\u00fc maneviyatlar\u0131yla asl\u0131nda hepimizin i\u00e7indeki o k\u0131v\u0131lc\u0131m\u0131n temsili imi\u015f! Haydi gelin, hep birlikte alt edelim canavarlar\u0131, \u00fc\u00e7 ba\u015fl\u0131 ejderhalar\u0131, k\u00f6t\u00fc kalpli b\u00fcy\u00fcc\u00fcleri, zalim padi\u015fahlar\u0131n zorbal\u0131klar\u0131n\u0131 ve zorla \u00f6pmeye \u00e7al\u0131\u015fan \u00e7irkin kurba\u011falar\u0131&#8230; Sema \u00c7eker\u2019in ilk kitab\u0131 Masal Kad\u0131n\u2019\u0131n her dizesinde, a\u015ft\u0131\u011f\u0131m\u0131z her engelle birlikte i\u00e7imizdeki bilge ve vah\u015fi kad\u0131na vurdu\u011fumuz kilitlerden birinin a\u00e7\u0131lmas\u0131na izin verelim. \u201cUnutmay\u0131n, masallar \u00e7ocuklar\u0131 uyutur, b\u00fcy\u00fckleri uyand\u0131r\u0131r!\u201dYazar \u00d6zge\u00e7mi\u015fi Sema \u00c7eker Kumpir patatesi b\u00fcy\u00fckl\u00fc\u011f\u00fcnde bir \u015fehirde erken gelen kar\u0131n etraf\u0131 beyaza boyad\u0131\u011f\u0131 bir g\u00fcn\u00fcn gecesiydi. Anne ve babas\u0131 \u00e7\u0131t\u0131r \u00e7\u0131t\u0131r k\u0131v\u0131lc\u0131mlar \u00e7\u0131kararak yanan soban\u0131n yan\u0131ndaki divanda uykuya haz\u0131rland\u0131lar. Harika her \u00e7iftin yapt\u0131\u011f\u0131 gibi birbirlerine iyi geceler \u00f6p\u00fcc\u00fc\u011f\u00fc verip sar\u0131ld\u0131lar. Fakat a\u015fk perisi etraflar\u0131nda dolan\u0131yordu ve sihirli de\u011fne\u011fini sallay\u0131verdi. O anda kibritle kav\u0131n bulu\u015fmas\u0131 gibi bir alev ikisini de sard\u0131. K\u0131sa bir s\u00fcre sonra kendisine benzeyen milyonlarca arkada\u015f\u0131yla kendini \u015felaleden at\u0131lm\u0131\u015f\u00e7as\u0131na yerde buldu. Bu onun ilk \u015fokuydu. Di\u011fer arkada\u015flar\u0131n\u0131n bir k\u0131sm\u0131 \u015foku erken atlatmay\u0131 ba\u015farm\u0131\u015f biti\u015f \u00e7izgisine do\u011fru ilerliyordu. Baz\u0131lar\u0131 erken pes edip d\u00fc\u015f\u00fcyor, baz\u0131lar\u0131 yolun yar\u0131s\u0131nda kendini b\u0131rak\u0131yordu. Bu yar\u0131\u015f\u0131 sadece bir ki\u015finin kazanaca\u011f\u0131n\u0131n bilgisi g\u00f6ky\u00fcz\u00fcnde kendisine verilmi\u015fti ve hemen hat\u0131rlad\u0131\u011f\u0131 gibi ko\u015fmaya ba\u015flad\u0131. Uzun zamand\u0131r g\u00f6ky\u00fcz\u00fcnden a\u015fa\u011f\u0131y\u0131 izliyor ve d\u00fcnyaya gelebilmek i\u00e7in hayaller kuruyordu. Bu yar\u0131\u015f\u0131 kazanmak zorundayd\u0131 ve nefesi kesilene kadar ko\u015ftu. Baz\u0131 rakipleri hile yap\u0131p ona \u00e7elme takt\u0131, baz\u0131lar\u0131ysa omuz atmaya \u00e7al\u0131\u015ft\u0131 ama o d\u00fc\u015fmedi. T\u00fcm g\u00fcc\u00fcyle ko\u015ftu ko\u015ftu ve g\u00fcc\u00fcn\u00fcn bitti\u011fi yerde kendini b\u0131rakt\u0131. Nefesi normale d\u00f6nd\u00fc\u011f\u00fcnde kafas\u0131n\u0131 kald\u0131r\u0131p etraf\u0131na bakt\u0131\u011f\u0131nda anlad\u0131; ilk yar\u0131\u015f\u0131n\u0131 kazanm\u0131\u015ft\u0131. Art\u0131k dokuz ayl\u0131k rahat bir uykuya yatabilirdi. \u0130\u015fte d\u00fcnyaya geli\u015fi aynen b\u00f6yle oldu. Anne ve babas\u0131 kucaklar\u0131na ald\u0131klar\u0131nda k\u00fc\u00e7\u00fck k\u0131zlar\u0131n\u0131, onun y\u00fcz\u00fcnde sonsuzlu\u011fu g\u00f6rd\u00fcler. Babaannesi, \u201cTalihi de sevgisi de sonsuz olsun\u201d deyip Sema ismini koydu k\u00fc\u00e7\u00fck k\u0131za. Bir hayalperest olarak geldi\u011fi d\u00fcnyay\u0131 ke\u015ffedebilmek i\u00e7in hemen b\u00fcy\u00fcmek istedi Sema. Yapmak istedi\u011fi \u00e7ok \u015fey, g\u00f6rmek istedi\u011fi \u00e7ok yer vard\u0131. Cesurdu, g\u00fcn ge\u00e7tik\u00e7e g\u00fczelle\u015fiyordu, merakl\u0131yd\u0131, hevesliydi, sevgi dolu ve merhametliydi. B\u00fcy\u00fcd\u00fc. Harika bir kad\u0131na d\u00f6n\u00fc\u015ft\u00fc. B\u00fcy\u00fck maceralara at\u0131ld\u0131. Ejderhalarla sava\u015ft\u0131, bilinmez diyarlara ula\u015ft\u0131. Bazen kayboldu bazen yolda \u00e7\u0131kan bir dostla birlikte do\u011fru y\u00f6n\u00fc buldu. \u015eimdilerde bir oyuncu, e\u011fitmen ve hik\u00e2ye anlat\u0131c\u0131s\u0131 olarak hayat\u0131na devam ediyor. \u0130ki harika kediye, muhte\u015fem dostlara, \u015f\u00fck\u00fcr sebebi bir aileye sahip.<\/p>\n","protected":false},"excerpt":{"rendered":"<p>Bir varm\u0131\u015f bir yokmu\u015f\u2026 Oyuncu, e\u011fitmen ve hik\u00e2ye anlat\u0131c\u0131s\u0131 Sema \u00c7eker\u2019in kalbine; as\u0131rlard\u0131r s\u00fcregelen masal kal\u0131plar\u0131nda arka planda ve g\u00fc\u00e7s\u00fcz olarak resmedilen \u201ckad\u0131n\u201d karakterlerin hik\u00e2yelerini yeniden<span class=\"excerpt-hellip\"> [\u2026]<\/span><\/p>\n","protected":false},"featured_media":0,"template":"","meta":{"_monsterinsights_skip_tracking":false,"_monsterinsights_sitenote_active":false,"_monsterinsights_sitenote_note":"","_monsterinsights_sitenote_category":0},"product_brand":[],"product_cat":[12291,12711],"product_tag":[],"class_list":{"0":"post-741814","1":"product","2":"type-product","3":"status-publish","5":"product_cat-edebiyat","6":"product_cat-roman-oyku","7":"pa_cilt-ciltsiz","8":"pa_tur-kitap","9":"pa_yayinevi-inkilap-kitabevi","10":"pa_yazar-sema-ceker","12":"first","13":"instock","14":"sale","15":"shipping-taxable","16":"purchasable","17":"product-type-simple"},"_links":{"self":[{"href":"https:\/\/roveyayinevi.com.tr\/index.php\/wp-json\/wp\/v2\/product\/741814","targetHints":{"allow":["GET"]}}],"collection":[{"href":"https:\/\/roveyayinevi.com.tr\/index.php\/wp-json\/wp\/v2\/product"}],"about":[{"href":"https:\/\/roveyayinevi.com.tr\/index.php\/wp-json\/wp\/v2\/types\/product"}],"wp:attachment":[{"href":"https:\/\/roveyayinevi.com.tr\/index.php\/wp-json\/wp\/v2\/media?parent=741814"}],"wp:term":[{"taxonomy":"product_brand","embeddable":true,"href":"https:\/\/roveyayinevi.com.tr\/index.php\/wp-json\/wp\/v2\/product_brand?post=741814"},{"taxonomy":"product_cat","embeddable":true,"href":"https:\/\/roveyayinevi.com.tr\/index.php\/wp-json\/wp\/v2\/product_cat?post=741814"},{"taxonomy":"product_tag","embeddable":true,"href":"https:\/\/roveyayinevi.com.tr\/index.php\/wp-json\/wp\/v2\/product_tag?post=741814"}],"curies":[{"name":"wp","href":"https:\/\/api.w.org\/{rel}","templated":true}]}}