{"id":741813,"date":"2025-08-28T00:57:25","date_gmt":"2025-08-27T21:57:25","guid":{"rendered":"https:\/\/roveyayinevi.com.tr\/index.php\/urun\/bilim-apartmani\/"},"modified":"2026-04-16T02:52:54","modified_gmt":"2026-04-15T23:52:54","slug":"bilim-apartmani","status":"publish","type":"product","link":"https:\/\/roveyayinevi.com.tr\/index.php\/urun\/bilim-apartmani\/","title":{"rendered":"Bilim Apartman\u0131"},"content":{"rendered":"<p>Bilim Apartman\u0131\u2019n\u0131n bir g\u00fcn\u00fcne tan\u0131kl\u0131k edece\u011fimiz e\u011flenceli mi e\u011flenceli, renkli mi renkli sayfalar bizi bekliyor. Apartman\u0131n \u00f6zg\u00fcr kedisi \u00c7\u0131t\u00e7\u0131t, kendi barometrelerini yapan Leblebi ve \u00c7itlembik, kod yazan Tomurcuk Han\u0131m, ak\u0131ll\u0131 evlerinin tad\u0131n\u0131 \u00e7\u0131karan M\u00fcrd\u00fcm Bey ve Fiyonk Han\u0131m, P\u0131rasa Bey\u2019in tatl\u0131 bah\u00e7esi, gece uykusuyla b\u00fcy\u00fcyenler, g\u00fcne\u015f enerjisiyle bulu\u015fanlar, g\u00f6kta\u015f\u0131 ya\u011fmurunu bekleyenler ve daha nicesi bu apartmanda\u2026 Sayfalara gizlenmi\u015f \u015fifrelere, minik bulmacalara g\u00f6z atmay\u0131 da sak\u0131n unutma! *** Bilim Apartman\u0131\u2019na ho\u015f geldiniz! Apartman sakinleri bug\u00fcn evlerinde g\u00fcnl\u00fck i\u015fleriyle ilgileniyor. Biri evini s\u00fcp\u00fcr\u00fcyor, biri g\u00fcne\u015f f\u0131r\u0131n\u0131nda pizza pi\u015firiyor, biri bitkilerle kuma\u015f boyuyor&#8230; Farkl\u0131 i\u015fleri ve ilgi alanlar\u0131 olsa da buradaki herkesin ya\u015fant\u0131s\u0131nda bilim var. T\u0131pk\u0131 hepimizin ya\u015fant\u0131s\u0131nda oldu\u011fu gibi.   Kitaptan   \u015eakrak Han\u0131m ve Boncuk bah\u00e7eden toplad\u0131klar\u0131 salatal\u0131klarla tur\u015fu yap\u0131yor. Boncuk\u2019un babas\u0131 Turna Bey erken kalk\u0131p ekmek hamuru haz\u0131rlam\u0131\u015f. Bir s\u00fcre mayalanmas\u0131n\u0131 beklemi\u015f, sonra da f\u0131r\u0131na koymu\u015f. Pi\u015fen ekmekten \u00e7ok g\u00fczel kokular yay\u0131l\u0131yor. Tur\u015fu ve Ekmek Yap\u0131m\u0131nda Mikroorganizmalar \u0130\u015f Ba\u015f\u0131nda Tur\u015fu yapmak i\u00e7in sebze ve meyveler bir ay kadar tuzlu suyun i\u00e7inde hava almadan bekletilir. Sebze ve meyvelerin \u00fczerinde baz\u0131 mikroorganizmalar bulunur. Bu mikroorganizmalar\u0131n besini sebze ve meyvelerdeki \u015fekerlerdir. Mikroorganizmalar \u015fekerleri par\u00e7alarken bir \u00e7e\u015fit asit a\u00e7\u0131\u011fa \u00e7\u0131kar. Bu s\u0131rada yap\u0131s\u0131 ve tad\u0131 de\u011fi\u015fen sebze ve meyveler tur\u015fuya d\u00f6n\u00fc\u015f\u00fcr. A\u00e7\u0131\u011fa \u00e7\u0131kan asit ba\u015fka mikroorganizmalar\u0131n \u00e7o\u011falmas\u0131n\u0131 \u00f6nler. B\u00f6ylece sebze ve meyveler bozulmadan uzun s\u00fcre saklanabilir. Ekme\u011fin kabarmas\u0131 da maya ad\u0131 verilen ba\u015fka bir mikroorganizma t\u00fcr\u00fc sayesinde olur. Maya undaki \u015fekeri par\u00e7alar. Bu s\u0131rada karbondioksit gaz\u0131 a\u00e7\u0131\u011fa \u00e7\u0131kar. Bu gaz, hamurun i\u00e7inde kabarc\u0131klar\u0131n olu\u015fmas\u0131n\u0131 sa\u011flar. B\u00f6ylece hamur kabar\u0131r. Ekmek hamuru s\u0131cak f\u0131r\u0131na koyuldu\u011funda kabarc\u0131klardaki gaz \u0131s\u0131n\u0131r ve genle\u015fir. Kabarc\u0131klar daha da b\u00fcy\u00fcr. Bu da hamurun pi\u015ferken biraz daha kabarmas\u0131n\u0131 sa\u011flar. *** P\u0131rasa Bey ve Korni\u015fon bah\u00e7e kat\u0131nda ya\u015f\u0131yor. P\u0131rasa Bey\u2019in yeti\u015ftirdi\u011fi sebze ve meyvelere herkes bay\u0131l\u0131yor. \u00dcstelik bu sebze ve meyvelerin yeti\u015ftirilmesinde kom\u015fular\u0131n da katk\u0131s\u0131 var. Kom\u015fular, biriktirdikleri sebze ve meyve at\u0131klar\u0131n\u0131 getiriyorlar. P\u0131rasa Bey de bunlardan, bir \u00e7e\u015fit g\u00fcbre olan kompost yap\u0131yor. Sebze ve Meyve At\u0131klar\u0131ndan Kompost Topra\u011fa d\u00fc\u015fen yapraklar ve meyveler gibi bitki b\u00f6l\u00fcmleri mikroorganizmalar sayesinde zaman i\u00e7inde bile\u015fenlerine ayr\u0131\u015f\u0131r. Bu bile\u015fenler topra\u011fa kar\u0131\u015f\u0131r. B\u00f6ylece toprak, bitkilerin gereksinimi olan maddeler bak\u0131m\u0131ndan zenginle\u015fir. Evlerde biriktirilen bitkisel at\u0131klar da bah\u00e7elerdeki topra\u011f\u0131 zenginle\u015ftirmek i\u00e7in kullan\u0131labilir. Bu bitkisel at\u0131klar; kuru yapraklar, \u00e7imen, tala\u015f ve toprakla kar\u0131\u015ft\u0131r\u0131l\u0131r. Bu kar\u0131\u015f\u0131m ara s\u0131ra sulan\u0131r. Bu sayede mikroorganizmalar\u0131n h\u0131zla \u00e7o\u011falarak at\u0131klar\u0131 ayr\u0131\u015ft\u0131rabilmesi i\u00e7in uygun bir ortam olu\u015fur. Kar\u0131\u015f\u0131m, birka\u00e7 ay i\u00e7inde do\u011fal bir g\u00fcbreye yani bitki besinine d\u00f6n\u00fc\u015f\u00fcr. T\u0131pk\u0131 toprak gibi g\u00f6r\u00fcnen ve kokan bu g\u00fcbreye kompost denir. *** Kom\u015fudan yay\u0131lan ekmek kokusu Tomurcuk Han\u0131m\u2019\u0131n evine kadar ula\u015f\u0131yor. Tomurcuk Han\u0131m bilgisayar ba\u015f\u0131nda \u00e7al\u0131\u015f\u0131yor. Haz\u0131rlad\u0131\u011f\u0131 bilgisayar yaz\u0131l\u0131m\u0131n\u0131 Robo-\u00c7\u00f6p ad\u0131n\u0131 verdi\u011fi robota y\u00fckl\u00fcyor. Bu robot, apartmandaki daireleri dola\u015f\u0131p \u00e7\u00f6pleri toplayacak. Bilgisayar Yaz\u0131l\u0131mlar\u0131 ve Robotlar Robotlar, elektronik ve mekanik par\u00e7alar\u0131 olan makinelerdir. Programland\u0131klar\u0131nda \u00e7evrelerini alg\u0131layabilir, karar vermek i\u00e7in veri toplay\u0131p de\u011ferlendirme yapabilir ve belirli i\u015fleri yerine getirebilirler. Robotlar t\u00fcm bunlar\u0131 bilgisayar yaz\u0131l\u0131mlar\u0131 sayesinde yapar. Bir bilgisayar yaz\u0131l\u0131m\u0131 haz\u0131rlan\u0131rken \u00f6nce o i\u015fin yap\u0131lmas\u0131 i\u00e7in gereken komutlar ad\u0131m ad\u0131m yaz\u0131l\u0131r. Bu komutlar dizisine algoritma denir. Algoritmalar olu\u015fturulduktan sonra kodlar yaz\u0131l\u0131r. Bu kodlar robota aktar\u0131l\u0131r. Kodlar, robotlar\u0131n komutlar\u0131 alg\u0131lamalar\u0131n\u0131 ve tan\u0131mlanan i\u015fleri yapmalar\u0131n\u0131 sa\u011flar. Yazar Hakk\u0131nda:   Ku\u011fu, gece g\u00f6ky\u00fcz\u00fcnde parlak y\u0131ld\u0131zlar\u0131n olu\u015fturdu\u011fu en g\u00fczel tak\u0131my\u0131ld\u0131zlardan biri. Biz de bilimsel konularla ilgili yay\u0131nlar haz\u0131rlamak i\u00e7in bir araya gelmi\u015f bir tak\u0131m\u0131z. TAKIMYILDIZ olarak \u00e7ocuklar i\u00e7in \u00f6zg\u00fcn bilimsel i\u00e7erikler \u00fcretiyoruz.   TAKIMYILDIZ, uzun y\u0131llard\u0131r \u00fclkemizin \u00f6nde gelen pop\u00fcler bilim yay\u0131nlar\u0131n\u0131n haz\u0131rlanmas\u0131nda \u00e7al\u0131\u015fm\u0131\u015f deneyimli ki\u015filerden olu\u015fuyor. Yazarlar\u0131m\u0131zdan biri \u00e7ocuklar i\u00e7in g\u00fcvenli i\u00e7erik yarat\u0131c\u0131s\u0131 ve ayr\u0131nt\u0131larda kusursuzu arayan deneyimli bir edit\u00f6r. Biyolog, seramik\u00e7i ve do\u011fal boyamac\u0131. E\u011flenceli bilimsel oyunlar\u0131m\u0131z\u0131 kurgulayan yazar\u0131m\u0131zsa \u00e7ocuk geli\u015fimi uzman\u0131 ve hayallerinin pe\u015finden giden bir z\u0131pz\u0131p perisi. Do\u011fa, bilim ve sanattan esinlenen ba\u015fka bir yazar\u0131m\u0131zsa \u00f6zg\u00fcn i\u015fleriyle \u00e7evresine esin kayna\u011f\u0131 olan sanat\u00e7\u0131 bir ruh. Biyolog, ressam ve \u00e7izer. \u00c7ocuklara bilim anlatmada uzman bir di\u011fer yazar\u0131m\u0131z, onlara g\u00f6kbilimi sevdirmek amac\u0131yla \u00e7al\u0131\u015fan amat\u00f6r bir g\u00f6kbilimci. Fizik\u00e7i, g\u00f6zlemci ve do\u011fa insan\u0131. Tasar\u0131mc\u0131m\u0131z, bilimsel i\u00e7erikli yay\u0131nlar tasarlamada deneyimli, par\u00e7alar\u0131 yarat\u0131c\u0131 bir \u015fekilde birle\u015ftirip b\u00fct\u00fcn\u00fc yans\u0131tma konusunda bir usta. Gizli \u015fair, ya\u015fam\u0131 e\u011flenceyle dolduran i\u015f geli\u015ftirmeci. \u00c7izerimizse ne\u015feli \u00e7izgi kahramanlar\u0131n ve mutluluk veren reng\u00e2renk sayfalar\u0131n mimar\u0131. Yarat\u0131c\u0131 ve h\u0131zl\u0131 \u00e7al\u0131\u015fan bir ba\u015fkomik. M\u00fchendis, seramik\u00e7i.   TAKIMYILDIZ olarak \u00fcretti\u011fimiz \u00f6zg\u00fcn bilimsel i\u00e7erikleri, kolay anla\u015f\u0131l\u0131r ve ilgi \u00e7ekici metinlerle, zengin ve yarat\u0131c\u0131l\u0131k \u00fcr\u00fcn\u00fc g\u00f6rsellerle, e\u011flenceli etkinlikler ve oyunlarla birlikte sunuyoruz. \u00c7al\u0131\u015fmalar\u0131m\u0131z ve eserlerimizle her ya\u015ftan \u00e7ocu\u011fun merak, ara\u015ft\u0131rma ve ke\u015fif heyecan\u0131na ortak oluyoruz. <\/p>\n","protected":false},"excerpt":{"rendered":"<p>Bilim Apartman\u0131\u2019n\u0131n bir g\u00fcn\u00fcne tan\u0131kl\u0131k edece\u011fimiz e\u011flenceli mi e\u011flenceli, renkli mi renkli sayfalar bizi bekliyor. Apartman\u0131n \u00f6zg\u00fcr kedisi \u00c7\u0131t\u00e7\u0131t, kendi barometrelerini yapan Leblebi ve \u00c7itlembik, kod<span class=\"excerpt-hellip\"> [\u2026]<\/span><\/p>\n","protected":false},"featured_media":0,"template":"","meta":{"_monsterinsights_skip_tracking":false,"_monsterinsights_sitenote_active":false,"_monsterinsights_sitenote_note":"","_monsterinsights_sitenote_category":0},"product_brand":[],"product_cat":[12274,15842],"product_tag":[],"class_list":{"0":"post-741813","1":"product","2":"type-product","3":"status-publish","5":"product_cat-cocuk-ve-genclik-kitaplari","6":"product_cat-egitici-kitaplar","7":"pa_cilt-ciltsiz","8":"pa_tur-kitap","9":"pa_yayinevi-elma-cocuk","10":"pa_yazar-takimyildiz","12":"first","13":"instock","14":"sale","15":"shipping-taxable","16":"purchasable","17":"product-type-simple"},"_links":{"self":[{"href":"https:\/\/roveyayinevi.com.tr\/index.php\/wp-json\/wp\/v2\/product\/741813","targetHints":{"allow":["GET"]}}],"collection":[{"href":"https:\/\/roveyayinevi.com.tr\/index.php\/wp-json\/wp\/v2\/product"}],"about":[{"href":"https:\/\/roveyayinevi.com.tr\/index.php\/wp-json\/wp\/v2\/types\/product"}],"wp:attachment":[{"href":"https:\/\/roveyayinevi.com.tr\/index.php\/wp-json\/wp\/v2\/media?parent=741813"}],"wp:term":[{"taxonomy":"product_brand","embeddable":true,"href":"https:\/\/roveyayinevi.com.tr\/index.php\/wp-json\/wp\/v2\/product_brand?post=741813"},{"taxonomy":"product_cat","embeddable":true,"href":"https:\/\/roveyayinevi.com.tr\/index.php\/wp-json\/wp\/v2\/product_cat?post=741813"},{"taxonomy":"product_tag","embeddable":true,"href":"https:\/\/roveyayinevi.com.tr\/index.php\/wp-json\/wp\/v2\/product_tag?post=741813"}],"curies":[{"name":"wp","href":"https:\/\/api.w.org\/{rel}","templated":true}]}}