{"id":741812,"date":"2025-08-28T00:57:23","date_gmt":"2025-08-27T21:57:23","guid":{"rendered":"https:\/\/roveyayinevi.com.tr\/index.php\/urun\/yedi-guzel-adam\/"},"modified":"2026-04-16T02:52:54","modified_gmt":"2026-04-15T23:52:54","slug":"yedi-guzel-adam","status":"publish","type":"product","link":"https:\/\/roveyayinevi.com.tr\/index.php\/urun\/yedi-guzel-adam\/","title":{"rendered":"Yedi G\u00fczel Adam"},"content":{"rendered":"<p>Hayret ve varolma t\u0131kand\u0131 Hayret ve hay\u00e2 t\u0131kand\u0131 Hayret ve hayret ve hayret \u0130lk kez geriye d\u00f6nmek gerekiyor   Da\u011flar\u0131 yoklad\u0131n\u0131z m\u0131 dilsiz duranlar\u0131 Bir de kulak kesilince Da\u011f konu\u015fur &#8211; Hay\u0131r konu\u015fmaz m\u0131<\/p>\n","protected":false},"excerpt":{"rendered":"<p>Hayret ve varolma t\u0131kand\u0131 Hayret ve hay\u00e2 t\u0131kand\u0131 Hayret ve hayret ve hayret \u0130lk kez geriye d\u00f6nmek gerekiyor Da\u011flar\u0131 yoklad\u0131n\u0131z m\u0131 dilsiz duranlar\u0131 Bir de kulak<span class=\"excerpt-hellip\"> [\u2026]<\/span><\/p>\n","protected":false},"featured_media":0,"template":"","meta":{"_monsterinsights_skip_tracking":false,"_monsterinsights_sitenote_active":false,"_monsterinsights_sitenote_note":"","_monsterinsights_sitenote_category":0},"product_brand":[],"product_cat":[12291,12509],"product_tag":[],"class_list":{"0":"post-741812","1":"product","2":"type-product","3":"status-publish","5":"product_cat-edebiyat","6":"product_cat-siir","7":"pa_cilt-ciltsiz","8":"pa_tur-kitap","9":"pa_yayinevi-ketebe-yayinlari","10":"pa_yazar-cahit-zarifoglu","12":"first","13":"instock","14":"sale","15":"shipping-taxable","16":"purchasable","17":"product-type-simple"},"_links":{"self":[{"href":"https:\/\/roveyayinevi.com.tr\/index.php\/wp-json\/wp\/v2\/product\/741812","targetHints":{"allow":["GET"]}}],"collection":[{"href":"https:\/\/roveyayinevi.com.tr\/index.php\/wp-json\/wp\/v2\/product"}],"about":[{"href":"https:\/\/roveyayinevi.com.tr\/index.php\/wp-json\/wp\/v2\/types\/product"}],"wp:attachment":[{"href":"https:\/\/roveyayinevi.com.tr\/index.php\/wp-json\/wp\/v2\/media?parent=741812"}],"wp:term":[{"taxonomy":"product_brand","embeddable":true,"href":"https:\/\/roveyayinevi.com.tr\/index.php\/wp-json\/wp\/v2\/product_brand?post=741812"},{"taxonomy":"product_cat","embeddable":true,"href":"https:\/\/roveyayinevi.com.tr\/index.php\/wp-json\/wp\/v2\/product_cat?post=741812"},{"taxonomy":"product_tag","embeddable":true,"href":"https:\/\/roveyayinevi.com.tr\/index.php\/wp-json\/wp\/v2\/product_tag?post=741812"}],"curies":[{"name":"wp","href":"https:\/\/api.w.org\/{rel}","templated":true}]}}