{"id":741809,"date":"2025-08-28T00:57:19","date_gmt":"2025-08-27T21:57:19","guid":{"rendered":"https:\/\/roveyayinevi.com.tr\/index.php\/urun\/menziller\/"},"modified":"2026-04-16T02:52:54","modified_gmt":"2026-04-15T23:52:54","slug":"menziller","status":"publish","type":"product","link":"https:\/\/roveyayinevi.com.tr\/index.php\/urun\/menziller\/","title":{"rendered":"Menziller"},"content":{"rendered":"<p>S\u00f6zu\u0308n ve yolun ba\u015f \u00e7e\u015fmesi ruhumun Can\u0131m i\u00e7re sevin\u00e7 verir s\u00f6zlerin   Bakt\u0131\u011f\u0131n da\u011flar\u0131n du\u0308\u015fu\u0308ncesi bile a\u011flat\u0131r beni Hu\u0308r olurum buyruklar\u0131n\u0131 bir bir donansam sultan\u0131m.   A\u015fk\u0131n bin g\u00f6zlu\u0308 devasa bir ba\u015f imi\u015f Yur her birini uykulardan sohbetin   Dinlen ey Zarif bilatedbir \u00e7ok s\u00f6z a\u00e7t\u0131n Bu k\u0131r\u0131k ak\u0131lla ne cu\u0308rettir yapt\u0131\u011f\u0131n <\/p>\n","protected":false},"excerpt":{"rendered":"<p>S\u00f6zu\u0308n ve yolun ba\u015f \u00e7e\u015fmesi ruhumun Can\u0131m i\u00e7re sevin\u00e7 verir s\u00f6zlerin Bakt\u0131\u011f\u0131n da\u011flar\u0131n du\u0308\u015fu\u0308ncesi bile a\u011flat\u0131r beni Hu\u0308r olurum buyruklar\u0131n\u0131 bir bir donansam sultan\u0131m. A\u015fk\u0131n bin<span class=\"excerpt-hellip\"> [\u2026]<\/span><\/p>\n","protected":false},"featured_media":0,"template":"","meta":{"_monsterinsights_skip_tracking":false,"_monsterinsights_sitenote_active":false,"_monsterinsights_sitenote_note":"","_monsterinsights_sitenote_category":0},"product_brand":[],"product_cat":[12291,12509],"product_tag":[],"class_list":{"0":"post-741809","1":"product","2":"type-product","3":"status-publish","5":"product_cat-edebiyat","6":"product_cat-siir","7":"pa_cilt-ciltsiz","8":"pa_tur-kitap","9":"pa_yayinevi-ketebe-yayinlari","10":"pa_yazar-cahit-zarifoglu","12":"first","13":"instock","14":"sale","15":"shipping-taxable","16":"purchasable","17":"product-type-simple"},"_links":{"self":[{"href":"https:\/\/roveyayinevi.com.tr\/index.php\/wp-json\/wp\/v2\/product\/741809","targetHints":{"allow":["GET"]}}],"collection":[{"href":"https:\/\/roveyayinevi.com.tr\/index.php\/wp-json\/wp\/v2\/product"}],"about":[{"href":"https:\/\/roveyayinevi.com.tr\/index.php\/wp-json\/wp\/v2\/types\/product"}],"wp:attachment":[{"href":"https:\/\/roveyayinevi.com.tr\/index.php\/wp-json\/wp\/v2\/media?parent=741809"}],"wp:term":[{"taxonomy":"product_brand","embeddable":true,"href":"https:\/\/roveyayinevi.com.tr\/index.php\/wp-json\/wp\/v2\/product_brand?post=741809"},{"taxonomy":"product_cat","embeddable":true,"href":"https:\/\/roveyayinevi.com.tr\/index.php\/wp-json\/wp\/v2\/product_cat?post=741809"},{"taxonomy":"product_tag","embeddable":true,"href":"https:\/\/roveyayinevi.com.tr\/index.php\/wp-json\/wp\/v2\/product_tag?post=741809"}],"curies":[{"name":"wp","href":"https:\/\/api.w.org\/{rel}","templated":true}]}}