{"id":741807,"date":"2025-08-28T00:57:16","date_gmt":"2025-08-27T21:57:16","guid":{"rendered":"https:\/\/roveyayinevi.com.tr\/index.php\/urun\/isaret-cocuklari\/"},"modified":"2026-04-16T02:52:54","modified_gmt":"2026-04-15T23:52:54","slug":"isaret-cocuklari","status":"publish","type":"product","link":"https:\/\/roveyayinevi.com.tr\/index.php\/urun\/isaret-cocuklari\/","title":{"rendered":"\u0130\u015faret \u00c7ocuklar\u0131"},"content":{"rendered":"<p>Uzun bir ge\u00e7mi\u015fimiz var Hi\u00e7 yorulmadan En az\u0131ndan bir kere e\u011flenceli be\u015fik   ha biz var\u0131z ha biz maskeli balo Sayg\u0131ya durup u\u0308stu\u0308n bir gecede Bir s\u0131r pay\u0131 katlay\u0131p sade bir kahveden Keyifsiz bir detay\u0131n hu\u0308kmu\u0308yle ha biz yokuz ha biz seferde   Ya bu kez \u00f6lenleri g\u00f6rmeliysek Ya sen ku\u015f olup gitmeliysen bir trenle<\/p>\n","protected":false},"excerpt":{"rendered":"<p>Uzun bir ge\u00e7mi\u015fimiz var Hi\u00e7 yorulmadan En az\u0131ndan bir kere e\u011flenceli be\u015fik ha biz var\u0131z ha biz maskeli balo Sayg\u0131ya durup u\u0308stu\u0308n bir gecede Bir s\u0131r<span class=\"excerpt-hellip\"> [\u2026]<\/span><\/p>\n","protected":false},"featured_media":0,"template":"","meta":{"_monsterinsights_skip_tracking":false,"_monsterinsights_sitenote_active":false,"_monsterinsights_sitenote_note":"","_monsterinsights_sitenote_category":0},"product_brand":[],"product_cat":[12291,12509],"product_tag":[],"class_list":{"0":"post-741807","1":"product","2":"type-product","3":"status-publish","5":"product_cat-edebiyat","6":"product_cat-siir","7":"pa_cilt-ciltsiz","8":"pa_tur-kitap","9":"pa_yayinevi-ketebe-yayinlari","10":"pa_yazar-cahit-zarifoglu","12":"first","13":"instock","14":"sale","15":"shipping-taxable","16":"purchasable","17":"product-type-simple"},"_links":{"self":[{"href":"https:\/\/roveyayinevi.com.tr\/index.php\/wp-json\/wp\/v2\/product\/741807","targetHints":{"allow":["GET"]}}],"collection":[{"href":"https:\/\/roveyayinevi.com.tr\/index.php\/wp-json\/wp\/v2\/product"}],"about":[{"href":"https:\/\/roveyayinevi.com.tr\/index.php\/wp-json\/wp\/v2\/types\/product"}],"wp:attachment":[{"href":"https:\/\/roveyayinevi.com.tr\/index.php\/wp-json\/wp\/v2\/media?parent=741807"}],"wp:term":[{"taxonomy":"product_brand","embeddable":true,"href":"https:\/\/roveyayinevi.com.tr\/index.php\/wp-json\/wp\/v2\/product_brand?post=741807"},{"taxonomy":"product_cat","embeddable":true,"href":"https:\/\/roveyayinevi.com.tr\/index.php\/wp-json\/wp\/v2\/product_cat?post=741807"},{"taxonomy":"product_tag","embeddable":true,"href":"https:\/\/roveyayinevi.com.tr\/index.php\/wp-json\/wp\/v2\/product_tag?post=741807"}],"curies":[{"name":"wp","href":"https:\/\/api.w.org\/{rel}","templated":true}]}}