{"id":741806,"date":"2025-08-28T00:57:14","date_gmt":"2025-08-27T21:57:14","guid":{"rendered":"https:\/\/roveyayinevi.com.tr\/index.php\/urun\/ins-2\/"},"modified":"2026-04-16T02:52:54","modified_gmt":"2026-04-15T23:52:54","slug":"ins-2","status":"publish","type":"product","link":"https:\/\/roveyayinevi.com.tr\/index.php\/urun\/ins-2\/","title":{"rendered":"\u0130ns"},"content":{"rendered":"<p>Her \u00f6yku\u0308su\u0308nde binbir yazg\u0131y\u0131, korkuyu ve sesi bar\u0131nd\u0131ran Cahit Zarifo\u011flu\u2019nun du\u0308\u015flerden, ya\u015famdan ve kendi \u015fiirinden yonttu\u011fu \u0130ns, hurufat\u0131 okuyabilenler i\u00e7in s\u0131rr\u0131 d\u00f6ku\u0308lmu\u0308\u015f bir ayna cismiyle var oluyor. Kimi zaman mek\u00e2n\u0131 ve \u00e2n\u0131 bizzat mu\u0308phemle\u015ftirirken kimi zaman da ya\u015fam\u0131n u\u0308rpertici ger\u00e7ekli\u011fiyle yu\u0308zle\u015ftiriyor bizi. \u015eairin o kendine has bak\u0131\u015f\u0131 ve du\u0308nyay\u0131 hik\u00e2ye edi\u015f bi\u00e7imiyle kar\u015f\u0131la\u015ft\u0131\u011f\u0131m\u0131zda tutkulu okurlar\u0131 olarak sendeliyor ve bu g\u00f6rkemli sesin bu\u0308yu\u0308su\u0308ne kap\u0131lmaktan kendimizi alam\u0131yoruz. Telefon tellerine tak\u0131lan \u00e7ocuk u\u00e7urtmalar\u0131 gibi vagonun penceresinden sarkan elini \u00e7ek, ceketinin cebine sok, beni kabullen, kendini yan\u0131na al, gidelim.<\/p>\n","protected":false},"excerpt":{"rendered":"<p>Her \u00f6yku\u0308su\u0308nde binbir yazg\u0131y\u0131, korkuyu ve sesi bar\u0131nd\u0131ran Cahit Zarifo\u011flu\u2019nun du\u0308\u015flerden, ya\u015famdan ve kendi \u015fiirinden yonttu\u011fu \u0130ns, hurufat\u0131 okuyabilenler i\u00e7in s\u0131rr\u0131 d\u00f6ku\u0308lmu\u0308\u015f bir ayna cismiyle var<span class=\"excerpt-hellip\"> [\u2026]<\/span><\/p>\n","protected":false},"featured_media":0,"template":"","meta":{"_monsterinsights_skip_tracking":false,"_monsterinsights_sitenote_active":false,"_monsterinsights_sitenote_note":"","_monsterinsights_sitenote_category":0},"product_brand":[],"product_cat":[12291,12711],"product_tag":[],"class_list":{"0":"post-741806","1":"product","2":"type-product","3":"status-publish","5":"product_cat-edebiyat","6":"product_cat-roman-oyku","7":"pa_cilt-ciltsiz","8":"pa_tur-kitap","9":"pa_yayinevi-ketebe-yayinlari","10":"pa_yazar-cahit-zarifoglu","12":"first","13":"instock","14":"sale","15":"shipping-taxable","16":"purchasable","17":"product-type-simple"},"_links":{"self":[{"href":"https:\/\/roveyayinevi.com.tr\/index.php\/wp-json\/wp\/v2\/product\/741806","targetHints":{"allow":["GET"]}}],"collection":[{"href":"https:\/\/roveyayinevi.com.tr\/index.php\/wp-json\/wp\/v2\/product"}],"about":[{"href":"https:\/\/roveyayinevi.com.tr\/index.php\/wp-json\/wp\/v2\/types\/product"}],"wp:attachment":[{"href":"https:\/\/roveyayinevi.com.tr\/index.php\/wp-json\/wp\/v2\/media?parent=741806"}],"wp:term":[{"taxonomy":"product_brand","embeddable":true,"href":"https:\/\/roveyayinevi.com.tr\/index.php\/wp-json\/wp\/v2\/product_brand?post=741806"},{"taxonomy":"product_cat","embeddable":true,"href":"https:\/\/roveyayinevi.com.tr\/index.php\/wp-json\/wp\/v2\/product_cat?post=741806"},{"taxonomy":"product_tag","embeddable":true,"href":"https:\/\/roveyayinevi.com.tr\/index.php\/wp-json\/wp\/v2\/product_tag?post=741806"}],"curies":[{"name":"wp","href":"https:\/\/api.w.org\/{rel}","templated":true}]}}