{"id":741805,"date":"2025-08-28T00:57:13","date_gmt":"2025-08-27T21:57:13","guid":{"rendered":"https:\/\/roveyayinevi.com.tr\/index.php\/urun\/bir-degirmendir-bu-dunya\/"},"modified":"2026-04-16T02:52:54","modified_gmt":"2026-04-15T23:52:54","slug":"bir-degirmendir-bu-dunya","status":"publish","type":"product","link":"https:\/\/roveyayinevi.com.tr\/index.php\/urun\/bir-degirmendir-bu-dunya\/","title":{"rendered":"Bir De\u011firmendir Bu D\u00fcnya"},"content":{"rendered":"<p>Unuttu\u011fumuz ve bulmak istedi\u011fimiz k\u00f6klerimiz nerede? Maddile\u015fen du\u0308nyada ki\u015fili\u011fimizin olu\u015ftu\u011fu o kayna\u011fa d\u00f6nebilecek miyiz? Du\u0308nya de\u011firmeni bizi \u00f6\u011fu\u0308tmeden evvel bu yolculu\u011fun amac\u0131n\u0131 hat\u0131rlayabilecek miyiz? Bir De\u011firmendir Bu Du\u0308nya, Cahit Zarifo\u011flu\u2019nun k\u0131vrak zek\u00e2s\u0131 ve ince yetenekleriyle kurdu\u011fu bir \u00e7a\u011fr\u0131\u015f\u0131mlar evreni. Bilgi ve du\u0308\u015fu\u0308ncelerini maharetle bir araya getiren, olaylar\u0131n ve e\u015fyan\u0131n arkas\u0131ndaki manaya, hayranl\u0131k uyand\u0131ran bir muhakeme yetene\u011fi ve hayal gu\u0308cu\u0308yle bakan Zarifo\u011flu, okurlar\u0131n\u0131 da zengin hayaller pe\u015finde bir yolculu\u011fa davet ediyor. Ben, bende olup bitenleri, kurt kapanlar\u0131yla dolu labirentimi, kara bulutumu, sa\u00e7\u0131n\u0131 \u00e7\u0131karmas\u0131n\u0131 bekledi\u011fim gu\u0308ne\u015fimi, kendi de\u011firmenimi enine boyuna anlatt\u0131m gibiyim. Siz de kendi labirentinizde \u00e7\u0131kmazlarda yan\u0131l\u0131p d\u00f6nerken bakars\u0131n\u0131z kar\u015f\u0131 kar\u015f\u0131ya geliveririz. Selamla\u015fmam\u0131z, kucakla\u015fmam\u0131z, deneyimlerimizi birbirimize aktarmam\u0131z ve \u00e7\u0131k\u0131\u015f\u0131 birlikte bulup labirenti deneycinin ba\u015f\u0131na indirmemiz i\u00e7in belki de gu\u0308\u00e7birli\u011fi yapar\u0131z. Bundan b\u00f6yle, ne dersiniz?<\/p>\n","protected":false},"excerpt":{"rendered":"<p>Unuttu\u011fumuz ve bulmak istedi\u011fimiz k\u00f6klerimiz nerede? Maddile\u015fen du\u0308nyada ki\u015fili\u011fimizin olu\u015ftu\u011fu o kayna\u011fa d\u00f6nebilecek miyiz? Du\u0308nya de\u011firmeni bizi \u00f6\u011fu\u0308tmeden evvel bu yolculu\u011fun amac\u0131n\u0131 hat\u0131rlayabilecek miyiz? Bir De\u011firmendir<span class=\"excerpt-hellip\"> [\u2026]<\/span><\/p>\n","protected":false},"featured_media":0,"template":"","meta":{"_monsterinsights_skip_tracking":false,"_monsterinsights_sitenote_active":false,"_monsterinsights_sitenote_note":"","_monsterinsights_sitenote_category":0},"product_brand":[],"product_cat":[12777,12291],"product_tag":[],"class_list":{"0":"post-741805","1":"product","2":"type-product","3":"status-publish","5":"product_cat-deneme","6":"product_cat-edebiyat","7":"pa_cilt-ciltsiz","8":"pa_tur-kitap","9":"pa_yayinevi-ketebe-yayinlari","10":"pa_yazar-cahit-zarifoglu","12":"first","13":"instock","14":"sale","15":"shipping-taxable","16":"purchasable","17":"product-type-simple"},"_links":{"self":[{"href":"https:\/\/roveyayinevi.com.tr\/index.php\/wp-json\/wp\/v2\/product\/741805","targetHints":{"allow":["GET"]}}],"collection":[{"href":"https:\/\/roveyayinevi.com.tr\/index.php\/wp-json\/wp\/v2\/product"}],"about":[{"href":"https:\/\/roveyayinevi.com.tr\/index.php\/wp-json\/wp\/v2\/types\/product"}],"wp:attachment":[{"href":"https:\/\/roveyayinevi.com.tr\/index.php\/wp-json\/wp\/v2\/media?parent=741805"}],"wp:term":[{"taxonomy":"product_brand","embeddable":true,"href":"https:\/\/roveyayinevi.com.tr\/index.php\/wp-json\/wp\/v2\/product_brand?post=741805"},{"taxonomy":"product_cat","embeddable":true,"href":"https:\/\/roveyayinevi.com.tr\/index.php\/wp-json\/wp\/v2\/product_cat?post=741805"},{"taxonomy":"product_tag","embeddable":true,"href":"https:\/\/roveyayinevi.com.tr\/index.php\/wp-json\/wp\/v2\/product_tag?post=741805"}],"curies":[{"name":"wp","href":"https:\/\/api.w.org\/{rel}","templated":true}]}}